{"id":242885,"date":"2025-03-20T15:12:55","date_gmt":"2025-03-20T15:12:55","guid":{"rendered":"https:\/\/aromasentia.com\/product\/organic-coconut-oil-1-litre\/"},"modified":"2025-12-30T20:41:46","modified_gmt":"2025-12-30T20:41:46","slug":"organic-coconut-oil-1-litre","status":"publish","type":"product","link":"https:\/\/aromasentia.com\/de\/organic-coconut-oil-1-litre\/","title":{"rendered":"Organic Coconut Oil 1 Litre"},"content":{"rendered":"<p><strong><span style=\"color: rgb(75, 80, 88);\">Tr\u00e4ger\u00f6le<\/span><\/strong><span style=\"color: rgb(75, 80, 88);\">, oft auch als Basis\u00f6le bezeichnet, sind \u00d6le, mit denen \u00e4therische \u00d6le oder Duft\u00f6le verd\u00fcnnt und in die Haut \u201eeingetragen\u201c werden k\u00f6nnen.<\/span><\/p>\n<p><span style=\"color: rgb(75, 80, 88);\">Das von uns verkaufte Bio-Kokosnuss-Tr\u00e4ger\u00f6l ist hochwertig und kaltgepresst, sodass Sie das aktivste, wirksamste und umweltfreundlichste Sch\u00f6nheits-, Aromatherapie- oder Kosmetikprodukt erhalten, das man f\u00fcr Geld bekommen kann. Sie sind <strong>frei von Pestiziden, Herbiziden und synthetischen D\u00fcngemitteln<\/strong> und gelten daher als sicher f\u00fcr die Umwelt und in kosmetischen Formulierungen.&nbsp;<\/span><\/p>\n<p><span style=\"color: rgb(75, 80, 88);\">Traubenkern\u00f6l ist f\u00fcr seine nicht komedogenen und antioxidativen Eigenschaften bekannt, was es zu einem perfekten Feuchtigkeitsspender macht, der die Poren nicht verstopft und gleichzeitig die Elastizit\u00e4t und Weichheit der Haut verbessert.<\/span><\/p>\n<p><span style=\"color: rgb(75, 80, 88);\"><strong>Lateinischer Name:&nbsp;<\/strong>Cocos nucifera <br style=\"font-style: normal; font-variant-ligatures: normal; font-variant-caps: normal; font-weight: 400; letter-spacing: normal; orphans: 2; text-align: start; text-indent: 0px; Texttransformation: keine; Hurenkinder: 2; Wortabstand: 0px; -webkit-Textstrichbreite: 0px; Leerraum: Vorumbruch; Textdekorationsdicke: initial; Textdekorationsstil: initial; Textdekorationsfarbe: initial; Rahmen: 0px durchgehend rgb(227, 227, 227); Boxgr\u00f6\u00dfe: Rahmenbox; --tw-Randabstand-x: 0; --tw-Randabstand-y: 0; --tw-\u00dcbersetzung-x: 0; --tw-\u00dcbersetzung-y: 0; --tw-Drehung: 0; --tw-Schiefe-x: 0; --tw-Schiefe-y: 0; --tw-Skalierung-x: 1; --tw-Skalierung-y: 1; --tw-pan-x: ; --tw-pan-y: ; --tw-pinch-zoom: ; --tw-scroll-snap-strictness: N\u00e4he; --tw-gradient-from-position: ; --tw-gradient-via-position: ; --tw-gradient-to-position: ; --tw-ordinal: ; --tw-slashed-zero: ; --tw-numeric-figure: ; --tw-numeric-spacing: ; --tw-numeric-fraction: ; --tw-ring-inset: ; --tw-ring-offset-width: 0px; --tw-ring-offset-color: #fff; --tw-ring-color: rgba(69,89,164,.5); --tw-ring-offset-shadow: 0 0 transparent; --tw-ring-shadow: 0 0 transparent; --tw-shadow: 0 0 transparent; --tw-shadow-colored: 0 0 transparent; --tw-blur: ; --tw-brightness: ; --tw-contrast: ; --tw-grayscale: ; --tw-hue-rotate: ; --tw-invert: ; --tw-saturate: ; --tw-sepia: ; --tw-drop-shadow: ; --tw-backdrop-blur: ; --tw-backdrop-brightness: ; --tw-backdrop-contrast: ; --tw-backdrop-grayscale: ; --tw-backdrop-hue-rotate: ; --tw-backdrop-invert: ; --tw-backdrop-opacity: ; --tw-backdrop-saturate: ; --tw-backdrop-sepia: ; Farbe: rgb(13, 13, 13); Schriftfamilie: S\u00f6hne, ui-sans-serif, system-ui, -apple-system, \u201eSegoe UI\u201c, Roboto, Ubuntu, Cantarell, \u201eNoto Sans\u201c, sans-serif, \u201eHelvetica Neue\u201c, Arial, \u201eApple Color Emoji\u201c, \u201eSegoe UI Emoji\u201c, \u201eSegoe UI Symbol\u201c, \u201eNoto Color Emoji\u201c; Schriftgr\u00f6\u00dfe: 16px; Hintergrundfarbe: rgb(255, 255, 255);\"><strong>Quelle:<\/strong> Kokosnussfleisch <br style=\"font-style: normal; Schriftvarianten-Ligaturen: normal; Schriftvarianten-Gro\u00dfbuchstaben: normal; Schriftst\u00e4rke: 400; Buchstabenabstand: normal; Waisen: 2; Textausrichtung: Start; Texteinzug: 0px; Texttransformation: keine; Hurenkinder: 2; Wortabstand: 0px; -WebKit-Textstrichbreite: 0px; Leerraum: Vorumbruch; Textdekorationsdicke: initial; Textdekorationsstil: initial; Textdekorationsfarbe: initial; Rahmen: 0px durchgezogenes RGB (227, 227, 227); Boxgr\u00f6\u00dfe: Rahmenbox; --tw-Randabstand-x: 0; --tw-Randabstand-y: 0; --tw-\u00dcbersetzung-x: 0; --tw-\u00dcbersetzung-y: 0; --tw-rotate: 0; --tw-skew-x: 0; --tw-skew-y: 0; --tw-scale-x: 1; --tw-scale-y: 1; --tw-pan-x: ; --tw-pan-y: ; --tw-pinch-zoom: ; --tw-scroll-snap-strictness: N\u00e4he; --tw-gradient-from-position: ; --tw-gradient-via-position: ; --tw-gradient-to-position: ; --tw-ordinal: ; --tw-slashed-zero: ; --tw-numeric-figure: ; --tw-numeric-spacing: ; --tw-numeric-fraction: ; --tw-ring-inset: ; --tw-ring-offset-width: 0px; --tw-ring-offset-color: #fff; --tw-ring-color: rgba(69,89,164,.5); --tw-ring-offset-shadow: 0 0 transparent; --tw-ring-shadow: 0 0 transparent; --tw-shadow: 0 0 transparent; --tw-shadow-colored: 0 0 transparent; --tw-blur: ; --tw-brightness: ; --tw-contrast: ; --tw-grayscale: ; --tw-hue-rotate: ; --tw-invert: ; --tw-saturate: ; --tw-sepia: ; --tw-drop-shadow: ; --tw-backdrop-blur: ; --tw-backdrop-brightness: ; --tw-backdrop-contrast: ; --tw-backdrop-grayscale: ; --tw-backdrop-hue-rotate: ; --tw-backdrop-invert: ; --tw-backdrop-opacity: ; --tw-backdrop-saturate: ; --tw-backdrop-sepia: ; Farbe: rgb(13, 13, 13); font-family: S\u00f6hne, ui-sans-serif, system-ui, -apple-system, \u201eSegoe UI\u201c, Roboto, Ubuntu, Cantarell, \u201eNoto Sans\u201c, sans-serif, \u201eHelvetica Neue\u201c, Arial, \u201eApple Color Emoji\u201c, \u201eSegoe UI Emoji\u201c, \u201eSegoe UI Symbol\u201c, \u201eNoto Color Emoji\u201c; font-size: 16px; background-color: rgb(255, 255, 255);\"><strong>Vorteile:&nbsp;<\/strong>Spendet tiefenwirksam Feuchtigkeit, st\u00e4rkt die Hautbarriere und wirkt entz\u00fcndungshemmend. <br style=\"font-style: normal; font-variant-ligatures: normal; font-variant-caps: normal; font-weight: 400; letter-spacing: normal; Waisen: 2; Textausrichtung: Start; Texteinzug: 0px; Texttransformation: keine; Hurenkinder: 2; Wortabstand: 0px; -WebKit-Textstrichbreite: 0px; Leerraum: Vorumbruch; Textdekorationsdicke: anf\u00e4nglich; Textdekorationsstil: anf\u00e4nglich; Textdekorationsfarbe: anf\u00e4nglich; Rahmen: 0px durchgehend rgb(227, 227, 227); Boxgr\u00f6\u00dfe: Rahmenbox; --tw-Randabstand-x: 0; --tw-Randabstand-y: 0; --tw-\u00dcbersetzung-x: 0; --tw-\u00dcbersetzung-y: 0; --tw-Drehung: 0; --tw-Schiefe-x: 0; --tw-Schiefe-y: 0; --tw-scale-x: 1; --tw-scale-y: 1; --tw-pan-x: ; --tw-pan-y: ; --tw-pinch-zoom: ; --tw-scroll-snap-strictness: N\u00e4he; --tw-gradient-from-position: ; --tw-gradient-via-position: ; --tw-gradient-to-position: ; --tw-ordinal: ; --tw-slashed-zero: ; --tw-numeric-figure: ; --tw-numeric-spacing: ; --tw-numeric-fraction: ; --tw-ring-inset: ; --tw-ring-offset-width: 0px; --tw-ring-offset-color: #fff; --tw-ring-color: rgba(69,89,164,.5); --tw-ring-offset-shadow: 0 0 transparent; --tw-ring-shadow: 0 0 transparent; --tw-shadow: 0 0 transparent; --tw-shadow-colored: 0 0 transparent; --tw-blur: ; --tw-brightness: ; --tw-contrast: ; --tw-grayscale: ; --tw-hue-rotate: ; --tw-invert: ; --tw-saturate: ; --tw-sepia: ; --tw-drop-shadow: ; --tw-backdrop-blur: ; --tw-backdrop-brightness: ; --tw-backdrop-contrast: ; --tw-backdrop-grayscale: ; --tw-backdrop-hue-rotate: ; --tw-backdrop-invert: ; --tw-backdrop-opacity: ; --tw-backdrop-saturate: ; --tw-backdrop-sepia: ; Farbe: rgb(13, 13, 13); Schriftfamilie: S\u00f6hne, ui-sans-serif, system-ui, -apple-system, \u201eSegoe UI\u201c, Roboto, Ubuntu, Cantarell, \u201eNoto Sans\u201c, sans-serif, \u201eHelvetica Neue\u201c, Arial, \u201eApple Color Emoji\u201c, \u201eSegoe UI Emoji\u201c, \u201eSegoe UI Symbol\u201c, \u201eNoto Color Emoji\u201c; Schriftgr\u00f6\u00dfe: 16px; Hintergrundfarbe: rgb(255, 255, 255);\"><strong>Hauttyp:<\/strong> Am besten f\u00fcr trockene, gereizte oder empfindliche Haut. <\/span><\/p>\n","protected":false},"excerpt":{"rendered":"<p>Tr\u00e4ger\u00f6le, oft auch als Basis\u00f6le bezeichnet, sind \u00d6le, mit denen \u00e4therische \u00d6le oder Duft\u00f6le verd\u00fcnnt und in die Haut \u201eeingetragen\u201c werden k\u00f6nnen. Das von uns verkaufte Bio-Kokosnuss-Tr\u00e4ger\u00f6l ist hochwertig und kaltgepresst, sodass Sie das aktivste, wirksamste und umweltfreundlichste Sch\u00f6nheits-, Aromatherapie- oder Kosmetikprodukt erhalten, das man f\u00fcr Geld bekommen kann. Sie sind frei von Pestiziden, Herbiziden [&hellip;]<\/p>\n","protected":false},"featured_media":267198,"comment_status":"closed","ping_status":"open","template":"","meta":{"_angie_page":false},"product_brand":[],"product_cat":[16455,23929],"product_tag":[],"class_list":{"0":"post-242885","1":"product","2":"type-product","3":"status-publish","4":"has-post-thumbnail","6":"product_cat-aromatherapie-und-raumdufte","7":"product_cat-basisole","8":"pa_collection-bulk-organic-carrier-oils-de","9":"pa_made-in-sri-lanka","11":"first","12":"instock","13":"purchasable","14":"product-type-simple"},"supplier_id":null,"supplier_sku":"OrgBOz-06","barcode":null,"atum_controlled":true,"out_stock_date":null,"out_stock_threshold":null,"inheritable":false,"inbound_stock":null,"stock_on_hold":0,"sold_today":0,"sales_last_days":0,"reserved_stock":null,"customer_returns":null,"warehouse_damage":null,"lost_in_post":null,"other_logs":null,"out_stock_days":98,"lost_sales":0,"has_location":null,"update_date":"2026-04-27T07:16:49","atum_locations":[],"atum_stock_status":"instock","restock_status":false,"low_stock_amount":"","sales_update_date":"2026-02-06T00:01:11","calc_backorders":null,"_links":{"self":[{"href":"https:\/\/aromasentia.com\/de\/wp-json\/wp\/v2\/product\/242885","targetHints":{"allow":["GET"]}}],"collection":[{"href":"https:\/\/aromasentia.com\/de\/wp-json\/wp\/v2\/product"}],"about":[{"href":"https:\/\/aromasentia.com\/de\/wp-json\/wp\/v2\/types\/product"}],"replies":[{"embeddable":true,"href":"https:\/\/aromasentia.com\/de\/wp-json\/wp\/v2\/comments?post=242885"}],"version-history":[{"count":0,"href":"https:\/\/aromasentia.com\/de\/wp-json\/wp\/v2\/product\/242885\/revisions"}],"wp:featuredmedia":[{"embeddable":true,"href":"https:\/\/aromasentia.com\/de\/wp-json\/wp\/v2\/media\/267198"}],"wp:attachment":[{"href":"https:\/\/aromasentia.com\/de\/wp-json\/wp\/v2\/media?parent=242885"}],"wp:term":[{"taxonomy":"product_brand","embeddable":true,"href":"https:\/\/aromasentia.com\/de\/wp-json\/wp\/v2\/product_brand?post=242885"},{"taxonomy":"product_cat","embeddable":true,"href":"https:\/\/aromasentia.com\/de\/wp-json\/wp\/v2\/product_cat?post=242885"},{"taxonomy":"product_tag","embeddable":true,"href":"https:\/\/aromasentia.com\/de\/wp-json\/wp\/v2\/product_tag?post=242885"}],"curies":[{"name":"wp","href":"https:\/\/api.w.org\/{rel}","templated":true}]}}