{"id":242865,"date":"2025-03-20T15:12:55","date_gmt":"2025-03-20T15:12:55","guid":{"rendered":"https:\/\/aromasentia.com\/product\/organic-castor-oil-1-litre\/"},"modified":"2025-12-30T20:41:39","modified_gmt":"2025-12-30T20:41:39","slug":"organic-castor-oil-1-litre","status":"publish","type":"product","link":"https:\/\/aromasentia.com\/de\/organic-castor-oil-1-litre\/","title":{"rendered":"Organic Castor Oil 1 Litre"},"content":{"rendered":"<p>Pflegen Sie Haut und Haar intensiv mit unserem Bio-Rizinus\u00f6l in der gro\u00dfz\u00fcgigen 1-Liter-Flasche. Dieses kaltgepresste und zertifizierte Bio-\u00d6l ist f\u00fcr seine au\u00dfergew\u00f6hnlichen feuchtigkeitsspendenden und pflegenden Eigenschaften bekannt. Es wird traditionell verwendet, um gesundes Haarwachstum zu f\u00f6rdern, Wimpern und Augenbrauen zu verdichten und trockene, gereizte Haut zu beruhigen. Seine weichmachende Eigenschaft hilft, die Feuchtigkeit zu binden, und macht es zu einer leistungsstarken nat\u00fcrlichen Behandlung f\u00fcr intensive Feuchtigkeit von Kopf bis Fu\u00df.<\/p>\n","protected":false},"excerpt":{"rendered":"<p>Pflegen Sie Haut und Haar intensiv mit unserem Bio-Rizinus\u00f6l in der gro\u00dfz\u00fcgigen 1-Liter-Flasche. Dieses kaltgepresste und zertifizierte Bio-\u00d6l ist f\u00fcr seine au\u00dfergew\u00f6hnlichen feuchtigkeitsspendenden und pflegenden Eigenschaften bekannt. Es wird traditionell verwendet, um gesundes Haarwachstum zu f\u00f6rdern, Wimpern und Augenbrauen zu verdichten und trockene, gereizte Haut zu beruhigen. Seine weichmachende Eigenschaft hilft, die Feuchtigkeit zu binden, [&hellip;]<\/p>\n","protected":false},"featured_media":267153,"comment_status":"closed","ping_status":"open","template":"","meta":{"_angie_page":false},"product_brand":[],"product_cat":[16455,23929],"product_tag":[],"class_list":{"0":"post-242865","1":"product","2":"type-product","3":"status-publish","4":"has-post-thumbnail","6":"product_cat-aromatherapie-und-raumdufte","7":"product_cat-basisole","8":"pa_collection-bulk-organic-carrier-oils-de","9":"pa_made-in-indien","11":"first","12":"instock","13":"purchasable","14":"product-type-simple"},"supplier_id":null,"supplier_sku":"OrgBOz-11","barcode":null,"atum_controlled":true,"out_stock_date":null,"out_stock_threshold":null,"inheritable":false,"inbound_stock":null,"stock_on_hold":0,"sold_today":0,"sales_last_days":0,"reserved_stock":null,"customer_returns":null,"warehouse_damage":null,"lost_in_post":null,"other_logs":null,"out_stock_days":93,"lost_sales":0,"has_location":null,"update_date":"2026-04-27T07:16:49","atum_locations":[],"atum_stock_status":"instock","restock_status":false,"low_stock_amount":"","sales_update_date":"2026-02-06T00:01:10","calc_backorders":null,"_links":{"self":[{"href":"https:\/\/aromasentia.com\/de\/wp-json\/wp\/v2\/product\/242865","targetHints":{"allow":["GET"]}}],"collection":[{"href":"https:\/\/aromasentia.com\/de\/wp-json\/wp\/v2\/product"}],"about":[{"href":"https:\/\/aromasentia.com\/de\/wp-json\/wp\/v2\/types\/product"}],"replies":[{"embeddable":true,"href":"https:\/\/aromasentia.com\/de\/wp-json\/wp\/v2\/comments?post=242865"}],"version-history":[{"count":0,"href":"https:\/\/aromasentia.com\/de\/wp-json\/wp\/v2\/product\/242865\/revisions"}],"wp:featuredmedia":[{"embeddable":true,"href":"https:\/\/aromasentia.com\/de\/wp-json\/wp\/v2\/media\/267153"}],"wp:attachment":[{"href":"https:\/\/aromasentia.com\/de\/wp-json\/wp\/v2\/media?parent=242865"}],"wp:term":[{"taxonomy":"product_brand","embeddable":true,"href":"https:\/\/aromasentia.com\/de\/wp-json\/wp\/v2\/product_brand?post=242865"},{"taxonomy":"product_cat","embeddable":true,"href":"https:\/\/aromasentia.com\/de\/wp-json\/wp\/v2\/product_cat?post=242865"},{"taxonomy":"product_tag","embeddable":true,"href":"https:\/\/aromasentia.com\/de\/wp-json\/wp\/v2\/product_tag?post=242865"}],"curies":[{"name":"wp","href":"https:\/\/api.w.org\/{rel}","templated":true}]}}