{"id":242861,"date":"2025-03-20T15:13:10","date_gmt":"2025-03-20T15:13:10","guid":{"rendered":"https:\/\/aromasentia.com\/product\/grapefruit-organic-essential-oil-10ml\/"},"modified":"2025-12-30T20:41:39","modified_gmt":"2025-12-30T20:41:39","slug":"bio-aetherisches-oel-grapefruit","status":"publish","type":"product","link":"https:\/\/aromasentia.com\/de\/bio-aetherisches-oel-grapefruit\/","title":{"rendered":"Bio \u00e4therisches \u00d6l Grapefruit"},"content":{"rendered":"<p><strong>Lateinischer Name:<\/strong> Citrus Paradisi<br \/><strong>Verwendeter Pflanzenteil:<\/strong> Fruchtschale<br \/><strong>Herkunft:<\/strong> Argentinien<br \/><strong>Extraktionsmethode:<\/strong> Kaltpressung<\/p>\n<p><strong>\u00c4therisches Bio-Grapefruit\u00f6l<\/strong> hat besondere Eigenschaften, die eine Reihe von gesundheitlichen Vorteilen bieten k\u00f6nnen \u2013 darunter eine Senkung von Blutdruck und Stress. Bef\u00fcrworter behaupten, dass das Einatmen des spritzigen Duftes des aus der Schale der Citrus paradisi-Frucht gewonnenen \u00d6ls die Stimmung heben und eine Reihe von Vorteilen bieten kann.<\/p>\n<p>Das Einatmen des Aromas von \u00e4therischem Grapefruit\u00f6l (oder die Aufnahme von \u00e4therischem Grapefruit\u00f6l \u00fcber die Haut) soll Botschaften an eine Gehirnregion \u00fcbermitteln, die f\u00fcr die Kontrolle von Emotionen zust\u00e4ndig ist. Diese als limbisches System bekannte Gehirnregion beeinflusst auch das Nervensystem. Bef\u00fcrworter der Aromatherapie gehen davon aus, dass \u00e4therische \u00d6le eine Reihe biologischer Faktoren beeinflussen k\u00f6nnen, darunter Herzfrequenz, Stresslevel, Blutdruck, Atmung und Immunfunktion.<\/p>\n<p>\u00c4therisches Grapefruit\u00f6l wird auch verwendet, um Stress abzubauen, die Durchblutung anzuregen, die Energie zu steigern, die Stimmung zu verbessern und die Verdauung zu verbessern.<\/p>\n","protected":false},"excerpt":{"rendered":"<p>Lateinischer Name: Citrus ParadisiVerwendeter Pflanzenteil: FruchtschaleHerkunft: ArgentinienExtraktionsmethode: Kaltpressung \u00c4therisches Bio-Grapefruit\u00f6l hat besondere Eigenschaften, die eine Reihe von gesundheitlichen Vorteilen bieten k\u00f6nnen \u2013 darunter eine Senkung von Blutdruck und Stress. Bef\u00fcrworter behaupten, dass das Einatmen des spritzigen Duftes des aus der Schale der Citrus paradisi-Frucht gewonnenen \u00d6ls die Stimmung heben und eine Reihe von Vorteilen bieten [&hellip;]<\/p>\n","protected":false},"featured_media":267378,"comment_status":"closed","ping_status":"open","template":"","meta":{"_angie_page":false},"product_brand":[27090],"product_cat":[16455,23649,25841,26204,26658,26819],"product_tag":[],"class_list":{"0":"post-242861","1":"product","2":"type-product","3":"status-publish","4":"has-post-thumbnail","6":"product_brand-ancient-wisdom","7":"product_cat-aromatherapie-und-raumdufte","8":"product_cat-atherische-ole","9":"product_cat-dufte-aromen","10":"product_cat-grapefruit","11":"product_cat-oekologische-aetherische-oele","12":"product_cat-zitrus","13":"pa_collection-10ml-organic-essential-oils-de","14":"pa_made-in-argentinien","15":"pa_size-10ml","17":"first","18":"instock","19":"purchasable","20":"product-type-simple"},"supplier_id":null,"supplier_sku":"OrgEO-15","barcode":null,"atum_controlled":true,"out_stock_date":null,"out_stock_threshold":null,"inheritable":false,"inbound_stock":null,"stock_on_hold":0,"sold_today":0,"sales_last_days":0,"reserved_stock":null,"customer_returns":null,"warehouse_damage":null,"lost_in_post":null,"other_logs":null,"out_stock_days":0,"lost_sales":0,"has_location":null,"update_date":"2026-04-27T07:16:58","atum_locations":[],"atum_stock_status":"instock","restock_status":false,"low_stock_amount":"","sales_update_date":"2026-02-06T00:00:47","calc_backorders":null,"_links":{"self":[{"href":"https:\/\/aromasentia.com\/de\/wp-json\/wp\/v2\/product\/242861","targetHints":{"allow":["GET"]}}],"collection":[{"href":"https:\/\/aromasentia.com\/de\/wp-json\/wp\/v2\/product"}],"about":[{"href":"https:\/\/aromasentia.com\/de\/wp-json\/wp\/v2\/types\/product"}],"replies":[{"embeddable":true,"href":"https:\/\/aromasentia.com\/de\/wp-json\/wp\/v2\/comments?post=242861"}],"version-history":[{"count":0,"href":"https:\/\/aromasentia.com\/de\/wp-json\/wp\/v2\/product\/242861\/revisions"}],"wp:featuredmedia":[{"embeddable":true,"href":"https:\/\/aromasentia.com\/de\/wp-json\/wp\/v2\/media\/267378"}],"wp:attachment":[{"href":"https:\/\/aromasentia.com\/de\/wp-json\/wp\/v2\/media?parent=242861"}],"wp:term":[{"taxonomy":"product_brand","embeddable":true,"href":"https:\/\/aromasentia.com\/de\/wp-json\/wp\/v2\/product_brand?post=242861"},{"taxonomy":"product_cat","embeddable":true,"href":"https:\/\/aromasentia.com\/de\/wp-json\/wp\/v2\/product_cat?post=242861"},{"taxonomy":"product_tag","embeddable":true,"href":"https:\/\/aromasentia.com\/de\/wp-json\/wp\/v2\/product_tag?post=242861"}],"curies":[{"name":"wp","href":"https:\/\/api.w.org\/{rel}","templated":true}]}}