{"id":242857,"date":"2025-03-20T15:13:10","date_gmt":"2025-03-20T15:13:10","guid":{"rendered":"https:\/\/aromasentia.com\/product\/clary-sage-organic-essential-oil-10ml\/"},"modified":"2025-12-30T20:41:39","modified_gmt":"2025-12-30T20:41:39","slug":"bio-aetherisches-oel-muskatellersalbei","status":"publish","type":"product","link":"https:\/\/aromasentia.com\/de\/bio-aetherisches-oel-muskatellersalbei\/","title":{"rendered":"Bio \u00e4therisches \u00d6l Muskatellersalbei"},"content":{"rendered":"<p><strong>Lateinischer Name:<\/strong> Salvia Sclarea<br \/><strong>Verwendeter Pflanzenteil:<\/strong> Spitzen und Bl\u00e4tter<br \/><strong>Herkunft:<\/strong> Ungarn<br \/><strong>Extraktionsmethode:<\/strong> Wasserdampfdestillation<\/p>\n<p><strong>\u00c4therisches Bio-Muskatellersalbei\u00f6l<\/strong> wird durch Wasserdampfdestillation aus den Bl\u00fctenspitzen und Bl\u00e4ttern von Salvia sclarea gewonnen. Die Pflanze ist in S\u00fcdeuropa heimisch und wird in Frankreich und Russland wegen ihres \u00d6ls angebaut. Der gr\u00f6\u00dfte Nutzen dieses \u00d6ls ist seine beruhigende Wirkung auf die Nerven und es ist besonders n\u00fctzlich bei Beschwerden und Unwohlsein von Frauen. Es soll auch bei Hautproblemen wie Akne, Furunkeln und Geschw\u00fcren helfen und Muskel- und Gelenkschmerzen lindern.&nbsp;<\/p>\n<p>Muskatellersalbei ist hilfreich bei Depressionen, Stress und Schlaflosigkeit. Er wird zur Linderung von Frauenbeschwerden wie schmerzhaften Regelblutungen, unregelm\u00e4\u00dfiger Menstruation und w\u00e4hrend der Wehen eingesetzt. W\u00e4hrend der Wechseljahre soll dieses \u00d6l Hitzewallungen, Nachtschwei\u00df, Herzklopfen, Reizbarkeit sowie Kopfschmerzen und Schwindel lindern. Es wurde als Aphrodisiakum verwendet. Es ist auch gut f\u00fcr die Verdauung und die Nieren. Muskatellersalbei\u00f6l sollte beim Alkoholkonsum vermieden werden, da es den Rausch verst\u00e4rken kann. Verwenden Sie es in kleinen Mengen, da eine gro\u00dfe Dosis Kopfschmerzen verursachen kann.&nbsp;<\/p>\n<p>Im Mittelalter war Muskatellersalbei als Oculus Christi bekannt, was so viel wie \u201edas Auge Christi\u201c bedeutete. Seitdem war es ein hochgesch\u00e4tztes Heilmittel. In Jamaika wurde es von der einheimischen Bev\u00f6lkerung zum Reinigen und K\u00fchlen von Geschw\u00fcren und bei Augenentz\u00fcndungen verwendet. Es ist ein teures \u00d6l und seit langem ein wichtiges und n\u00fctzliches \u00d6l in der Aromatherapie und &nbsp;Naturheilkunde.<\/p>\n","protected":false},"excerpt":{"rendered":"<p>Lateinischer Name: Salvia SclareaVerwendeter Pflanzenteil: Spitzen und Bl\u00e4tterHerkunft: UngarnExtraktionsmethode: Wasserdampfdestillation \u00c4therisches Bio-Muskatellersalbei\u00f6l wird durch Wasserdampfdestillation aus den Bl\u00fctenspitzen und Bl\u00e4ttern von Salvia sclarea gewonnen. Die Pflanze ist in S\u00fcdeuropa heimisch und wird in Frankreich und Russland wegen ihres \u00d6ls angebaut. Der gr\u00f6\u00dfte Nutzen dieses \u00d6ls ist seine beruhigende Wirkung auf die Nerven und es ist [&hellip;]<\/p>\n","protected":false},"featured_media":267369,"comment_status":"closed","ping_status":"open","template":"","meta":[],"product_brand":[27090],"product_cat":[16455,23649,25841,26861,26145,26658],"product_tag":[],"class_list":{"0":"post-242857","1":"product","2":"type-product","3":"status-publish","4":"has-post-thumbnail","6":"product_brand-ancient-wisdom","7":"product_cat-aromatherapie-und-raumdufte","8":"product_cat-atherische-ole","9":"product_cat-dufte-aromen","10":"product_cat-krauter-aromatisch","11":"product_cat-muskatellersalbei","12":"product_cat-oekologische-aetherische-oele","13":"pa_collection-10ml-organic-essential-oils-de","14":"pa_made-in-frankreich","15":"pa_size-10ml","17":"first","18":"instock","19":"purchasable","20":"product-type-simple"},"supplier_id":null,"supplier_sku":"OrgEO-14","barcode":null,"atum_controlled":true,"out_stock_date":null,"out_stock_threshold":null,"inheritable":false,"inbound_stock":null,"stock_on_hold":0,"sold_today":0,"sales_last_days":0,"reserved_stock":null,"customer_returns":null,"warehouse_damage":null,"lost_in_post":null,"other_logs":null,"out_stock_days":0,"lost_sales":0,"has_location":null,"update_date":"2026-02-06T00:02:26","atum_locations":[],"atum_stock_status":"instock","restock_status":false,"low_stock_amount":"","sales_update_date":"2026-02-06T00:02:26","calc_backorders":null,"_links":{"self":[{"href":"https:\/\/aromasentia.com\/de\/wp-json\/wp\/v2\/product\/242857","targetHints":{"allow":["GET"]}}],"collection":[{"href":"https:\/\/aromasentia.com\/de\/wp-json\/wp\/v2\/product"}],"about":[{"href":"https:\/\/aromasentia.com\/de\/wp-json\/wp\/v2\/types\/product"}],"replies":[{"embeddable":true,"href":"https:\/\/aromasentia.com\/de\/wp-json\/wp\/v2\/comments?post=242857"}],"version-history":[{"count":0,"href":"https:\/\/aromasentia.com\/de\/wp-json\/wp\/v2\/product\/242857\/revisions"}],"wp:featuredmedia":[{"embeddable":true,"href":"https:\/\/aromasentia.com\/de\/wp-json\/wp\/v2\/media\/267369"}],"wp:attachment":[{"href":"https:\/\/aromasentia.com\/de\/wp-json\/wp\/v2\/media?parent=242857"}],"wp:term":[{"taxonomy":"product_brand","embeddable":true,"href":"https:\/\/aromasentia.com\/de\/wp-json\/wp\/v2\/product_brand?post=242857"},{"taxonomy":"product_cat","embeddable":true,"href":"https:\/\/aromasentia.com\/de\/wp-json\/wp\/v2\/product_cat?post=242857"},{"taxonomy":"product_tag","embeddable":true,"href":"https:\/\/aromasentia.com\/de\/wp-json\/wp\/v2\/product_tag?post=242857"}],"curies":[{"name":"wp","href":"https:\/\/api.w.org\/{rel}","templated":true}]}}