{"id":242853,"date":"2025-03-20T15:13:10","date_gmt":"2025-03-20T15:13:10","guid":{"rendered":"https:\/\/aromasentia.com\/product\/bergamot-organic-essential-oil-10ml\/"},"modified":"2025-12-30T20:41:39","modified_gmt":"2025-12-30T20:41:39","slug":"bio-aetherisches-oel-bergamotte","status":"publish","type":"product","link":"https:\/\/aromasentia.com\/de\/bio-aetherisches-oel-bergamotte\/","title":{"rendered":"Bio \u00e4therisches \u00d6l Bergamotte"},"content":{"rendered":"<p><strong>Lateinischer Name:<\/strong> Citrus Bergamia<br \/><strong>Verwendeter Pflanzenteil:<\/strong> Fruchtschale<br \/><strong>Herkunft:<\/strong> Mittelmeerraum<br \/><strong>Extraktionsmethode:<\/strong> Kaltpressung<\/p>\n<p>Das \u00e4therische Bergamotte\u00f6l wird durch Pressen aus den reifen und unreifen Fr\u00fcchten des Bergamotte-Orangenbaums gewonnen. Dieses \u00e4therische \u00d6l, das zitronig und doch s\u00fc\u00df duftet, erzeugt ein entspanntes und gl\u00fcckliches Gef\u00fchl. Es ist n\u00fctzlich bei der Behandlung von Harnwegsinfektionen und Hautproblemen und st\u00e4rkt die Funktionen von Leber, Milz und Magen.<\/p>\n<p><strong>\u00c4therisches Bio-Bergamotte\u00f6l<\/strong> wird in der Aromatherapie zur Behandlung von Depressionen, Stress, Anspannung, geringem Selbstvertrauen, Angst und Hysterie verwendet. Es ist n\u00fctzlich bei der Heilung von Hautinfektionen wie allgemeinen Wunden, Schuppenflechte, Fieberbl\u00e4schen und Ekzemen. Dieses \u00d6l soll Menschen mit SAD (saisonal abh\u00e4ngiger Depression), pr\u00e4menstruellem Syndrom (PMS), Esssucht, postnataler Depression, Erk\u00e4ltungen und Grippe helfen. Bergamotte\u00f6l ist ein beliebtes \u00d6l in der Aromatherapie und wird in Verdampfern, Massagen und als Badezusatz verwendet. Experten raten zur Vorsicht bei der Anwendung dieses \u00d6ls auf empfindlicher Haut, wenn es nach der Anwendung dem Sonnenlicht ausgesetzt wird, da dies zu Verbrennungen f\u00fchren kann. Vermeiden Sie die Sonne, wenn dieses \u00d6l auf der Haut angewendet wurde.<\/p>\n<p>Der Name Bergamotte leitet sich von der Stadt Bergamo in der Lombardei, Italien, ab, wo das \u00d6l erstmals verkauft wurde. Bergamotte wird seit dem 16. Jahrhundert in Mittelmeerl\u00e4ndern wie Italien und Griechenland angebaut. Sie wird seit langem in der Parf\u00fcm- und Lebensmittelindustrie (z. B. Earl Grey Tee) verwendet. W\u00e4hrend die Gewinnung \u00e4therischer \u00d6le erst vor Kurzem begonnen wurde, werden die Frucht, ihr Essenz und ihr Geschmack bereits seit Hunderten von Jahren in der traditionellen Medizin verwendet.<\/p>\n","protected":false},"excerpt":{"rendered":"<p>Lateinischer Name: Citrus BergamiaVerwendeter Pflanzenteil: FruchtschaleHerkunft: MittelmeerraumExtraktionsmethode: Kaltpressung Das \u00e4therische Bergamotte\u00f6l wird durch Pressen aus den reifen und unreifen Fr\u00fcchten des Bergamotte-Orangenbaums gewonnen. Dieses \u00e4therische \u00d6l, das zitronig und doch s\u00fc\u00df duftet, erzeugt ein entspanntes und gl\u00fcckliches Gef\u00fchl. Es ist n\u00fctzlich bei der Behandlung von Harnwegsinfektionen und Hautproblemen und st\u00e4rkt die Funktionen von Leber, Milz [&hellip;]<\/p>\n","protected":false},"featured_media":267360,"comment_status":"closed","ping_status":"open","template":"","meta":{"_angie_page":false},"product_brand":[27090],"product_cat":[16455,23649,26105,25841,26658,26819],"product_tag":[],"class_list":{"0":"post-242853","1":"product","2":"type-product","3":"status-publish","4":"has-post-thumbnail","6":"product_brand-ancient-wisdom","7":"product_cat-aromatherapie-und-raumdufte","8":"product_cat-atherische-ole","9":"product_cat-bergamotte","10":"product_cat-dufte-aromen","11":"product_cat-oekologische-aetherische-oele","12":"product_cat-zitrus","13":"pa_collection-10ml-organic-essential-oils-de","14":"pa_made-in-italien","15":"pa_size-10ml","17":"first","18":"instock","19":"purchasable","20":"product-type-simple"},"supplier_id":null,"supplier_sku":"OrgEO-13","barcode":null,"atum_controlled":true,"out_stock_date":null,"out_stock_threshold":null,"inheritable":false,"inbound_stock":null,"stock_on_hold":0,"sold_today":0,"sales_last_days":0,"reserved_stock":null,"customer_returns":null,"warehouse_damage":null,"lost_in_post":null,"other_logs":null,"out_stock_days":0,"lost_sales":0,"has_location":null,"update_date":"2026-04-27T07:16:58","atum_locations":[],"atum_stock_status":"instock","restock_status":false,"low_stock_amount":"","sales_update_date":"2026-01-30T01:24:40","calc_backorders":null,"_links":{"self":[{"href":"https:\/\/aromasentia.com\/de\/wp-json\/wp\/v2\/product\/242853","targetHints":{"allow":["GET"]}}],"collection":[{"href":"https:\/\/aromasentia.com\/de\/wp-json\/wp\/v2\/product"}],"about":[{"href":"https:\/\/aromasentia.com\/de\/wp-json\/wp\/v2\/types\/product"}],"replies":[{"embeddable":true,"href":"https:\/\/aromasentia.com\/de\/wp-json\/wp\/v2\/comments?post=242853"}],"version-history":[{"count":0,"href":"https:\/\/aromasentia.com\/de\/wp-json\/wp\/v2\/product\/242853\/revisions"}],"wp:featuredmedia":[{"embeddable":true,"href":"https:\/\/aromasentia.com\/de\/wp-json\/wp\/v2\/media\/267360"}],"wp:attachment":[{"href":"https:\/\/aromasentia.com\/de\/wp-json\/wp\/v2\/media?parent=242853"}],"wp:term":[{"taxonomy":"product_brand","embeddable":true,"href":"https:\/\/aromasentia.com\/de\/wp-json\/wp\/v2\/product_brand?post=242853"},{"taxonomy":"product_cat","embeddable":true,"href":"https:\/\/aromasentia.com\/de\/wp-json\/wp\/v2\/product_cat?post=242853"},{"taxonomy":"product_tag","embeddable":true,"href":"https:\/\/aromasentia.com\/de\/wp-json\/wp\/v2\/product_tag?post=242853"}],"curies":[{"name":"wp","href":"https:\/\/api.w.org\/{rel}","templated":true}]}}