{"id":242841,"date":"2025-03-20T15:13:10","date_gmt":"2025-03-20T15:13:10","guid":{"rendered":"https:\/\/aromasentia.com\/product\/geranium-organic-essential-oil-10ml\/"},"modified":"2025-12-30T20:41:32","modified_gmt":"2025-12-30T20:41:32","slug":"bio-aetherisches-geranieoel","status":"publish","type":"product","link":"https:\/\/aromasentia.com\/de\/bio-aetherisches-geranieoel\/","title":{"rendered":"Bio \u00e4therisches Geranie\u00f6l"},"content":{"rendered":"<p><strong>Lateinischer Name:<\/strong> Pelargonium Graveolens<br \/><strong>Verwendeter Pflanzenteil:<\/strong> Bl\u00e4tter, St\u00e4ngel und Bl\u00fcten<br \/><strong>Herkunft:<\/strong> S\u00fcdafrika<br \/><strong>Extraktionsmethode:<\/strong> Wasserdampfdestillation<\/p>\n<p><strong>\u00c4therisches Bio-Geranien\u00f6l<\/strong> wird aus den Bl\u00e4ttern und St\u00e4ngeln der Pflanze Pelargonium odoratissimum (Apfelgeranie) dampfdestilliert. Es hat einen starken Geruch mit einem blumigen Aroma und einem Hauch von Minze und Apfel. Die Haupteigenschaft dieses \u00d6ls ist seine ausgleichende und aufheiternde Wirkung. Es wird sowohl f\u00fcr K\u00f6rper als auch Geist verwendet, um eine Vielzahl von Beschwerden zu lindern.&nbsp;<\/p>\n<p>\u00c4therisches Geranien\u00f6l hilft, fettige und trockene Haut auszugleichen, und &nbsp;bringt auch die geistige Ausgeglichenheit und lindert Stress und Angstzust\u00e4nde. Es soll auf die Nebennierenrinde wirken, was einen ausgleichenden Effekt auf das Hormonsystem hat. Geranien\u00f6l wird<br \/>verwendet, um Akne, Prellungen, Verbrennungen, Schnitte, Dermatitis, Ekzeme, H\u00e4morrhoiden, Ringelflechte, Geschw\u00fcre, Brustschwellungen, \u00d6deme, Durchblutungsst\u00f6rungen, Halsschmerzen, Mandelentz\u00fcndung, pr\u00e4menstruelles Syndrom, Wechseljahrsbeschwerden, Stress und Neuralgien zu behandeln. Sein starker Geruch<br \/>vertreibt M\u00fccken. Geben Sie ein paar Tropfen ins Shampoo, um Kopfl\u00e4use loszuwerden.<\/p>\n<p>Man glaubte, dass diese Geranien Geister fernhalten (so wie sie es mit M\u00fccken taten!), und deshalb wurden sie als Hecken um H\u00e4user gepflanzt. Die Pflanzen stammen urspr\u00fcnglich aus S\u00fcdafrika, R\u00e9union, Madagaskar, \u00c4gypten und Marokko und wurden im 17. Jahrhundert in europ\u00e4ische L\u00e4nder eingef\u00fchrt. Obwohl es etwa 700 Sorten der Pflanze gibt, liefern nur 10 \u00e4therisches \u00d6l in nutzbaren Mengen. Die im Garten angebauten Sorten produzieren meist zu wenig \u00d6l, um es f\u00fcr die Extraktion zu verwenden.<\/p>\n","protected":false},"excerpt":{"rendered":"<p>Lateinischer Name: Pelargonium GraveolensVerwendeter Pflanzenteil: Bl\u00e4tter, St\u00e4ngel und Bl\u00fctenHerkunft: S\u00fcdafrikaExtraktionsmethode: Wasserdampfdestillation \u00c4therisches Bio-Geranien\u00f6l wird aus den Bl\u00e4ttern und St\u00e4ngeln der Pflanze Pelargonium odoratissimum (Apfelgeranie) dampfdestilliert. Es hat einen starken Geruch mit einem blumigen Aroma und einem Hauch von Minze und Apfel. Die Haupteigenschaft dieses \u00d6ls ist seine ausgleichende und aufheiternde Wirkung. Es wird sowohl f\u00fcr [&hellip;]<\/p>\n","protected":false},"featured_media":267333,"comment_status":"closed","ping_status":"open","template":"","meta":{"_angie_page":false},"product_brand":[27090],"product_cat":[16455,23649,26833,25841,26658,26186],"product_tag":[],"class_list":{"0":"post-242841","1":"product","2":"type-product","3":"status-publish","4":"has-post-thumbnail","6":"product_brand-ancient-wisdom","7":"product_cat-aromatherapie-und-raumdufte","8":"product_cat-atherische-ole","9":"product_cat-blumig","10":"product_cat-dufte-aromen","11":"product_cat-oekologische-aetherische-oele","12":"product_cat-weihrauch","13":"pa_collection-10ml-organic-essential-oils-de","14":"pa_made-in-aegypten","15":"pa_size-10ml","17":"first","18":"instock","19":"purchasable","20":"product-type-simple"},"supplier_id":null,"supplier_sku":"OrgEO-10","barcode":null,"atum_controlled":true,"out_stock_date":null,"out_stock_threshold":null,"inheritable":false,"inbound_stock":null,"stock_on_hold":0,"sold_today":0,"sales_last_days":0,"reserved_stock":null,"customer_returns":null,"warehouse_damage":null,"lost_in_post":null,"other_logs":null,"out_stock_days":0,"lost_sales":0,"has_location":null,"update_date":"2026-04-27T07:16:58","atum_locations":[],"atum_stock_status":"instock","restock_status":false,"low_stock_amount":"","sales_update_date":"2026-01-30T01:24:29","calc_backorders":null,"_links":{"self":[{"href":"https:\/\/aromasentia.com\/de\/wp-json\/wp\/v2\/product\/242841","targetHints":{"allow":["GET"]}}],"collection":[{"href":"https:\/\/aromasentia.com\/de\/wp-json\/wp\/v2\/product"}],"about":[{"href":"https:\/\/aromasentia.com\/de\/wp-json\/wp\/v2\/types\/product"}],"replies":[{"embeddable":true,"href":"https:\/\/aromasentia.com\/de\/wp-json\/wp\/v2\/comments?post=242841"}],"version-history":[{"count":0,"href":"https:\/\/aromasentia.com\/de\/wp-json\/wp\/v2\/product\/242841\/revisions"}],"wp:featuredmedia":[{"embeddable":true,"href":"https:\/\/aromasentia.com\/de\/wp-json\/wp\/v2\/media\/267333"}],"wp:attachment":[{"href":"https:\/\/aromasentia.com\/de\/wp-json\/wp\/v2\/media?parent=242841"}],"wp:term":[{"taxonomy":"product_brand","embeddable":true,"href":"https:\/\/aromasentia.com\/de\/wp-json\/wp\/v2\/product_brand?post=242841"},{"taxonomy":"product_cat","embeddable":true,"href":"https:\/\/aromasentia.com\/de\/wp-json\/wp\/v2\/product_cat?post=242841"},{"taxonomy":"product_tag","embeddable":true,"href":"https:\/\/aromasentia.com\/de\/wp-json\/wp\/v2\/product_tag?post=242841"}],"curies":[{"name":"wp","href":"https:\/\/api.w.org\/{rel}","templated":true}]}}