{"id":242837,"date":"2025-03-20T15:13:10","date_gmt":"2025-03-20T15:13:10","guid":{"rendered":"https:\/\/aromasentia.com\/product\/orange-organic-essential-oil-10ml\/"},"modified":"2025-12-30T20:41:32","modified_gmt":"2025-12-30T20:41:32","slug":"bio-aetherisches-orangenoel","status":"publish","type":"product","link":"https:\/\/aromasentia.com\/de\/bio-aetherisches-orangenoel\/","title":{"rendered":"Bio \u00e4therisches Orangen\u00f6l"},"content":{"rendered":"<p><strong>Lateinischer Name:<\/strong> Citrus Sinensis<br \/><strong>Verwendeter Pflanzenteil:<\/strong> Fruchtschale<br \/><strong>Herkunft:<\/strong> Brasilien<br \/><strong>Extraktionsmethode:<\/strong> Kaltpressung<\/p>\n<p>Die F\u00e4higkeit von Orangen\u00f6l, das Immunsystem auf nat\u00fcrliche Weise zu st\u00e4rken und verschiedene Symptome zahlreicher Beschwerden zu lindern, hat es zu traditionellen medizinischen Anwendungen zur Behandlung von Akne, chronischem Stress und anderen gesundheitlichen Problemen gef\u00fchrt.<\/p>\n<p>In der Aromatherapie verwendet, hat der angenehme Duft von \u00e4therischem Orangen\u00f6l eine fr\u00f6hliche und erhebende, aber gleichzeitig entspannende und beruhigende Wirkung, die zur Senkung der Pulsfrequenz beitr\u00e4gt. Es kann nicht nur eine warme Umgebung schaffen, sondern auch die St\u00e4rke und Widerstandsf\u00e4higkeit des Immunsystems st\u00e4rken und luftgetragene Bakterien beseitigen.<\/p>\n<p>Bei einer Massage angewendet, ist <strong>\u00e4therisches Bio-Orangen\u00f6l<\/strong> daf\u00fcr bekannt, die Durchblutung zu f\u00f6rdern. Es lindert nachweislich Beschwerden im Zusammenhang mit Entz\u00fcndungen, Kopfschmerzen, Menstruation und geringer Libido.<\/p>\n<p>\u00c4therisches Orangen\u00f6l reduziert schmerzhafte und reflexartige Muskelkontraktionen. Es wird traditionell bei Massagen verwendet, um Stress, Bauchschmerzen, Durchfall, Verstopfung, Verdauungsst\u00f6rungen oder Verdauungsst\u00f6rungen sowie eine verstopfte Nase zu lindern.<\/p>\n","protected":false},"excerpt":{"rendered":"<p>Lateinischer Name: Citrus SinensisVerwendeter Pflanzenteil: FruchtschaleHerkunft: BrasilienExtraktionsmethode: Kaltpressung Die F\u00e4higkeit von Orangen\u00f6l, das Immunsystem auf nat\u00fcrliche Weise zu st\u00e4rken und verschiedene Symptome zahlreicher Beschwerden zu lindern, hat es zu traditionellen medizinischen Anwendungen zur Behandlung von Akne, chronischem Stress und anderen gesundheitlichen Problemen gef\u00fchrt. In der Aromatherapie verwendet, hat der angenehme Duft von \u00e4therischem Orangen\u00f6l eine [&hellip;]<\/p>\n","protected":false},"featured_media":267324,"comment_status":"closed","ping_status":"closed","template":"","meta":{"_angie_page":false},"product_brand":[27090],"product_cat":[16455,23649,25841,26658,26308,26819],"product_tag":[],"class_list":{"0":"post-242837","1":"product","2":"type-product","3":"status-publish","4":"has-post-thumbnail","6":"product_brand-ancient-wisdom","7":"product_cat-aromatherapie-und-raumdufte","8":"product_cat-atherische-ole","9":"product_cat-dufte-aromen","10":"product_cat-oekologische-aetherische-oele","11":"product_cat-orange","12":"product_cat-zitrus","13":"pa_collection-10ml-organic-essential-oils-de","14":"pa_made-in-brasilien","15":"pa_size-10ml","17":"first","18":"instock","19":"purchasable","20":"product-type-simple"},"supplier_id":null,"supplier_sku":"OrgEO-09","barcode":null,"atum_controlled":true,"out_stock_date":null,"out_stock_threshold":null,"inheritable":false,"inbound_stock":null,"stock_on_hold":0,"sold_today":0,"sales_last_days":0,"reserved_stock":null,"customer_returns":null,"warehouse_damage":null,"lost_in_post":null,"other_logs":null,"out_stock_days":91,"lost_sales":0,"has_location":false,"update_date":"2026-05-08T05:15:42","atum_locations":[],"atum_stock_status":"instock","restock_status":false,"low_stock_amount":"","sales_update_date":"2026-01-30T01:24:20","calc_backorders":null,"_links":{"self":[{"href":"https:\/\/aromasentia.com\/de\/wp-json\/wp\/v2\/product\/242837","targetHints":{"allow":["GET"]}}],"collection":[{"href":"https:\/\/aromasentia.com\/de\/wp-json\/wp\/v2\/product"}],"about":[{"href":"https:\/\/aromasentia.com\/de\/wp-json\/wp\/v2\/types\/product"}],"replies":[{"embeddable":true,"href":"https:\/\/aromasentia.com\/de\/wp-json\/wp\/v2\/comments?post=242837"}],"version-history":[{"count":0,"href":"https:\/\/aromasentia.com\/de\/wp-json\/wp\/v2\/product\/242837\/revisions"}],"wp:featuredmedia":[{"embeddable":true,"href":"https:\/\/aromasentia.com\/de\/wp-json\/wp\/v2\/media\/267324"}],"wp:attachment":[{"href":"https:\/\/aromasentia.com\/de\/wp-json\/wp\/v2\/media?parent=242837"}],"wp:term":[{"taxonomy":"product_brand","embeddable":true,"href":"https:\/\/aromasentia.com\/de\/wp-json\/wp\/v2\/product_brand?post=242837"},{"taxonomy":"product_cat","embeddable":true,"href":"https:\/\/aromasentia.com\/de\/wp-json\/wp\/v2\/product_cat?post=242837"},{"taxonomy":"product_tag","embeddable":true,"href":"https:\/\/aromasentia.com\/de\/wp-json\/wp\/v2\/product_tag?post=242837"}],"curies":[{"name":"wp","href":"https:\/\/api.w.org\/{rel}","templated":true}]}}