{"id":242833,"date":"2025-03-20T15:13:10","date_gmt":"2025-03-20T15:13:10","guid":{"rendered":"https:\/\/aromasentia.com\/product\/rosemary-organic-essential-oil-10ml\/"},"modified":"2025-12-30T20:41:32","modified_gmt":"2025-12-30T20:41:32","slug":"bio-aetherisches-rosmarinoel","status":"publish","type":"product","link":"https:\/\/aromasentia.com\/de\/bio-aetherisches-rosmarinoel\/","title":{"rendered":"Bio \u00e4therisches Rosmarin\u00f6l"},"content":{"rendered":"<p><strong>Lateinischer Name:<\/strong> Rosmarinus Officinalis<br \/><strong>Verwendeter Pflanzenteil:<\/strong> Bl\u00fctenspitzen<br \/><strong>Herkunft:<\/strong> Italien<br \/><strong>Extraktionsmethode:<\/strong><strong> <\/strong>Wasserdampfdestillation<\/p>\n<p><strong>Das \u00e4therische Bio-Rosmarin\u00f6l<\/strong> wird aus den Bl\u00fcten, St\u00e4ngeln und Bl\u00e4ttern der Pflanze dampfdestilliert. Laut der British Pharmacopoeia ist das aus den Bl\u00fctenspitzen destillierte \u00d6l besser als das aus St\u00e4ngel und Bl\u00e4ttern, aus denen fast alle kommerziellen \u00d6le destilliert werden. Der Duft des \u00e4therischen Rosmarin\u00f6ls ist holzig und kr\u00e4uterig und wird in der Aromatherapie verwendet, um den Geist zu erfrischen und anzuregen.<\/p>\n<p>Dieses \u00d6l ist hilfreich bei der Behandlung von Wunden, Verbrennungen, Erk\u00e4ltungen, Grippe, M\u00fcdigkeit, Verdauungsbeschwerden, Kopfschmerzen, Asthma, Bronchitis, Gicht, Rheuma, Leber- und Gallenblasenproblemen, Wassereinlagerungen und schlechter Durchblutung. F\u00fcr eine Massage wird Rosmarin\u00f6l oft mit einem oder zwei Basis\u00f6len wie Mandel-, Aprikosenkern- oder Haselnuss\u00f6l gemischt. Es ist gut f\u00fcr das Haar, da es die Durchblutung der Kopfhaut verbessern und das Haarwachstum f\u00f6rdern soll. Wenden Sie dieses \u00d6l niemals innerlich an und vermeiden Sie die Anwendung, wenn Sie schwanger sind oder unter Bluthochdruck oder Epilepsie leiden.<\/p>\n<p>Rosmarin war in der Antike wohlbekannt und wurde bereits verwendet. Man glaubte, er st\u00e4rke das Ged\u00e4chtnis, weshalb er zum Symbol der Treue wurde und bei Hochzeiten, Beerdigungen und anderen religi\u00f6sen Zeremonien verwendet wurde. Ein Zweig Rosmarin wurde h\u00fcbsch mit B\u00e4ndern zusammengebunden und den Hochzeitsg\u00e4sten als Symbol der Liebe und Treue \u00fcberreicht. \u201eUngarnwasser\u201c, hergestellt aus frischen Rosmarinbl\u00e4ttern, die einige Tage in Wein eingelegt wurden, wurde f\u00fcr die K\u00f6nigin von Ungarn zubereitet und soll sie von einer L\u00e4hmung geheilt haben.<\/p>\n","protected":false},"excerpt":{"rendered":"<p>Lateinischer Name: Rosmarinus OfficinalisVerwendeter Pflanzenteil: Bl\u00fctenspitzenHerkunft: ItalienExtraktionsmethode: Wasserdampfdestillation Das \u00e4therische Bio-Rosmarin\u00f6l wird aus den Bl\u00fcten, St\u00e4ngeln und Bl\u00e4ttern der Pflanze dampfdestilliert. Laut der British Pharmacopoeia ist das aus den Bl\u00fctenspitzen destillierte \u00d6l besser als das aus St\u00e4ngel und Bl\u00e4ttern, aus denen fast alle kommerziellen \u00d6le destilliert werden. Der Duft des \u00e4therischen Rosmarin\u00f6ls ist holzig und [&hellip;]<\/p>\n","protected":false},"featured_media":267315,"comment_status":"closed","ping_status":"open","template":"","meta":{"_angie_page":false},"product_brand":[27090],"product_cat":[16455,23649,25841,26861,26658,26374],"product_tag":[],"class_list":{"0":"post-242833","1":"product","2":"type-product","3":"status-publish","4":"has-post-thumbnail","6":"product_brand-ancient-wisdom","7":"product_cat-aromatherapie-und-raumdufte","8":"product_cat-atherische-ole","9":"product_cat-dufte-aromen","10":"product_cat-krauter-aromatisch","11":"product_cat-oekologische-aetherische-oele","12":"product_cat-rosmarin","13":"pa_collection-10ml-organic-essential-oils-de","14":"pa_made-in-tunesien","15":"pa_size-10ml","17":"first","18":"instock","19":"purchasable","20":"product-type-simple"},"supplier_id":null,"supplier_sku":"OrgEO-08","barcode":null,"atum_controlled":true,"out_stock_date":null,"out_stock_threshold":null,"inheritable":false,"inbound_stock":0,"stock_on_hold":0,"sold_today":0,"sales_last_days":0,"reserved_stock":0,"customer_returns":0,"warehouse_damage":0,"lost_in_post":0,"other_logs":0,"out_stock_days":0,"lost_sales":0,"has_location":false,"update_date":"2026-04-27T07:16:58","atum_locations":[],"atum_stock_status":"instock","restock_status":false,"low_stock_amount":"","sales_update_date":"2025-09-05T00:17:30","calc_backorders":null,"_links":{"self":[{"href":"https:\/\/aromasentia.com\/de\/wp-json\/wp\/v2\/product\/242833","targetHints":{"allow":["GET"]}}],"collection":[{"href":"https:\/\/aromasentia.com\/de\/wp-json\/wp\/v2\/product"}],"about":[{"href":"https:\/\/aromasentia.com\/de\/wp-json\/wp\/v2\/types\/product"}],"replies":[{"embeddable":true,"href":"https:\/\/aromasentia.com\/de\/wp-json\/wp\/v2\/comments?post=242833"}],"version-history":[{"count":0,"href":"https:\/\/aromasentia.com\/de\/wp-json\/wp\/v2\/product\/242833\/revisions"}],"wp:featuredmedia":[{"embeddable":true,"href":"https:\/\/aromasentia.com\/de\/wp-json\/wp\/v2\/media\/267315"}],"wp:attachment":[{"href":"https:\/\/aromasentia.com\/de\/wp-json\/wp\/v2\/media?parent=242833"}],"wp:term":[{"taxonomy":"product_brand","embeddable":true,"href":"https:\/\/aromasentia.com\/de\/wp-json\/wp\/v2\/product_brand?post=242833"},{"taxonomy":"product_cat","embeddable":true,"href":"https:\/\/aromasentia.com\/de\/wp-json\/wp\/v2\/product_cat?post=242833"},{"taxonomy":"product_tag","embeddable":true,"href":"https:\/\/aromasentia.com\/de\/wp-json\/wp\/v2\/product_tag?post=242833"}],"curies":[{"name":"wp","href":"https:\/\/api.w.org\/{rel}","templated":true}]}}