{"id":242829,"date":"2025-03-20T15:13:10","date_gmt":"2025-03-20T15:13:10","guid":{"rendered":"https:\/\/aromasentia.com\/product\/lemon-organic-essential-oil-10ml\/"},"modified":"2025-12-30T20:41:32","modified_gmt":"2025-12-30T20:41:32","slug":"bio-aetherisches-zitroneoel","status":"publish","type":"product","link":"https:\/\/aromasentia.com\/de\/bio-aetherisches-zitroneoel\/","title":{"rendered":"Bio \u00e4therisches Zitrone\u00f6l"},"content":{"rendered":"<p><strong>Lateinischer Name:<\/strong>Citrus Limon<br \/><strong>Verwendeter Pflanzenteil:<\/strong> Fruchtschale<br \/><strong>Herkunft:<\/strong> Italien<br \/><strong>Extraktionsmethode:<\/strong> Kaltpressung<\/p>\n<p><strong>\u00c4therisches Bio-Zitronen\u00f6l<\/strong> hat einen scharfen, frischen Geruch und wird durch Kaltpressung aus der frischen Zitronenfruchtschale gewonnen. Dieses \u00d6l erfrischt den Geist und f\u00f6rdert die Konzentration, weshalb es h\u00e4ufig in Raumerfrischern f\u00fcr B\u00fcros und Banken verwendet wird. Es soll bei Rheuma, Arthritis und Gicht helfen. Es wurde zur Behandlung von Hautproblemen wie Abszessen, Furunkeln, Karbunkeln und Akne verwendet. Es st\u00e4rkt das Immunsystem und reinigt den K\u00f6rper.<\/p>\n<p>Bei Verwendung in einer Duftlampe (einige Tropfen in Wasser) werden die D\u00e4mpfe des Zitronen\u00f6ls bei Erk\u00e4ltungen, Kehlkopfentz\u00fcndungen, Kopfschmerzen und Grippe eingesetzt. Das Riechen des Aromas ist hilfreich bei psychischen Problemen wie Depressionen, Gereiztheit, Stress, Lethargie und M\u00fcdigkeit. Es hebt die Stimmung und kl\u00e4rt den Geist. Ein paar Tropfen ins Badewasser gegeben oder in ein Massage\u00f6l gemischt, soll es Verdauungsprobleme, Energiemangel, M\u00fcdigkeit, Infektionen, \u00dcbergewicht, Rheuma, Depressionen und Stress lindern. Es wird auch verwendet, um Kater loszuwerden.&nbsp;<\/p>\n<p>Die Zitronenpflanze stammt urspr\u00fcnglich aus Indien und m\u00f6glicherweise China und wurde im Mittelalter von den Kreuzfahrern nach Europa gebracht. Da die Frucht reich an Vitamin A, B und C ist, gab man Seeleuten t\u00e4glich eine Unze Zitronensaft, um Skorbut, Augenproblemen und anderen Vitaminmangel vorzubeugen. Der erste echte Zitronenanbau in Europa begann Mitte des 15. Jahrhunderts in Genua. Sp\u00e4ter wurde sie von Christoph Kolumbus in Amerika eingef\u00fchrt. Spanische Eroberungen trugen dazu bei, die Zitronensamen weiter zu verbreiten. Zitrone wurde haupts\u00e4chlich als Schmuckst\u00fcck und als Medizin verwendet. Erst viel sp\u00e4ter begann man, es in der K\u00fcche zu verwenden.<\/p>\n","protected":false},"excerpt":{"rendered":"<p>Lateinischer Name:Citrus LimonVerwendeter Pflanzenteil: FruchtschaleHerkunft: ItalienExtraktionsmethode: Kaltpressung \u00c4therisches Bio-Zitronen\u00f6l hat einen scharfen, frischen Geruch und wird durch Kaltpressung aus der frischen Zitronenfruchtschale gewonnen. Dieses \u00d6l erfrischt den Geist und f\u00f6rdert die Konzentration, weshalb es h\u00e4ufig in Raumerfrischern f\u00fcr B\u00fcros und Banken verwendet wird. Es soll bei Rheuma, Arthritis und Gicht helfen. Es wurde zur Behandlung [&hellip;]<\/p>\n","protected":false},"featured_media":267306,"comment_status":"closed","ping_status":"open","template":"","meta":[],"product_brand":[27090],"product_cat":[16455,23649,25841,26658,26238,26819],"product_tag":[],"class_list":{"0":"post-242829","1":"product","2":"type-product","3":"status-publish","4":"has-post-thumbnail","6":"product_brand-ancient-wisdom","7":"product_cat-aromatherapie-und-raumdufte","8":"product_cat-atherische-ole","9":"product_cat-dufte-aromen","10":"product_cat-oekologische-aetherische-oele","11":"product_cat-zitrone","12":"product_cat-zitrus","13":"pa_collection-10ml-organic-essential-oils-de","14":"pa_made-in-italien","15":"pa_size-10ml","17":"first","18":"instock","19":"purchasable","20":"product-type-simple"},"supplier_id":null,"supplier_sku":"OrgEO-07","barcode":null,"atum_controlled":true,"out_stock_date":null,"out_stock_threshold":null,"inheritable":false,"inbound_stock":null,"stock_on_hold":0,"sold_today":0,"sales_last_days":0,"reserved_stock":null,"customer_returns":null,"warehouse_damage":null,"lost_in_post":null,"other_logs":null,"out_stock_days":0,"lost_sales":0,"has_location":null,"update_date":"2026-02-10T03:22:03","atum_locations":[],"atum_stock_status":"instock","restock_status":false,"low_stock_amount":"","sales_update_date":"2025-09-05T00:17:29","calc_backorders":null,"_links":{"self":[{"href":"https:\/\/aromasentia.com\/de\/wp-json\/wp\/v2\/product\/242829","targetHints":{"allow":["GET"]}}],"collection":[{"href":"https:\/\/aromasentia.com\/de\/wp-json\/wp\/v2\/product"}],"about":[{"href":"https:\/\/aromasentia.com\/de\/wp-json\/wp\/v2\/types\/product"}],"replies":[{"embeddable":true,"href":"https:\/\/aromasentia.com\/de\/wp-json\/wp\/v2\/comments?post=242829"}],"version-history":[{"count":0,"href":"https:\/\/aromasentia.com\/de\/wp-json\/wp\/v2\/product\/242829\/revisions"}],"wp:featuredmedia":[{"embeddable":true,"href":"https:\/\/aromasentia.com\/de\/wp-json\/wp\/v2\/media\/267306"}],"wp:attachment":[{"href":"https:\/\/aromasentia.com\/de\/wp-json\/wp\/v2\/media?parent=242829"}],"wp:term":[{"taxonomy":"product_brand","embeddable":true,"href":"https:\/\/aromasentia.com\/de\/wp-json\/wp\/v2\/product_brand?post=242829"},{"taxonomy":"product_cat","embeddable":true,"href":"https:\/\/aromasentia.com\/de\/wp-json\/wp\/v2\/product_cat?post=242829"},{"taxonomy":"product_tag","embeddable":true,"href":"https:\/\/aromasentia.com\/de\/wp-json\/wp\/v2\/product_tag?post=242829"}],"curies":[{"name":"wp","href":"https:\/\/api.w.org\/{rel}","templated":true}]}}