{"id":242825,"date":"2025-03-20T15:13:10","date_gmt":"2025-03-20T15:13:10","guid":{"rendered":"https:\/\/aromasentia.com\/product\/peppermint-organic-essential-oil-10ml\/"},"modified":"2025-12-30T20:41:32","modified_gmt":"2025-12-30T20:41:32","slug":"bio-aetherisches-pfefferminzeoel","status":"publish","type":"product","link":"https:\/\/aromasentia.com\/de\/bio-aetherisches-pfefferminzeoel\/","title":{"rendered":"Bio \u00e4therisches Pfefferminze\u00f6l"},"content":{"rendered":"<p><strong>Lateinischer Name:<\/strong> Mentha Piperita<br \/><strong>Verwendeter Pflanzenteil:&nbsp;<\/strong>Bl\u00fctenkraut<br \/><strong>Herkunft:<\/strong> Vereinigtes K\u00f6nigreich<br \/><strong>Extraktionsmethode:&nbsp;<\/strong>Wasserdampfdestillation<\/p>\n<p><strong>\u00c4therisches Bio-Pfefferminz\u00f6l<\/strong> soll gut gegen Beschwerden wie Asthma, Koliken, Fieber, Bl\u00e4hungen, Kopfschmerzen, \u00dcbelkeit, Brustverstopfung und Schwindel sein. Dieses \u00d6l soll hervorragend gegen geistige Ersch\u00f6pfung und Depressionen helfen und dank seines Mentholgehalts erfrischend und anregend wirken. Es ist gut f\u00fcr die Haut und wird in Lotionen zur Behandlung von Sonnenbrand, Juckreiz oder entz\u00fcndeter Haut verwendet. In Mundsp\u00fclungen hilft es gegen Mundgeruch und Zahnfleischentz\u00fcndungen. Bei Verwendung in einer Duftlampe hat sie nicht nur eine therapeutische Wirkung, sondern h\u00e4lt auch M\u00fccken und andere Insekten fern.&nbsp;<\/p>\n<p>Pfefferminze stammt urspr\u00fcnglich aus dem Mittelmeerraum, wird aber mittlerweile auch in anderen L\u00e4ndern Europas, Amerikas und Asiens angebaut. Entdeckungen belegen, dass Pfefferminze seit der Antike in \u00c4gypten, Griechenland, Rom, China und Japan verwendet wurde. Der griechischen Sage nach wurde eine Nymphe namens Mentha in einem Wutanfall von Persephone, der Frau ihres Geliebten, in eine Minzpflanze verwandelt. Laut Plinius kr\u00f6nten Griechen und R\u00f6mer bei Festen ihre Feste mit Pfefferminze. In England wird sie seit mehreren Jahrhunderten als Heilmittel verwendet.<\/p>\n","protected":false},"excerpt":{"rendered":"<p>Lateinischer Name: Mentha PiperitaVerwendeter Pflanzenteil:&nbsp;Bl\u00fctenkrautHerkunft: Vereinigtes K\u00f6nigreichExtraktionsmethode:&nbsp;Wasserdampfdestillation \u00c4therisches Bio-Pfefferminz\u00f6l soll gut gegen Beschwerden wie Asthma, Koliken, Fieber, Bl\u00e4hungen, Kopfschmerzen, \u00dcbelkeit, Brustverstopfung und Schwindel sein. Dieses \u00d6l soll hervorragend gegen geistige Ersch\u00f6pfung und Depressionen helfen und dank seines Mentholgehalts erfrischend und anregend wirken. Es ist gut f\u00fcr die Haut und wird in Lotionen zur Behandlung von [&hellip;]<\/p>\n","protected":false},"featured_media":267297,"comment_status":"closed","ping_status":"open","template":"","meta":[],"product_brand":[27090],"product_cat":[16455,23649,25841,26875,26658,26336],"product_tag":[],"class_list":{"0":"post-242825","1":"product","2":"type-product","3":"status-publish","4":"has-post-thumbnail","6":"product_brand-ancient-wisdom","7":"product_cat-aromatherapie-und-raumdufte","8":"product_cat-atherische-ole","9":"product_cat-dufte-aromen","10":"product_cat-minzig","11":"product_cat-oekologische-aetherische-oele","12":"product_cat-pfefferminze","13":"pa_collection-10ml-organic-essential-oils-de","14":"pa_made-in-indien","15":"pa_size-10ml","17":"first","18":"instock","19":"purchasable","20":"product-type-simple"},"supplier_id":null,"supplier_sku":"OrgEO-06","barcode":null,"atum_controlled":true,"out_stock_date":null,"out_stock_threshold":null,"inheritable":false,"inbound_stock":null,"stock_on_hold":0,"sold_today":0,"sales_last_days":0,"reserved_stock":null,"customer_returns":null,"warehouse_damage":null,"lost_in_post":null,"other_logs":null,"out_stock_days":0,"lost_sales":0,"has_location":null,"update_date":"2026-01-30T01:25:02","atum_locations":[],"atum_stock_status":"instock","restock_status":false,"low_stock_amount":"","sales_update_date":"2026-01-30T01:25:02","calc_backorders":null,"_links":{"self":[{"href":"https:\/\/aromasentia.com\/de\/wp-json\/wp\/v2\/product\/242825","targetHints":{"allow":["GET"]}}],"collection":[{"href":"https:\/\/aromasentia.com\/de\/wp-json\/wp\/v2\/product"}],"about":[{"href":"https:\/\/aromasentia.com\/de\/wp-json\/wp\/v2\/types\/product"}],"replies":[{"embeddable":true,"href":"https:\/\/aromasentia.com\/de\/wp-json\/wp\/v2\/comments?post=242825"}],"version-history":[{"count":0,"href":"https:\/\/aromasentia.com\/de\/wp-json\/wp\/v2\/product\/242825\/revisions"}],"wp:featuredmedia":[{"embeddable":true,"href":"https:\/\/aromasentia.com\/de\/wp-json\/wp\/v2\/media\/267297"}],"wp:attachment":[{"href":"https:\/\/aromasentia.com\/de\/wp-json\/wp\/v2\/media?parent=242825"}],"wp:term":[{"taxonomy":"product_brand","embeddable":true,"href":"https:\/\/aromasentia.com\/de\/wp-json\/wp\/v2\/product_brand?post=242825"},{"taxonomy":"product_cat","embeddable":true,"href":"https:\/\/aromasentia.com\/de\/wp-json\/wp\/v2\/product_cat?post=242825"},{"taxonomy":"product_tag","embeddable":true,"href":"https:\/\/aromasentia.com\/de\/wp-json\/wp\/v2\/product_tag?post=242825"}],"curies":[{"name":"wp","href":"https:\/\/api.w.org\/{rel}","templated":true}]}}