{"id":242813,"date":"2025-03-20T15:13:10","date_gmt":"2025-03-20T15:13:10","guid":{"rendered":"https:\/\/aromasentia.com\/product\/eucalyptus-organic-essential-oil-10ml\/"},"modified":"2025-12-30T20:41:32","modified_gmt":"2025-12-30T20:41:32","slug":"bio-aetherisches-eukalyptusoel","status":"publish","type":"product","link":"https:\/\/aromasentia.com\/de\/bio-aetherisches-eukalyptusoel\/","title":{"rendered":"Bio \u00e4therisches Eukalyptus\u00f6l"},"content":{"rendered":"<p><strong>Lateinischer Name:<\/strong> Eucalyptus Globulus<br \/><strong>Verwendeter Pflanzenteil: <\/strong> Bl\u00e4tter<br \/><strong>Herkunft:<\/strong> Portugal<br \/><strong>Extraktionsmethode: <\/strong> Wasserdampfdestillation<\/p>\n<p>Eukalyptus &nbsp;\u00c4therisches Bio-\u00d6l ist eine konzentrierte Fl\u00fcssigkeit mit fl\u00fcchtigen Aromastoffen aus dem Eucalyptus Globulus-Baum. Es wird \u00fcblicherweise destilliert, manchmal gepresst oder mit einem L\u00f6sungsmittel extrahiert. \u00c4therisches Eukalyptus\u00f6l gilt als antibakteriell, desinfizierend und schmerzstillend. Es wird verwendet, um Husten, Erk\u00e4ltungen und andere Atemwegsbeschwerden zu lindern. Es beruhigt Muskel- und Gelenkschmerzen und hilft bei der Heilung von Wunden, Verbrennungen, Geschw\u00fcren und Insektenstichen. In der Aromatherapie wird Eukalyptus nachgesagt &nbsp; f\u00f6rdert Aktivit\u00e4t, Vitalit\u00e4t und Energie.<\/p>\n<p>Bei Atembeschwerden k\u00f6nnen einige Tropfen dieses \u00d6ls auf ein Tuch gegeben und eine halbe Minute lang durch den Mund eingeatmet und durch die Nase ausgeatmet werden. Es wird direkt auf Wunden, Ausschl\u00e4ge und Insektenstiche aufgetragen. Geben Sie ein paar Tropfen in Ihr Badewasser, um sich belebt und erfrischt zu f\u00fchlen. Weichen Sie Ihre schmerzenden F\u00fc\u00dfe zur Linderung in einer Sch\u00fcssel mit warmem Wasser und 4-5 Tropfen dieses \u00d6ls ein. Ein paar Tropfen \u00d6l in einem Diffusor sollen Keime und luftgetragene Bakterien abt\u00f6ten \u2013 eine gute Idee f\u00fcr ein Krankenzimmer. \u00c4therisches Eukalyptus\u00f6l ist nur zur \u00e4u\u00dferlichen Anwendung bestimmt. Konsultieren Sie immer einen autorisierten Arzt, wenn Sie es als Heilmittel verwenden.<\/p>\n<p>\u00c4therische \u00d6le spielten bereits im Altertum in \u00c4gypten, China und anderen Teilen der Welt eine Rolle bei der Heilung. Sie gelten als die \u00e4lteste Form der Medizin und Kosmetik, da sie aus Pflanzen destilliert werden und keine chemischen Zus\u00e4tze enthalten. komplizierte Prozesse oder Maschinen, aber dennoch eine Kunst. Aufgrund ihrer heilenden und aromatischen Eigenschaften galten sie im Altertum als wertvoller als Gold.<\/p>\n","protected":false},"excerpt":{"rendered":"<p>Lateinischer Name: Eucalyptus GlobulusVerwendeter Pflanzenteil: Bl\u00e4tterHerkunft: PortugalExtraktionsmethode: Wasserdampfdestillation Eukalyptus &nbsp;\u00c4therisches Bio-\u00d6l ist eine konzentrierte Fl\u00fcssigkeit mit fl\u00fcchtigen Aromastoffen aus dem Eucalyptus Globulus-Baum. Es wird \u00fcblicherweise destilliert, manchmal gepresst oder mit einem L\u00f6sungsmittel extrahiert. \u00c4therisches Eukalyptus\u00f6l gilt als antibakteriell, desinfizierend und schmerzstillend. Es wird verwendet, um Husten, Erk\u00e4ltungen und andere Atemwegsbeschwerden zu lindern. Es beruhigt Muskel- [&hellip;]<\/p>\n","protected":false},"featured_media":267270,"comment_status":"closed","ping_status":"open","template":"","meta":{"_angie_page":false},"product_brand":[27090],"product_cat":[16455,23649,25841,26177,26868,26658],"product_tag":[],"class_list":{"0":"post-242813","1":"product","2":"type-product","3":"status-publish","4":"has-post-thumbnail","6":"product_brand-ancient-wisdom","7":"product_cat-aromatherapie-und-raumdufte","8":"product_cat-atherische-ole","9":"product_cat-dufte-aromen","10":"product_cat-eukalyptus","11":"product_cat-medizinisch-kampferartig","12":"product_cat-oekologische-aetherische-oele","13":"pa_collection-10ml-organic-essential-oils-de","14":"pa_made-in-china","15":"pa_size-10ml","17":"first","18":"instock","19":"purchasable","20":"product-type-simple"},"supplier_id":null,"supplier_sku":"OrgEO-03","barcode":null,"atum_controlled":true,"out_stock_date":null,"out_stock_threshold":null,"inheritable":false,"inbound_stock":null,"stock_on_hold":0,"sold_today":0,"sales_last_days":0,"reserved_stock":null,"customer_returns":null,"warehouse_damage":null,"lost_in_post":null,"other_logs":null,"out_stock_days":0,"lost_sales":0,"has_location":null,"update_date":"2026-04-27T07:16:58","atum_locations":[],"atum_stock_status":"instock","restock_status":false,"low_stock_amount":"","sales_update_date":"2025-09-05T00:17:28","calc_backorders":null,"_links":{"self":[{"href":"https:\/\/aromasentia.com\/de\/wp-json\/wp\/v2\/product\/242813","targetHints":{"allow":["GET"]}}],"collection":[{"href":"https:\/\/aromasentia.com\/de\/wp-json\/wp\/v2\/product"}],"about":[{"href":"https:\/\/aromasentia.com\/de\/wp-json\/wp\/v2\/types\/product"}],"replies":[{"embeddable":true,"href":"https:\/\/aromasentia.com\/de\/wp-json\/wp\/v2\/comments?post=242813"}],"version-history":[{"count":0,"href":"https:\/\/aromasentia.com\/de\/wp-json\/wp\/v2\/product\/242813\/revisions"}],"wp:featuredmedia":[{"embeddable":true,"href":"https:\/\/aromasentia.com\/de\/wp-json\/wp\/v2\/media\/267270"}],"wp:attachment":[{"href":"https:\/\/aromasentia.com\/de\/wp-json\/wp\/v2\/media?parent=242813"}],"wp:term":[{"taxonomy":"product_brand","embeddable":true,"href":"https:\/\/aromasentia.com\/de\/wp-json\/wp\/v2\/product_brand?post=242813"},{"taxonomy":"product_cat","embeddable":true,"href":"https:\/\/aromasentia.com\/de\/wp-json\/wp\/v2\/product_cat?post=242813"},{"taxonomy":"product_tag","embeddable":true,"href":"https:\/\/aromasentia.com\/de\/wp-json\/wp\/v2\/product_tag?post=242813"}],"curies":[{"name":"wp","href":"https:\/\/api.w.org\/{rel}","templated":true}]}}