{"id":242809,"date":"2025-03-20T15:13:31","date_gmt":"2025-03-20T15:13:31","guid":{"rendered":"https:\/\/aromasentia.com\/product\/rosemary-organic-essential-oil-0-5kg\/"},"modified":"2025-06-28T21:36:40","modified_gmt":"2025-06-28T21:36:40","slug":"rosmarin-bio-aetherisches-oel-500ml","status":"publish","type":"product","link":"https:\/\/aromasentia.com\/de\/rosmarin-bio-aetherisches-oel-500ml\/","title":{"rendered":"Rosmarin Bio-\u00c4therisches \u00d6l 500ml"},"content":{"rendered":"<p>Sch\u00e4rfen Sie Ihren Verstand mit unserem \u00e4therischen Bio-Rosmarin\u00f6l (500 ml). Dieses bio-zertifizierte Rosmarin\u00f6l hat ein starkes, frisches, krautiges und kampferartiges Aroma, das f\u00fcr seine F\u00e4higkeit bekannt ist, geistige Klarheit zu f\u00f6rdern, das Ged\u00e4chtnis zu verbessern und die Sinne zu beleben. Auch f\u00fcr die biologische Haarpflege ist es von gro\u00dfem Nutzen, da es die Gesundheit der Kopfhaut und ein kr\u00e4ftiges Wachstum f\u00f6rdert. Dieses reine \u00d6l ist ideal f\u00fcr die Diffusion w\u00e4hrend des Studiums oder der Arbeit oder f\u00fcr die Zugabe zu belebenden Massage- und Haarpflegepr\u00e4paraten.<\/p>\n","protected":false},"excerpt":{"rendered":"<p>Sch\u00e4rfen Sie Ihren Verstand mit unserem \u00e4therischen Bio-Rosmarin\u00f6l (500 ml). Dieses bio-zertifizierte Rosmarin\u00f6l hat ein starkes, frisches, krautiges und kampferartiges Aroma, das f\u00fcr seine F\u00e4higkeit bekannt ist, geistige Klarheit zu f\u00f6rdern, das Ged\u00e4chtnis zu verbessern und die Sinne zu beleben. Auch f\u00fcr die biologische Haarpflege ist es von gro\u00dfem Nutzen, da es die Gesundheit der [&hellip;]<\/p>\n","protected":false},"featured_media":267503,"comment_status":"closed","ping_status":"open","template":"","meta":{"_angie_page":false},"product_brand":[27090],"product_cat":[16455,23649,25841,26861,26658,26374],"product_tag":[],"class_list":{"0":"post-242809","1":"product","2":"type-product","3":"status-publish","4":"has-post-thumbnail","6":"product_brand-ancient-wisdom","7":"product_cat-aromatherapie-und-raumdufte","8":"product_cat-atherische-ole","9":"product_cat-dufte-aromen","10":"product_cat-krauter-aromatisch","11":"product_cat-oekologische-aetherische-oele","12":"product_cat-rosmarin","13":"pa_collection-bulk-organic-essential-oils-de","14":"pa_made-in-tunesien","15":"pa_size-500ml","17":"first","18":"instock","19":"purchasable","20":"product-type-simple"},"supplier_id":null,"supplier_sku":"OrgEOB-08","barcode":null,"atum_controlled":true,"out_stock_date":null,"out_stock_threshold":null,"inheritable":false,"inbound_stock":null,"stock_on_hold":0,"sold_today":0,"sales_last_days":0,"reserved_stock":null,"customer_returns":null,"warehouse_damage":null,"lost_in_post":null,"other_logs":null,"out_stock_days":0,"lost_sales":0,"has_location":null,"update_date":"2026-04-27T07:17:04","atum_locations":[],"atum_stock_status":"instock","restock_status":false,"low_stock_amount":"","sales_update_date":"2026-01-30T01:25:59","calc_backorders":null,"_links":{"self":[{"href":"https:\/\/aromasentia.com\/de\/wp-json\/wp\/v2\/product\/242809","targetHints":{"allow":["GET"]}}],"collection":[{"href":"https:\/\/aromasentia.com\/de\/wp-json\/wp\/v2\/product"}],"about":[{"href":"https:\/\/aromasentia.com\/de\/wp-json\/wp\/v2\/types\/product"}],"replies":[{"embeddable":true,"href":"https:\/\/aromasentia.com\/de\/wp-json\/wp\/v2\/comments?post=242809"}],"version-history":[{"count":0,"href":"https:\/\/aromasentia.com\/de\/wp-json\/wp\/v2\/product\/242809\/revisions"}],"wp:featuredmedia":[{"embeddable":true,"href":"https:\/\/aromasentia.com\/de\/wp-json\/wp\/v2\/media\/267503"}],"wp:attachment":[{"href":"https:\/\/aromasentia.com\/de\/wp-json\/wp\/v2\/media?parent=242809"}],"wp:term":[{"taxonomy":"product_brand","embeddable":true,"href":"https:\/\/aromasentia.com\/de\/wp-json\/wp\/v2\/product_brand?post=242809"},{"taxonomy":"product_cat","embeddable":true,"href":"https:\/\/aromasentia.com\/de\/wp-json\/wp\/v2\/product_cat?post=242809"},{"taxonomy":"product_tag","embeddable":true,"href":"https:\/\/aromasentia.com\/de\/wp-json\/wp\/v2\/product_tag?post=242809"}],"curies":[{"name":"wp","href":"https:\/\/api.w.org\/{rel}","templated":true}]}}