{"id":242805,"date":"2025-03-20T15:13:31","date_gmt":"2025-03-20T15:13:31","guid":{"rendered":"https:\/\/aromasentia.com\/product\/lemon-organic-essential-oil-0-5kg\/"},"modified":"2025-06-28T21:36:40","modified_gmt":"2025-06-28T21:36:40","slug":"zitrone-bio-aetherisches-oel-500ml","status":"publish","type":"product","link":"https:\/\/aromasentia.com\/de\/zitrone-bio-aetherisches-oel-500ml\/","title":{"rendered":"Zitrone Bio-\u00c4therisches \u00d6l 500ml"},"content":{"rendered":"<p>Erfrischen und reinigen Sie sich mit unserem \u00e4therischen Bio-Zitronen\u00f6l (500 ml). Dieses biologisch zertifizierte \u00d6l verstr\u00f6mt einen spritzigen, frischen und wunderbar belebenden Zitrusduft, wie frisch geschnittene Zitronen. Es ist ein nat\u00fcrlicher Stimmungsaufheller, Luftreiniger und effektiver Entfetter und damit perfekt f\u00fcr nat\u00fcrliche Reinigungsl\u00f6sungen geeignet. Sein fr\u00f6hliches Aroma kann den Geist anregen und eine positive Atmosph\u00e4re f\u00f6rdern. Es stammt aus biologischem Anbau und ist ein herrliches und vielseitiges \u00d6l zum Zerst\u00e4uben, Reinigen und um den Tag zu versch\u00f6nern.<\/p>\n","protected":false},"excerpt":{"rendered":"<p>Erfrischen und reinigen Sie sich mit unserem \u00e4therischen Bio-Zitronen\u00f6l (500 ml). Dieses biologisch zertifizierte \u00d6l verstr\u00f6mt einen spritzigen, frischen und wunderbar belebenden Zitrusduft, wie frisch geschnittene Zitronen. Es ist ein nat\u00fcrlicher Stimmungsaufheller, Luftreiniger und effektiver Entfetter und damit perfekt f\u00fcr nat\u00fcrliche Reinigungsl\u00f6sungen geeignet. Sein fr\u00f6hliches Aroma kann den Geist anregen und eine positive Atmosph\u00e4re f\u00f6rdern. [&hellip;]<\/p>\n","protected":false},"featured_media":267494,"comment_status":"closed","ping_status":"open","template":"","meta":[],"product_brand":[27090],"product_cat":[16455,23649,25841,26658,26238,26819],"product_tag":[],"class_list":{"0":"post-242805","1":"product","2":"type-product","3":"status-publish","4":"has-post-thumbnail","6":"product_brand-ancient-wisdom","7":"product_cat-aromatherapie-und-raumdufte","8":"product_cat-atherische-ole","9":"product_cat-dufte-aromen","10":"product_cat-oekologische-aetherische-oele","11":"product_cat-zitrone","12":"product_cat-zitrus","13":"pa_collection-bulk-organic-essential-oils-de","14":"pa_made-in-italien","15":"pa_size-500ml","17":"first","18":"instock","19":"purchasable","20":"product-type-simple"},"supplier_id":null,"supplier_sku":"OrgEOB-07","barcode":null,"atum_controlled":true,"out_stock_date":null,"out_stock_threshold":null,"inheritable":false,"inbound_stock":null,"stock_on_hold":0,"sold_today":0,"sales_last_days":0,"reserved_stock":null,"customer_returns":null,"warehouse_damage":null,"lost_in_post":null,"other_logs":null,"out_stock_days":0,"lost_sales":0,"has_location":null,"update_date":"2026-01-30T01:26:00","atum_locations":[],"atum_stock_status":"instock","restock_status":false,"low_stock_amount":"","sales_update_date":"2026-01-30T01:26:00","calc_backorders":null,"_links":{"self":[{"href":"https:\/\/aromasentia.com\/de\/wp-json\/wp\/v2\/product\/242805","targetHints":{"allow":["GET"]}}],"collection":[{"href":"https:\/\/aromasentia.com\/de\/wp-json\/wp\/v2\/product"}],"about":[{"href":"https:\/\/aromasentia.com\/de\/wp-json\/wp\/v2\/types\/product"}],"replies":[{"embeddable":true,"href":"https:\/\/aromasentia.com\/de\/wp-json\/wp\/v2\/comments?post=242805"}],"version-history":[{"count":0,"href":"https:\/\/aromasentia.com\/de\/wp-json\/wp\/v2\/product\/242805\/revisions"}],"wp:featuredmedia":[{"embeddable":true,"href":"https:\/\/aromasentia.com\/de\/wp-json\/wp\/v2\/media\/267494"}],"wp:attachment":[{"href":"https:\/\/aromasentia.com\/de\/wp-json\/wp\/v2\/media?parent=242805"}],"wp:term":[{"taxonomy":"product_brand","embeddable":true,"href":"https:\/\/aromasentia.com\/de\/wp-json\/wp\/v2\/product_brand?post=242805"},{"taxonomy":"product_cat","embeddable":true,"href":"https:\/\/aromasentia.com\/de\/wp-json\/wp\/v2\/product_cat?post=242805"},{"taxonomy":"product_tag","embeddable":true,"href":"https:\/\/aromasentia.com\/de\/wp-json\/wp\/v2\/product_tag?post=242805"}],"curies":[{"name":"wp","href":"https:\/\/api.w.org\/{rel}","templated":true}]}}