{"id":242801,"date":"2025-03-20T15:13:31","date_gmt":"2025-03-20T15:13:31","guid":{"rendered":"https:\/\/aromasentia.com\/product\/peppermint-organic-essential-oil-0-5kg\/"},"modified":"2025-06-28T21:36:39","modified_gmt":"2025-06-28T21:36:39","slug":"pfefferminze-bio-aetherisches-oel-500ml","status":"publish","type":"product","link":"https:\/\/aromasentia.com\/de\/pfefferminze-bio-aetherisches-oel-500ml\/","title":{"rendered":"Pfefferminze Bio-\u00c4therisches \u00d6l 500ml"},"content":{"rendered":"<p>Beleben und k\u00fchlen Sie sich mit unserem \u00e4therischen Bio-Pfefferminz\u00f6l (500 ml). Dieses bio-zertifizierte Pfefferminz\u00f6l verstr\u00f6mt ein intensives, scharfes und erfrischendes Minzaroma, das den Geist anregt und den K\u00f6rper belebt. Es ist bekannt f\u00fcr seine F\u00e4higkeit, Kopfschmerzen zu lindern, Verdauungsbeschwerden zu beruhigen und \u00fcberanstrengte Muskeln zu k\u00fchlen. Sein sauberer, erhebender Duft eignet sich perfekt f\u00fcr die Diffusion, um die Konzentration zu verbessern oder eine belebende Atmosph\u00e4re zu schaffen. Aus reinem biologischem Anbau stammend, ist es eine wirksame und vielseitige Erg\u00e4nzung f\u00fcr Ihr nat\u00fcrliches Wellness-Toolkit.<\/p>\n","protected":false},"excerpt":{"rendered":"<p>Beleben und k\u00fchlen Sie sich mit unserem \u00e4therischen Bio-Pfefferminz\u00f6l (500 ml). Dieses bio-zertifizierte Pfefferminz\u00f6l verstr\u00f6mt ein intensives, scharfes und erfrischendes Minzaroma, das den Geist anregt und den K\u00f6rper belebt. Es ist bekannt f\u00fcr seine F\u00e4higkeit, Kopfschmerzen zu lindern, Verdauungsbeschwerden zu beruhigen und \u00fcberanstrengte Muskeln zu k\u00fchlen. Sein sauberer, erhebender Duft eignet sich perfekt f\u00fcr die [&hellip;]<\/p>\n","protected":false},"featured_media":267485,"comment_status":"closed","ping_status":"open","template":"","meta":[],"product_brand":[27090],"product_cat":[16455,23649,25841,26875,26658,26336],"product_tag":[],"class_list":{"0":"post-242801","1":"product","2":"type-product","3":"status-publish","4":"has-post-thumbnail","6":"product_brand-ancient-wisdom","7":"product_cat-aromatherapie-und-raumdufte","8":"product_cat-atherische-ole","9":"product_cat-dufte-aromen","10":"product_cat-minzig","11":"product_cat-oekologische-aetherische-oele","12":"product_cat-pfefferminze","13":"pa_collection-bulk-organic-essential-oils-de","14":"pa_made-in-indien","15":"pa_size-500ml","17":"first","18":"instock","19":"purchasable","20":"product-type-simple"},"supplier_id":null,"supplier_sku":"OrgEOB-06","barcode":null,"atum_controlled":true,"out_stock_date":null,"out_stock_threshold":null,"inheritable":false,"inbound_stock":null,"stock_on_hold":0,"sold_today":0,"sales_last_days":0,"reserved_stock":null,"customer_returns":null,"warehouse_damage":null,"lost_in_post":null,"other_logs":null,"out_stock_days":0,"lost_sales":0,"has_location":null,"update_date":"2026-01-30T08:23:04","atum_locations":[],"atum_stock_status":"instock","restock_status":false,"low_stock_amount":"","sales_update_date":"2026-01-30T01:25:32","calc_backorders":null,"_links":{"self":[{"href":"https:\/\/aromasentia.com\/de\/wp-json\/wp\/v2\/product\/242801","targetHints":{"allow":["GET"]}}],"collection":[{"href":"https:\/\/aromasentia.com\/de\/wp-json\/wp\/v2\/product"}],"about":[{"href":"https:\/\/aromasentia.com\/de\/wp-json\/wp\/v2\/types\/product"}],"replies":[{"embeddable":true,"href":"https:\/\/aromasentia.com\/de\/wp-json\/wp\/v2\/comments?post=242801"}],"version-history":[{"count":0,"href":"https:\/\/aromasentia.com\/de\/wp-json\/wp\/v2\/product\/242801\/revisions"}],"wp:featuredmedia":[{"embeddable":true,"href":"https:\/\/aromasentia.com\/de\/wp-json\/wp\/v2\/media\/267485"}],"wp:attachment":[{"href":"https:\/\/aromasentia.com\/de\/wp-json\/wp\/v2\/media?parent=242801"}],"wp:term":[{"taxonomy":"product_brand","embeddable":true,"href":"https:\/\/aromasentia.com\/de\/wp-json\/wp\/v2\/product_brand?post=242801"},{"taxonomy":"product_cat","embeddable":true,"href":"https:\/\/aromasentia.com\/de\/wp-json\/wp\/v2\/product_cat?post=242801"},{"taxonomy":"product_tag","embeddable":true,"href":"https:\/\/aromasentia.com\/de\/wp-json\/wp\/v2\/product_tag?post=242801"}],"curies":[{"name":"wp","href":"https:\/\/api.w.org\/{rel}","templated":true}]}}