{"id":242797,"date":"2025-03-20T15:13:31","date_gmt":"2025-03-20T15:13:31","guid":{"rendered":"https:\/\/aromasentia.com\/product\/ylang-ylang-organic-essential-oil-0-5kg\/"},"modified":"2025-06-28T21:36:38","modified_gmt":"2025-06-28T21:36:38","slug":"ylang-ylang-bio-aetherisches-oel-500ml","status":"publish","type":"product","link":"https:\/\/aromasentia.com\/de\/ylang-ylang-bio-aetherisches-oel-500ml\/","title":{"rendered":"Ylang-Ylang Bio-\u00c4therisches \u00d6l 500ml"},"content":{"rendered":"<p>Lassen Sie sich von der exotischen Blumigkeit unseres \u00e4therischen Bio-Ylang-Ylang-\u00d6ls (500 ml) verw\u00f6hnen. Dieses bio-zertifizierte Ylang Ylang-\u00d6l (wahrscheinlich ein kompletter oder gemischter Grad) liefert ein intensiv s\u00fc\u00dfes, reichhaltiges und berauschendes blumiges Aroma, das f\u00fcr seine entspannenden, stimmungsaufhellenden und aphrodisierenden Eigenschaften bekannt ist. Sie hilft, Stress abzubauen, inspiriert die Sinnlichkeit und f\u00f6rdert das emotionale Gleichgewicht. Seine biologische Reinheit sorgt f\u00fcr einen sch\u00f6nen, unverf\u00e4lschten Duft, der sich perfekt f\u00fcr luxuri\u00f6se Parfums, Diffuser und beruhigende Bade- oder Massagemischungen eignet und K\u00f6rper und Geist pflegt.<\/p>\n","protected":false},"excerpt":{"rendered":"<p>Lassen Sie sich von der exotischen Blumigkeit unseres \u00e4therischen Bio-Ylang-Ylang-\u00d6ls (500 ml) verw\u00f6hnen. Dieses bio-zertifizierte Ylang Ylang-\u00d6l (wahrscheinlich ein kompletter oder gemischter Grad) liefert ein intensiv s\u00fc\u00dfes, reichhaltiges und berauschendes blumiges Aroma, das f\u00fcr seine entspannenden, stimmungsaufhellenden und aphrodisierenden Eigenschaften bekannt ist. Sie hilft, Stress abzubauen, inspiriert die Sinnlichkeit und f\u00f6rdert das emotionale Gleichgewicht. Seine [&hellip;]<\/p>\n","protected":false},"featured_media":267476,"comment_status":"closed","ping_status":"open","template":"","meta":{"_angie_page":false},"product_brand":[27090],"product_cat":[16455,23649,26833,25841,26658,26444],"product_tag":[],"class_list":{"0":"post-242797","1":"product","2":"type-product","3":"status-publish","4":"has-post-thumbnail","6":"product_brand-ancient-wisdom","7":"product_cat-aromatherapie-und-raumdufte","8":"product_cat-atherische-ole","9":"product_cat-blumig","10":"product_cat-dufte-aromen","11":"product_cat-oekologische-aetherische-oele","12":"product_cat-ylang-ylang","13":"pa_collection-bulk-organic-essential-oils-de","14":"pa_made-in-komoren","15":"pa_size-500ml","17":"first","18":"outofstock","19":"purchasable","20":"product-type-simple"},"supplier_id":null,"supplier_sku":"OrgEOB-05","barcode":null,"atum_controlled":true,"out_stock_date":"2026-04-25 15:12:51","out_stock_threshold":null,"inheritable":false,"inbound_stock":0,"stock_on_hold":0,"sold_today":0,"sales_last_days":0,"reserved_stock":0,"customer_returns":0,"warehouse_damage":0,"lost_in_post":0,"other_logs":0,"out_stock_days":0,"lost_sales":0,"has_location":false,"update_date":"2026-04-27T07:17:04","atum_locations":[],"atum_stock_status":"outofstock","restock_status":false,"low_stock_amount":"","sales_update_date":"2025-09-05T00:17:36","calc_backorders":null,"_links":{"self":[{"href":"https:\/\/aromasentia.com\/de\/wp-json\/wp\/v2\/product\/242797","targetHints":{"allow":["GET"]}}],"collection":[{"href":"https:\/\/aromasentia.com\/de\/wp-json\/wp\/v2\/product"}],"about":[{"href":"https:\/\/aromasentia.com\/de\/wp-json\/wp\/v2\/types\/product"}],"replies":[{"embeddable":true,"href":"https:\/\/aromasentia.com\/de\/wp-json\/wp\/v2\/comments?post=242797"}],"version-history":[{"count":0,"href":"https:\/\/aromasentia.com\/de\/wp-json\/wp\/v2\/product\/242797\/revisions"}],"wp:featuredmedia":[{"embeddable":true,"href":"https:\/\/aromasentia.com\/de\/wp-json\/wp\/v2\/media\/267476"}],"wp:attachment":[{"href":"https:\/\/aromasentia.com\/de\/wp-json\/wp\/v2\/media?parent=242797"}],"wp:term":[{"taxonomy":"product_brand","embeddable":true,"href":"https:\/\/aromasentia.com\/de\/wp-json\/wp\/v2\/product_brand?post=242797"},{"taxonomy":"product_cat","embeddable":true,"href":"https:\/\/aromasentia.com\/de\/wp-json\/wp\/v2\/product_cat?post=242797"},{"taxonomy":"product_tag","embeddable":true,"href":"https:\/\/aromasentia.com\/de\/wp-json\/wp\/v2\/product_tag?post=242797"}],"curies":[{"name":"wp","href":"https:\/\/api.w.org\/{rel}","templated":true}]}}