{"id":242777,"date":"2025-03-20T15:13:31","date_gmt":"2025-03-20T15:13:31","guid":{"rendered":"https:\/\/aromasentia.com\/product\/rose-geranium-organic-essential-oil-10ml\/"},"modified":"2025-12-30T20:41:32","modified_gmt":"2025-12-30T20:41:32","slug":"bio-aetherisches-oel-rosengeranie","status":"publish","type":"product","link":"https:\/\/aromasentia.com\/de\/bio-aetherisches-oel-rosengeranie\/","title":{"rendered":"Bio \u00e4therisches \u00d6l Rosengeranie"},"content":{"rendered":"<p><strong>Lateinischer Name:<\/strong> Pelargonium Graveolens &#038; P\/Rosa Egypt<br \/><strong>Mischung \u00e4therischer \u00d6le<\/strong><\/p>\n<p><strong>Bio-\u00e4therisches Rosengeranien\u00f6l<\/strong> ist ein Wirkstoff in einigen Kosmetikprodukten wie Lotionen und Parf\u00fcms. Eine Studien\u00fcbersicht aus dem Jahr 2017 zeigte, dass die antioxidativen Eigenschaften von Rosengeranien\u00f6l die Zeichen der Hautalterung reduzieren k\u00f6nnen. Antioxidantien sind als nat\u00fcrliche Wirkstoffe zur Verbesserung der Selbstheilungsf\u00e4higkeit der Haut von Umweltgiften und Belastungen bekannt.<\/p>\n<p>Rosengeranien\u00f6l hat starke antimikrobielle, antimykotische und antivirale Eigenschaften.<\/p>\n","protected":false},"excerpt":{"rendered":"<p>Lateinischer Name: Pelargonium Graveolens &#038; P\/Rosa EgyptMischung \u00e4therischer \u00d6le Bio-\u00e4therisches Rosengeranien\u00f6l ist ein Wirkstoff in einigen Kosmetikprodukten wie Lotionen und Parf\u00fcms. Eine Studien\u00fcbersicht aus dem Jahr 2017 zeigte, dass die antioxidativen Eigenschaften von Rosengeranien\u00f6l die Zeichen der Hautalterung reduzieren k\u00f6nnen. Antioxidantien sind als nat\u00fcrliche Wirkstoffe zur Verbesserung der Selbstheilungsf\u00e4higkeit der Haut von Umweltgiften und Belastungen [&hellip;]<\/p>\n","protected":false},"featured_media":267423,"comment_status":"closed","ping_status":"open","template":"","meta":{"_angie_page":false},"product_brand":[27090],"product_cat":[16455,23649,26833,25841,26658,26370,26186],"product_tag":[],"class_list":{"0":"post-242777","1":"product","2":"type-product","3":"status-publish","4":"has-post-thumbnail","6":"product_brand-ancient-wisdom","7":"product_cat-aromatherapie-und-raumdufte","8":"product_cat-atherische-ole","9":"product_cat-blumig","10":"product_cat-dufte-aromen","11":"product_cat-oekologische-aetherische-oele","12":"product_cat-rosen","13":"product_cat-weihrauch","14":"pa_collection-10ml-organic-essential-oils-de","15":"pa_made-in-reunion","16":"pa_size-10ml","18":"first","19":"instock","20":"purchasable","21":"product-type-simple"},"supplier_id":null,"supplier_sku":"OrgEO-20","barcode":null,"atum_controlled":true,"out_stock_date":null,"out_stock_threshold":null,"inheritable":false,"inbound_stock":null,"stock_on_hold":0,"sold_today":0,"sales_last_days":0,"reserved_stock":null,"customer_returns":null,"warehouse_damage":null,"lost_in_post":null,"other_logs":null,"out_stock_days":0,"lost_sales":0,"has_location":null,"update_date":"2026-05-08T05:15:42","atum_locations":[],"atum_stock_status":"instock","restock_status":false,"low_stock_amount":"","sales_update_date":"2026-02-06T00:01:31","calc_backorders":null,"_links":{"self":[{"href":"https:\/\/aromasentia.com\/de\/wp-json\/wp\/v2\/product\/242777","targetHints":{"allow":["GET"]}}],"collection":[{"href":"https:\/\/aromasentia.com\/de\/wp-json\/wp\/v2\/product"}],"about":[{"href":"https:\/\/aromasentia.com\/de\/wp-json\/wp\/v2\/types\/product"}],"replies":[{"embeddable":true,"href":"https:\/\/aromasentia.com\/de\/wp-json\/wp\/v2\/comments?post=242777"}],"version-history":[{"count":0,"href":"https:\/\/aromasentia.com\/de\/wp-json\/wp\/v2\/product\/242777\/revisions"}],"wp:featuredmedia":[{"embeddable":true,"href":"https:\/\/aromasentia.com\/de\/wp-json\/wp\/v2\/media\/267423"}],"wp:attachment":[{"href":"https:\/\/aromasentia.com\/de\/wp-json\/wp\/v2\/media?parent=242777"}],"wp:term":[{"taxonomy":"product_brand","embeddable":true,"href":"https:\/\/aromasentia.com\/de\/wp-json\/wp\/v2\/product_brand?post=242777"},{"taxonomy":"product_cat","embeddable":true,"href":"https:\/\/aromasentia.com\/de\/wp-json\/wp\/v2\/product_cat?post=242777"},{"taxonomy":"product_tag","embeddable":true,"href":"https:\/\/aromasentia.com\/de\/wp-json\/wp\/v2\/product_tag?post=242777"}],"curies":[{"name":"wp","href":"https:\/\/api.w.org\/{rel}","templated":true}]}}