{"id":242765,"date":"2025-03-20T15:13:31","date_gmt":"2025-03-20T15:13:31","guid":{"rendered":"https:\/\/aromasentia.com\/product\/cedarwood-organic-essential-oil-10ml\/"},"modified":"2025-12-30T20:41:25","modified_gmt":"2025-12-30T20:41:25","slug":"bio-aetherisches-oel-zedernholz","status":"publish","type":"product","link":"https:\/\/aromasentia.com\/de\/bio-aetherisches-oel-zedernholz\/","title":{"rendered":"Bio \u00e4therisches \u00d6l Zedernholz"},"content":{"rendered":"<p><strong>Lateinischer Name:<\/strong> Juniperus Virginiana<br \/><strong>Verwendeter Pflanzenteil:<\/strong> Holz<br \/><strong>Herkunft:<\/strong> USA<br \/><strong>Extraktionsmethode:<\/strong> Wasserdampfdestillation<\/p>\n<p>Zedernholz ist eine Pflanze, die in kalten Klimazonen heimisch ist und normalerweise in gro\u00dfen H\u00f6hen w\u00e4chst. Die gesundheitsf\u00f6rdernde Wirkung des \u00e4therischen Zedernholz\u00f6ls beruht auf seinen Eigenschaften als antiseborrhoisches, antiseptisches, krampfl\u00f6sendes, tonisierendes, adstringierendes, harntreibendes, menstruationsbek\u00e4mpfendes, schleiml\u00f6sendes, insektizides, beruhigendes und fungizides Mittel.<\/p>\n<p><strong>\u00c4therisches Bio-Zedernholz\u00f6l<\/strong> lindert die Symptome von Seborrhoe. Seborrhoe oder seborrhoisches Ekzem ist eine schwere Erkrankung, die durch eine Fehlfunktion der Talgdr\u00fcsen verursacht wird. Dies f\u00fchrt zu einer erh\u00f6hten Talgproduktion und in der Folge zu einer Infektion der Epidermiszellen. Es sieht sehr unsch\u00f6n aus, da die wei\u00df oder blassgelb gef\u00e4rbte Haut beginnt, sich abzusch\u00e4len, insbesondere an der Kopfhaut, den Augenbrauen, dem Innenohr und allen anderen Stellen mit Haarfollikeln. Zedernholz\u00f6l kann bei der Heilung dieser entz\u00fcndlichen Erkrankung hilfreich sein und das Absch\u00e4len der Haut reduzieren, die Talgproduktion regulieren und die Infektion behandeln. Das \u00d6l reduziert zudem die unsch\u00f6ne R\u00f6tung und die offensichtlichen Anzeichen der Erkrankung und beseitigt sie gleichzeitig.<\/p>\n<p>Zedernholz\u00f6l beugt septischen Wunden vor und sch\u00fctzt sie vor Tetanuskeimen. &nbsp;Indem es den K\u00f6rper vor Giftstoffen sch\u00fctzt, entlastet das \u00e4therische Zedernholz\u00f6l die wei\u00dfen Blutk\u00f6rperchen und das Immunsystem von zus\u00e4tzlichem Stress, wodurch sie die inneren Funktionen sch\u00fctzen k\u00f6nnen.<\/p>\n<p>Zedernholz\u00f6l kann als allgemeines St\u00e4rkungsmittel verwendet werden, da es die Organsysteme st\u00e4rkt und den Stoffwechsel anregt. Es strafft und st\u00e4rkt die Muskeln der Haut, des Magens und des Verdauungssystems und reguliert die Gehirnfunktionen. Es st\u00e4rkt die Nieren- und Leberfunktion, was wiederum die allgemeine Gesundheit und das Wohlbefinden verbessert.<\/p>\n","protected":false},"excerpt":{"rendered":"<p>Lateinischer Name: Juniperus VirginianaVerwendeter Pflanzenteil: HolzHerkunft: USAExtraktionsmethode: Wasserdampfdestillation Zedernholz ist eine Pflanze, die in kalten Klimazonen heimisch ist und normalerweise in gro\u00dfen H\u00f6hen w\u00e4chst. Die gesundheitsf\u00f6rdernde Wirkung des \u00e4therischen Zedernholz\u00f6ls beruht auf seinen Eigenschaften als antiseborrhoisches, antiseptisches, krampfl\u00f6sendes, tonisierendes, adstringierendes, harntreibendes, menstruationsbek\u00e4mpfendes, schleiml\u00f6sendes, insektizides, beruhigendes und fungizides Mittel. \u00c4therisches Bio-Zedernholz\u00f6l lindert die Symptome von Seborrhoe. [&hellip;]<\/p>\n","protected":false},"featured_media":267396,"comment_status":"closed","ping_status":"open","template":"","meta":{"_angie_page":false},"product_brand":[27090],"product_cat":[16455,23649,25841,26896,26658,26125],"product_tag":[],"class_list":{"0":"post-242765","1":"product","2":"type-product","3":"status-publish","4":"has-post-thumbnail","6":"product_brand-ancient-wisdom","7":"product_cat-aromatherapie-und-raumdufte","8":"product_cat-atherische-ole","9":"product_cat-dufte-aromen","10":"product_cat-holzig","11":"product_cat-oekologische-aetherische-oele","12":"product_cat-zeder","13":"pa_collection-10ml-organic-essential-oils-de","14":"pa_made-in-marokko","15":"pa_size-10ml","17":"first","18":"instock","19":"purchasable","20":"product-type-simple"},"supplier_id":null,"supplier_sku":"OrgEO-17","barcode":null,"atum_controlled":true,"out_stock_date":null,"out_stock_threshold":null,"inheritable":false,"inbound_stock":null,"stock_on_hold":0,"sold_today":0,"sales_last_days":0,"reserved_stock":null,"customer_returns":null,"warehouse_damage":null,"lost_in_post":null,"other_logs":null,"out_stock_days":0,"lost_sales":0,"has_location":null,"update_date":"2026-04-27T07:17:04","atum_locations":[],"atum_stock_status":"instock","restock_status":false,"low_stock_amount":"","sales_update_date":"2025-09-05T00:17:31","calc_backorders":null,"_links":{"self":[{"href":"https:\/\/aromasentia.com\/de\/wp-json\/wp\/v2\/product\/242765","targetHints":{"allow":["GET"]}}],"collection":[{"href":"https:\/\/aromasentia.com\/de\/wp-json\/wp\/v2\/product"}],"about":[{"href":"https:\/\/aromasentia.com\/de\/wp-json\/wp\/v2\/types\/product"}],"replies":[{"embeddable":true,"href":"https:\/\/aromasentia.com\/de\/wp-json\/wp\/v2\/comments?post=242765"}],"version-history":[{"count":0,"href":"https:\/\/aromasentia.com\/de\/wp-json\/wp\/v2\/product\/242765\/revisions"}],"wp:featuredmedia":[{"embeddable":true,"href":"https:\/\/aromasentia.com\/de\/wp-json\/wp\/v2\/media\/267396"}],"wp:attachment":[{"href":"https:\/\/aromasentia.com\/de\/wp-json\/wp\/v2\/media?parent=242765"}],"wp:term":[{"taxonomy":"product_brand","embeddable":true,"href":"https:\/\/aromasentia.com\/de\/wp-json\/wp\/v2\/product_brand?post=242765"},{"taxonomy":"product_cat","embeddable":true,"href":"https:\/\/aromasentia.com\/de\/wp-json\/wp\/v2\/product_cat?post=242765"},{"taxonomy":"product_tag","embeddable":true,"href":"https:\/\/aromasentia.com\/de\/wp-json\/wp\/v2\/product_tag?post=242765"}],"curies":[{"name":"wp","href":"https:\/\/api.w.org\/{rel}","templated":true}]}}