{"id":242761,"date":"2025-03-20T15:13:31","date_gmt":"2025-03-20T15:13:31","guid":{"rendered":"https:\/\/aromasentia.com\/product\/cypress-organic-essential-oil-10ml\/"},"modified":"2025-12-30T20:41:25","modified_gmt":"2025-12-30T20:41:25","slug":"bio-aetherisches-oel-zypresse","status":"publish","type":"product","link":"https:\/\/aromasentia.com\/de\/bio-aetherisches-oel-zypresse\/","title":{"rendered":"Bio \u00e4therisches \u00d6l Zypresse"},"content":{"rendered":"<p><strong>Lateinischer Name:<\/strong> Cupressus Sempervirens<br \/><strong>Verwendeter Pflanzenteil:<\/strong> Nadeln und Zweige &nbsp;<br \/><strong>Herkunft:<\/strong>\u00d6sterreich<br \/><strong>Extraktionsmethode:<\/strong> Wasserdampfdestillation<\/p>\n<p><strong>\u00c4therisches Bio-Zypressen\u00f6l<\/strong> wird durch Wasserdampfdestillation aus der italienischen oder mediterranen Zypresse gewonnen. Das \u00d6l wird aus den Nadeln und Zweigen junger \u00c4ste dieser B\u00e4ume gewonnen, die durch die Gem\u00e4lde von Van Gogh ber\u00fchmt wurden. \u00c4therisches Zypressen\u00f6l soll starke Emotionen wie Wut beruhigen und ist daher bei gro\u00dfen Ver\u00e4nderungen im Leben hilfreich.&nbsp;<\/p>\n<p>Dieses \u00e4therische \u00d6l wirkt gef\u00e4\u00dfverengend und hilft bei Krampfadern und H\u00e4morrhoiden. Es soll gut gegen Fl\u00fcssigkeits\u00fcberschuss wirken, wie z. B. bei starker Menstruation, \u00fcberm\u00e4\u00dfigem Schwitzen, Husten, Bronchitis, Blutungen und Fl\u00fcssigkeitsretention. Das \u00d6l lindert Muskelkr\u00e4mpfe, hilft bei der Regulierung des Menstruationszyklus und lindert Arthritis und rheumatische Schmerzen. Verwenden Sie dieses \u00d6l in einem Verdampfer zur Beruhigung des Geistes sowie bei Atemwegsbeschwerden wie Asthma, Bronchitis und Keuchhusten. Es kann verd\u00fcnnt in einer kalten Kompresse verwendet werden, um Nasenbluten zu stoppen.<\/p>\n<p>Die Zypresse gilt in der griechischen Mythologie als Trauerbaum und wird deshalb oft auf Friedh\u00f6fen gepflanzt. Sie wird auch mit dem Gott der Unterwelt, Hades, in Verbindung gebracht. Ph\u00f6nizier und Kreter nutzten das Holz dieses Baumes zum Bau von Schiffen und H\u00e4usern. Die \u00c4gypter fertigten Sarkophage daraus und die Griechen schnitzten Statuen ihrer G\u00f6tter daraus. Der Legende nach wurde das Kreuz Jesu Christi aus diesem Holz gefertigt \u2013 ein weiterer Grund, warum die Zypresse mit dem Tod in Verbindung gebracht wird. Ironischerweise leitet sich der botanische Name der Zypresse vom griechischen \u201eSempervirens\u201c ab, was \u201eewig leben\u201c bedeutet.<\/p>\n","protected":false},"excerpt":{"rendered":"<p>Lateinischer Name: Cupressus SempervirensVerwendeter Pflanzenteil: Nadeln und Zweige &nbsp;Herkunft:\u00d6sterreichExtraktionsmethode: Wasserdampfdestillation \u00c4therisches Bio-Zypressen\u00f6l wird durch Wasserdampfdestillation aus der italienischen oder mediterranen Zypresse gewonnen. Das \u00d6l wird aus den Nadeln und Zweigen junger \u00c4ste dieser B\u00e4ume gewonnen, die durch die Gem\u00e4lde von Van Gogh ber\u00fchmt wurden. \u00c4therisches Zypressen\u00f6l soll starke Emotionen wie Wut beruhigen und ist daher [&hellip;]<\/p>\n","protected":false},"featured_media":267387,"comment_status":"closed","ping_status":"open","template":"","meta":{"_angie_page":false},"product_brand":[27090],"product_cat":[16455,23649,25841,26896,26658,26169],"product_tag":[],"class_list":{"0":"post-242761","1":"product","2":"type-product","3":"status-publish","4":"has-post-thumbnail","6":"product_brand-ancient-wisdom","7":"product_cat-aromatherapie-und-raumdufte","8":"product_cat-atherische-ole","9":"product_cat-dufte-aromen","10":"product_cat-holzig","11":"product_cat-oekologische-aetherische-oele","12":"product_cat-zypresse","13":"pa_collection-10ml-organic-essential-oils-de","14":"pa_made-in-italien","15":"pa_size-10ml","17":"first","18":"instock","19":"purchasable","20":"product-type-simple"},"supplier_id":null,"supplier_sku":"OrgEO-16","barcode":null,"atum_controlled":true,"out_stock_date":null,"out_stock_threshold":null,"inheritable":false,"inbound_stock":0,"stock_on_hold":0,"sold_today":0,"sales_last_days":0,"reserved_stock":0,"customer_returns":0,"warehouse_damage":0,"lost_in_post":0,"other_logs":0,"out_stock_days":0,"lost_sales":0,"has_location":false,"update_date":"2026-04-27T07:16:58","atum_locations":[],"atum_stock_status":"instock","restock_status":false,"low_stock_amount":"","sales_update_date":"2026-01-30T01:26:21","calc_backorders":null,"_links":{"self":[{"href":"https:\/\/aromasentia.com\/de\/wp-json\/wp\/v2\/product\/242761","targetHints":{"allow":["GET"]}}],"collection":[{"href":"https:\/\/aromasentia.com\/de\/wp-json\/wp\/v2\/product"}],"about":[{"href":"https:\/\/aromasentia.com\/de\/wp-json\/wp\/v2\/types\/product"}],"replies":[{"embeddable":true,"href":"https:\/\/aromasentia.com\/de\/wp-json\/wp\/v2\/comments?post=242761"}],"version-history":[{"count":0,"href":"https:\/\/aromasentia.com\/de\/wp-json\/wp\/v2\/product\/242761\/revisions"}],"wp:featuredmedia":[{"embeddable":true,"href":"https:\/\/aromasentia.com\/de\/wp-json\/wp\/v2\/media\/267387"}],"wp:attachment":[{"href":"https:\/\/aromasentia.com\/de\/wp-json\/wp\/v2\/media?parent=242761"}],"wp:term":[{"taxonomy":"product_brand","embeddable":true,"href":"https:\/\/aromasentia.com\/de\/wp-json\/wp\/v2\/product_brand?post=242761"},{"taxonomy":"product_cat","embeddable":true,"href":"https:\/\/aromasentia.com\/de\/wp-json\/wp\/v2\/product_cat?post=242761"},{"taxonomy":"product_tag","embeddable":true,"href":"https:\/\/aromasentia.com\/de\/wp-json\/wp\/v2\/product_tag?post=242761"}],"curies":[{"name":"wp","href":"https:\/\/api.w.org\/{rel}","templated":true}]}}