{"id":242741,"date":"2025-03-20T15:13:48","date_gmt":"2025-03-20T15:13:48","guid":{"rendered":"https:\/\/aromasentia.com\/product\/cedarwood-atlas-organic-essential-oil-0-5kg\/"},"modified":"2025-06-28T21:36:28","modified_gmt":"2025-06-28T21:36:28","slug":"atlas-zedernholz-bio-aetherisches-oel-500ml","status":"publish","type":"product","link":"https:\/\/aromasentia.com\/de\/atlas-zedernholz-bio-aetherisches-oel-500ml\/","title":{"rendered":"Atlas-Zedernholz Bio-\u00c4therisches \u00d6l 500ml"},"content":{"rendered":"<p>St\u00e4rken und erden Sie sich mit unserem \u00e4therischen Zedernholz-Atlas-\u00d6l (500 ml). Dieses bio-zertifizierte \u00d6l hat ein reichhaltiges, holziges, leicht s\u00fc\u00dfes und balsamisches Aroma, das tief beruhigend und st\u00e4rkend wirkt. Zedernholz Atlas ist bekannt f\u00fcr seine F\u00e4higkeit, nerv\u00f6se Spannungen zu lindern, emotionale Stabilit\u00e4t zu f\u00f6rdern und einen meditativen Zustand zu unterst\u00fctzen. Es ist auch gut f\u00fcr die Gesundheit der Kopfhaut und als Insektenschutzmittel. Seine organische Reinheit gew\u00e4hrleistet eine echte, erdende Verbindung mit der dauerhaften Kraft dieses majest\u00e4tischen Baumes.<\/p>\n","protected":false},"excerpt":{"rendered":"<p>St\u00e4rken und erden Sie sich mit unserem \u00e4therischen Zedernholz-Atlas-\u00d6l (500 ml). Dieses bio-zertifizierte \u00d6l hat ein reichhaltiges, holziges, leicht s\u00fc\u00dfes und balsamisches Aroma, das tief beruhigend und st\u00e4rkend wirkt. Zedernholz Atlas ist bekannt f\u00fcr seine F\u00e4higkeit, nerv\u00f6se Spannungen zu lindern, emotionale Stabilit\u00e4t zu f\u00f6rdern und einen meditativen Zustand zu unterst\u00fctzen. Es ist auch gut f\u00fcr [&hellip;]<\/p>\n","protected":false},"featured_media":267584,"comment_status":"closed","ping_status":"open","template":"","meta":[],"product_brand":[27090],"product_cat":[16455,23649,25841,26896,26658,26125],"product_tag":[],"class_list":{"0":"post-242741","1":"product","2":"type-product","3":"status-publish","4":"has-post-thumbnail","6":"product_brand-ancient-wisdom","7":"product_cat-aromatherapie-und-raumdufte","8":"product_cat-atherische-ole","9":"product_cat-dufte-aromen","10":"product_cat-holzig","11":"product_cat-oekologische-aetherische-oele","12":"product_cat-zeder","13":"pa_collection-bulk-organic-essential-oils-de","14":"pa_made-in-marokko","15":"pa_size-500ml","17":"first","18":"outofstock","19":"purchasable","20":"product-type-simple"},"supplier_id":null,"supplier_sku":"OrgEOB-17","barcode":null,"atum_controlled":true,"out_stock_date":"2026-02-07 03:18:29","out_stock_threshold":null,"inheritable":false,"inbound_stock":null,"stock_on_hold":0,"sold_today":0,"sales_last_days":0,"reserved_stock":null,"customer_returns":null,"warehouse_damage":null,"lost_in_post":null,"other_logs":null,"out_stock_days":0,"lost_sales":0,"has_location":null,"update_date":"2026-02-07T03:18:32","atum_locations":[],"atum_stock_status":"outofstock","restock_status":false,"low_stock_amount":"","sales_update_date":"2025-09-05T00:17:39","calc_backorders":null,"_links":{"self":[{"href":"https:\/\/aromasentia.com\/de\/wp-json\/wp\/v2\/product\/242741","targetHints":{"allow":["GET"]}}],"collection":[{"href":"https:\/\/aromasentia.com\/de\/wp-json\/wp\/v2\/product"}],"about":[{"href":"https:\/\/aromasentia.com\/de\/wp-json\/wp\/v2\/types\/product"}],"replies":[{"embeddable":true,"href":"https:\/\/aromasentia.com\/de\/wp-json\/wp\/v2\/comments?post=242741"}],"version-history":[{"count":0,"href":"https:\/\/aromasentia.com\/de\/wp-json\/wp\/v2\/product\/242741\/revisions"}],"wp:featuredmedia":[{"embeddable":true,"href":"https:\/\/aromasentia.com\/de\/wp-json\/wp\/v2\/media\/267584"}],"wp:attachment":[{"href":"https:\/\/aromasentia.com\/de\/wp-json\/wp\/v2\/media?parent=242741"}],"wp:term":[{"taxonomy":"product_brand","embeddable":true,"href":"https:\/\/aromasentia.com\/de\/wp-json\/wp\/v2\/product_brand?post=242741"},{"taxonomy":"product_cat","embeddable":true,"href":"https:\/\/aromasentia.com\/de\/wp-json\/wp\/v2\/product_cat?post=242741"},{"taxonomy":"product_tag","embeddable":true,"href":"https:\/\/aromasentia.com\/de\/wp-json\/wp\/v2\/product_tag?post=242741"}],"curies":[{"name":"wp","href":"https:\/\/api.w.org\/{rel}","templated":true}]}}