{"id":242737,"date":"2025-03-20T15:13:48","date_gmt":"2025-03-20T15:13:48","guid":{"rendered":"https:\/\/aromasentia.com\/product\/cypress-organic-essential-oil-0-5kg\/"},"modified":"2025-06-28T21:36:27","modified_gmt":"2025-06-28T21:36:27","slug":"zypresse-bio-aetherisches-oel-500ml","status":"publish","type":"product","link":"https:\/\/aromasentia.com\/de\/zypresse-bio-aetherisches-oel-500ml\/","title":{"rendered":"Zypresse Bio-\u00c4therisches \u00d6l 500ml"},"content":{"rendered":"<p>Erden und reinigen Sie Ihre Umgebung mit unserem \u00e4therischen Bio-Zypressen\u00f6l (500 ml). Dieses Zypressen\u00f6l aus kontrolliert biologischem Anbau bietet einen frischen, sauberen, leicht holzigen und immergr\u00fcnen Duft, der sowohl zentrierend als auch erhebend wirkt. Es ist bekannt f\u00fcr seine adstringierende Wirkung, was es f\u00fcr fettige Haut und zur F\u00f6rderung eines gesunden Kreislaufs n\u00fctzlich macht. Sein Aroma kann in Zeiten des \u00dcbergangs beruhigend und luftreinigend wirken. Aus biologischem Anbau stammend, bietet er eine reine, harzige Verbindung zur ausgleichenden Kraft der Natur.<\/p>\n","protected":false},"excerpt":{"rendered":"<p>Erden und reinigen Sie Ihre Umgebung mit unserem \u00e4therischen Bio-Zypressen\u00f6l (500 ml). Dieses Zypressen\u00f6l aus kontrolliert biologischem Anbau bietet einen frischen, sauberen, leicht holzigen und immergr\u00fcnen Duft, der sowohl zentrierend als auch erhebend wirkt. Es ist bekannt f\u00fcr seine adstringierende Wirkung, was es f\u00fcr fettige Haut und zur F\u00f6rderung eines gesunden Kreislaufs n\u00fctzlich macht. Sein [&hellip;]<\/p>\n","protected":false},"featured_media":267575,"comment_status":"closed","ping_status":"open","template":"","meta":{"_angie_page":false},"product_brand":[27090],"product_cat":[16455,23649,25841,26896,26658,26169],"product_tag":[],"class_list":{"0":"post-242737","1":"product","2":"type-product","3":"status-publish","4":"has-post-thumbnail","6":"product_brand-ancient-wisdom","7":"product_cat-aromatherapie-und-raumdufte","8":"product_cat-atherische-ole","9":"product_cat-dufte-aromen","10":"product_cat-holzig","11":"product_cat-oekologische-aetherische-oele","12":"product_cat-zypresse","13":"pa_collection-bulk-organic-essential-oils-de","14":"pa_made-in-spanien","15":"pa_size-500ml","17":"first","18":"instock","19":"purchasable","20":"product-type-simple"},"supplier_id":null,"supplier_sku":"OrgEOB-16","barcode":null,"atum_controlled":true,"out_stock_date":null,"out_stock_threshold":null,"inheritable":false,"inbound_stock":null,"stock_on_hold":0,"sold_today":0,"sales_last_days":0,"reserved_stock":null,"customer_returns":null,"warehouse_damage":null,"lost_in_post":null,"other_logs":null,"out_stock_days":0,"lost_sales":0,"has_location":null,"update_date":"2026-04-27T07:17:04","atum_locations":[],"atum_stock_status":"instock","restock_status":false,"low_stock_amount":"","sales_update_date":"2025-09-05T00:17:39","calc_backorders":null,"_links":{"self":[{"href":"https:\/\/aromasentia.com\/de\/wp-json\/wp\/v2\/product\/242737","targetHints":{"allow":["GET"]}}],"collection":[{"href":"https:\/\/aromasentia.com\/de\/wp-json\/wp\/v2\/product"}],"about":[{"href":"https:\/\/aromasentia.com\/de\/wp-json\/wp\/v2\/types\/product"}],"replies":[{"embeddable":true,"href":"https:\/\/aromasentia.com\/de\/wp-json\/wp\/v2\/comments?post=242737"}],"version-history":[{"count":0,"href":"https:\/\/aromasentia.com\/de\/wp-json\/wp\/v2\/product\/242737\/revisions"}],"wp:featuredmedia":[{"embeddable":true,"href":"https:\/\/aromasentia.com\/de\/wp-json\/wp\/v2\/media\/267575"}],"wp:attachment":[{"href":"https:\/\/aromasentia.com\/de\/wp-json\/wp\/v2\/media?parent=242737"}],"wp:term":[{"taxonomy":"product_brand","embeddable":true,"href":"https:\/\/aromasentia.com\/de\/wp-json\/wp\/v2\/product_brand?post=242737"},{"taxonomy":"product_cat","embeddable":true,"href":"https:\/\/aromasentia.com\/de\/wp-json\/wp\/v2\/product_cat?post=242737"},{"taxonomy":"product_tag","embeddable":true,"href":"https:\/\/aromasentia.com\/de\/wp-json\/wp\/v2\/product_tag?post=242737"}],"curies":[{"name":"wp","href":"https:\/\/api.w.org\/{rel}","templated":true}]}}