{"id":242733,"date":"2025-03-20T15:13:48","date_gmt":"2025-03-20T15:13:48","guid":{"rendered":"https:\/\/aromasentia.com\/product\/grapefruit-organic-essential-oil-0-5kg\/"},"modified":"2025-06-28T21:36:26","modified_gmt":"2025-06-28T21:36:26","slug":"grapefruit-bio-aetherisches-oel-500ml","status":"publish","type":"product","link":"https:\/\/aromasentia.com\/de\/grapefruit-bio-aetherisches-oel-500ml\/","title":{"rendered":"Grapefruit Bio-\u00c4therisches \u00d6l 500ml"},"content":{"rendered":"<p>Erfrischen und beleben Sie sich mit unserem \u00e4therischen Bio-Grapefruit\u00f6l (500 ml). Dieses bio-zertifizierte \u00d6l besticht durch sein spritziges, helles und belebendes Zitrusaroma, das wunderbar energetisierend und stimmungsaufhellend ist. Es ist bekannt f\u00fcr seine entgiftenden und tonisierenden Eigenschaften und wird oft in Mischungen verwendet, um Wassereinlagerungen zu bek\u00e4mpfen und einen gesunden Stoffwechsel zu unterst\u00fctzen. Sein fr\u00f6hlicher Duft hilft, geistige M\u00fcdigkeit zu vertreiben und eine positive Einstellung zu f\u00f6rdern. Er stammt aus reinem biologischem Anbau und ist ein spritziges Vergn\u00fcgen f\u00fcr die Diffusion und die revitalisierende K\u00f6rperpflege.<\/p>\n","protected":false},"excerpt":{"rendered":"<p>Erfrischen und beleben Sie sich mit unserem \u00e4therischen Bio-Grapefruit\u00f6l (500 ml). Dieses bio-zertifizierte \u00d6l besticht durch sein spritziges, helles und belebendes Zitrusaroma, das wunderbar energetisierend und stimmungsaufhellend ist. Es ist bekannt f\u00fcr seine entgiftenden und tonisierenden Eigenschaften und wird oft in Mischungen verwendet, um Wassereinlagerungen zu bek\u00e4mpfen und einen gesunden Stoffwechsel zu unterst\u00fctzen. Sein fr\u00f6hlicher [&hellip;]<\/p>\n","protected":false},"featured_media":267566,"comment_status":"closed","ping_status":"open","template":"","meta":{"_angie_page":false},"product_brand":[27090],"product_cat":[16455,23649,25841,26204,26658,26819],"product_tag":[],"class_list":{"0":"post-242733","1":"product","2":"type-product","3":"status-publish","4":"has-post-thumbnail","6":"product_brand-ancient-wisdom","7":"product_cat-aromatherapie-und-raumdufte","8":"product_cat-atherische-ole","9":"product_cat-dufte-aromen","10":"product_cat-grapefruit","11":"product_cat-oekologische-aetherische-oele","12":"product_cat-zitrus","13":"pa_collection-bulk-organic-essential-oils-de","14":"pa_made-in-vereinigte-staaten","15":"pa_size-500ml","17":"first","18":"instock","19":"purchasable","20":"product-type-simple"},"supplier_id":null,"supplier_sku":"OrgEOB-15","barcode":null,"atum_controlled":true,"out_stock_date":null,"out_stock_threshold":null,"inheritable":false,"inbound_stock":0,"stock_on_hold":0,"sold_today":0,"sales_last_days":0,"reserved_stock":0,"customer_returns":0,"warehouse_damage":0,"lost_in_post":0,"other_logs":0,"out_stock_days":0,"lost_sales":0,"has_location":false,"update_date":"2026-04-27T07:17:04","atum_locations":[],"atum_stock_status":"instock","restock_status":false,"low_stock_amount":"","sales_update_date":"2025-09-05T00:17:38","calc_backorders":null,"_links":{"self":[{"href":"https:\/\/aromasentia.com\/de\/wp-json\/wp\/v2\/product\/242733","targetHints":{"allow":["GET"]}}],"collection":[{"href":"https:\/\/aromasentia.com\/de\/wp-json\/wp\/v2\/product"}],"about":[{"href":"https:\/\/aromasentia.com\/de\/wp-json\/wp\/v2\/types\/product"}],"replies":[{"embeddable":true,"href":"https:\/\/aromasentia.com\/de\/wp-json\/wp\/v2\/comments?post=242733"}],"version-history":[{"count":0,"href":"https:\/\/aromasentia.com\/de\/wp-json\/wp\/v2\/product\/242733\/revisions"}],"wp:featuredmedia":[{"embeddable":true,"href":"https:\/\/aromasentia.com\/de\/wp-json\/wp\/v2\/media\/267566"}],"wp:attachment":[{"href":"https:\/\/aromasentia.com\/de\/wp-json\/wp\/v2\/media?parent=242733"}],"wp:term":[{"taxonomy":"product_brand","embeddable":true,"href":"https:\/\/aromasentia.com\/de\/wp-json\/wp\/v2\/product_brand?post=242733"},{"taxonomy":"product_cat","embeddable":true,"href":"https:\/\/aromasentia.com\/de\/wp-json\/wp\/v2\/product_cat?post=242733"},{"taxonomy":"product_tag","embeddable":true,"href":"https:\/\/aromasentia.com\/de\/wp-json\/wp\/v2\/product_tag?post=242733"}],"curies":[{"name":"wp","href":"https:\/\/api.w.org\/{rel}","templated":true}]}}