{"id":242701,"date":"2025-03-20T15:13:59","date_gmt":"2025-03-20T15:13:59","guid":{"rendered":"https:\/\/aromasentia.com\/product\/cinnamon-stick-8-cm-cassia-vera-indonesia-1kg\/"},"modified":"2025-12-30T20:41:25","modified_gmt":"2025-12-30T20:41:25","slug":"zimtstange-8-cm-cassia-vera-indonesien-1kg","status":"publish","type":"product","link":"https:\/\/aromasentia.com\/de\/zimtstange-8-cm-cassia-vera-indonesien-1kg\/","title":{"rendered":"Zimtstange 8 cm (Cassia Vera, Indonesien) 1Kg"},"content":{"rendered":"<p>Mit diesen 8 cm langen Zimtstangen (Cassia Vera, Indonesien) in der 1 kg-Packung k\u00f6nnen Sie geschmackvolle Aufg\u00fcsse und dekorative Akzente setzen. Diese klassischen 8 cm langen Cassia-Zimtstangen eignen sich perfekt zum Einr\u00fchren in hei\u00dfe Getr\u00e4nke, zum Mitkochen in Kompotten oder Currys oder zur Verwendung als aromatische Garnierung. Sie verstr\u00f6men einen wunderbar warmen, s\u00fc\u00dfen und w\u00fcrzigen Duft und Geschmack. Die aus Indonesien stammende Sorte Cassia Vera bietet ein robustes Zimtprofil, das sich sowohl f\u00fcr die kulinarische Verwendung als auch f\u00fcr die Herstellung sch\u00f6ner, duftender Dekorationen f\u00fcr Ihr Zuhause eignet.<\/p>\n","protected":false},"excerpt":{"rendered":"<p>Mit diesen 8 cm langen Zimtstangen (Cassia Vera, Indonesien) in der 1 kg-Packung k\u00f6nnen Sie geschmackvolle Aufg\u00fcsse und dekorative Akzente setzen. Diese klassischen 8 cm langen Cassia-Zimtstangen eignen sich perfekt zum Einr\u00fchren in hei\u00dfe Getr\u00e4nke, zum Mitkochen in Kompotten oder Currys oder zur Verwendung als aromatische Garnierung. Sie verstr\u00f6men einen wunderbar warmen, s\u00fc\u00dfen und w\u00fcrzigen [&hellip;]<\/p>\n","protected":false},"featured_media":267768,"comment_status":"closed","ping_status":"open","template":"","meta":{"_angie_page":false},"product_brand":[],"product_cat":[16455,25841,26889,26131],"product_tag":[],"class_list":{"0":"post-242701","1":"product","2":"type-product","3":"status-publish","4":"has-post-thumbnail","6":"product_cat-aromatherapie-und-raumdufte","7":"product_cat-dufte-aromen","8":"product_cat-wurzig","9":"product_cat-zimt","10":"pa_collection-pure-floral-de","11":"pa_made-in-indonesien","13":"first","14":"instock","15":"purchasable","16":"product-type-simple"},"supplier_id":null,"supplier_sku":"PF-26","barcode":null,"atum_controlled":true,"out_stock_date":null,"out_stock_threshold":null,"inheritable":false,"inbound_stock":null,"stock_on_hold":0,"sold_today":0,"sales_last_days":0,"reserved_stock":null,"customer_returns":null,"warehouse_damage":null,"lost_in_post":null,"other_logs":null,"out_stock_days":0,"lost_sales":0,"has_location":null,"update_date":"2026-04-29T06:53:35","atum_locations":[],"atum_stock_status":"instock","restock_status":false,"low_stock_amount":"","sales_update_date":"2025-09-05T00:17:46","calc_backorders":null,"_links":{"self":[{"href":"https:\/\/aromasentia.com\/de\/wp-json\/wp\/v2\/product\/242701","targetHints":{"allow":["GET"]}}],"collection":[{"href":"https:\/\/aromasentia.com\/de\/wp-json\/wp\/v2\/product"}],"about":[{"href":"https:\/\/aromasentia.com\/de\/wp-json\/wp\/v2\/types\/product"}],"replies":[{"embeddable":true,"href":"https:\/\/aromasentia.com\/de\/wp-json\/wp\/v2\/comments?post=242701"}],"version-history":[{"count":0,"href":"https:\/\/aromasentia.com\/de\/wp-json\/wp\/v2\/product\/242701\/revisions"}],"wp:featuredmedia":[{"embeddable":true,"href":"https:\/\/aromasentia.com\/de\/wp-json\/wp\/v2\/media\/267768"}],"wp:attachment":[{"href":"https:\/\/aromasentia.com\/de\/wp-json\/wp\/v2\/media?parent=242701"}],"wp:term":[{"taxonomy":"product_brand","embeddable":true,"href":"https:\/\/aromasentia.com\/de\/wp-json\/wp\/v2\/product_brand?post=242701"},{"taxonomy":"product_cat","embeddable":true,"href":"https:\/\/aromasentia.com\/de\/wp-json\/wp\/v2\/product_cat?post=242701"},{"taxonomy":"product_tag","embeddable":true,"href":"https:\/\/aromasentia.com\/de\/wp-json\/wp\/v2\/product_tag?post=242701"}],"curies":[{"name":"wp","href":"https:\/\/api.w.org\/{rel}","templated":true}]}}