{"id":242697,"date":"2025-03-20T15:13:59","date_gmt":"2025-03-20T15:13:59","guid":{"rendered":"https:\/\/aromasentia.com\/product\/cinnamon-cut-2-cm-cassia-vera-indonesia-1kg\/"},"modified":"2025-12-30T20:41:25","modified_gmt":"2025-12-30T20:41:25","slug":"zimt-geschnitten-2-cm-cassia-vera-indonesien-1kg","status":"publish","type":"product","link":"https:\/\/aromasentia.com\/de\/zimt-geschnitten-2-cm-cassia-vera-indonesien-1kg\/","title":{"rendered":"Zimt geschnitten 2 cm (Cassia Vera, Indonesien) 1Kg"},"content":{"rendered":"<p>Verleihen Sie Ihren Gerichten eine authentische W\u00e4rme mit 2 cm langem Zimt (Cassia Vera, Indonesien) in dieser 1 kg-Packung. Diese praktischen, vorgeschnittenen Cassia-Zimtst\u00fccke bieten einen kr\u00e4ftigen, s\u00fc\u00dfen und w\u00fcrzigen Geschmack, der sich perfekt f\u00fcr Eint\u00f6pfe, Currys, Reisgerichte und zum Mitkochen in Getr\u00e4nken wie Gl\u00fchwein oder gew\u00fcrztem Apfelwein eignet. Die aus Indonesien stammende Sorte Cassia Vera bietet ein robustes und vertrautes Zimterlebnis, ideal f\u00fcr s\u00fc\u00dfe und herzhafte Anwendungen, bei denen ein kr\u00e4ftiges, aromatisches Gew\u00fcrz gew\u00fcnscht wird.<\/p>\n","protected":false},"excerpt":{"rendered":"<p>Verleihen Sie Ihren Gerichten eine authentische W\u00e4rme mit 2 cm langem Zimt (Cassia Vera, Indonesien) in dieser 1 kg-Packung. Diese praktischen, vorgeschnittenen Cassia-Zimtst\u00fccke bieten einen kr\u00e4ftigen, s\u00fc\u00dfen und w\u00fcrzigen Geschmack, der sich perfekt f\u00fcr Eint\u00f6pfe, Currys, Reisgerichte und zum Mitkochen in Getr\u00e4nken wie Gl\u00fchwein oder gew\u00fcrztem Apfelwein eignet. Die aus Indonesien stammende Sorte Cassia Vera [&hellip;]<\/p>\n","protected":false},"featured_media":267759,"comment_status":"closed","ping_status":"open","template":"","meta":{"_angie_page":false},"product_brand":[],"product_cat":[16455,25841,26889,26131],"product_tag":[],"class_list":{"0":"post-242697","1":"product","2":"type-product","3":"status-publish","4":"has-post-thumbnail","6":"product_cat-aromatherapie-und-raumdufte","7":"product_cat-dufte-aromen","8":"product_cat-wurzig","9":"product_cat-zimt","10":"pa_collection-pure-floral-de","11":"pa_made-in-indonesien","13":"first","14":"instock","15":"purchasable","16":"product-type-simple"},"supplier_id":null,"supplier_sku":"PF-25","barcode":null,"atum_controlled":true,"out_stock_date":null,"out_stock_threshold":null,"inheritable":false,"inbound_stock":null,"stock_on_hold":0,"sold_today":0,"sales_last_days":0,"reserved_stock":null,"customer_returns":null,"warehouse_damage":null,"lost_in_post":null,"other_logs":null,"out_stock_days":0,"lost_sales":0,"has_location":null,"update_date":"2026-04-27T07:17:58","atum_locations":[],"atum_stock_status":"instock","restock_status":false,"low_stock_amount":"","sales_update_date":"2026-02-06T00:00:50","calc_backorders":null,"_links":{"self":[{"href":"https:\/\/aromasentia.com\/de\/wp-json\/wp\/v2\/product\/242697","targetHints":{"allow":["GET"]}}],"collection":[{"href":"https:\/\/aromasentia.com\/de\/wp-json\/wp\/v2\/product"}],"about":[{"href":"https:\/\/aromasentia.com\/de\/wp-json\/wp\/v2\/types\/product"}],"replies":[{"embeddable":true,"href":"https:\/\/aromasentia.com\/de\/wp-json\/wp\/v2\/comments?post=242697"}],"version-history":[{"count":0,"href":"https:\/\/aromasentia.com\/de\/wp-json\/wp\/v2\/product\/242697\/revisions"}],"wp:featuredmedia":[{"embeddable":true,"href":"https:\/\/aromasentia.com\/de\/wp-json\/wp\/v2\/media\/267759"}],"wp:attachment":[{"href":"https:\/\/aromasentia.com\/de\/wp-json\/wp\/v2\/media?parent=242697"}],"wp:term":[{"taxonomy":"product_brand","embeddable":true,"href":"https:\/\/aromasentia.com\/de\/wp-json\/wp\/v2\/product_brand?post=242697"},{"taxonomy":"product_cat","embeddable":true,"href":"https:\/\/aromasentia.com\/de\/wp-json\/wp\/v2\/product_cat?post=242697"},{"taxonomy":"product_tag","embeddable":true,"href":"https:\/\/aromasentia.com\/de\/wp-json\/wp\/v2\/product_tag?post=242697"}],"curies":[{"name":"wp","href":"https:\/\/api.w.org\/{rel}","templated":true}]}}