{"id":242689,"date":"2025-03-20T15:13:59","date_gmt":"2025-03-20T15:13:59","guid":{"rendered":"https:\/\/aromasentia.com\/product\/anise-grain-1kg\/"},"modified":"2025-12-30T20:41:25","modified_gmt":"2025-12-30T20:41:25","slug":"anis-korn-1kg","status":"publish","type":"product","link":"https:\/\/aromasentia.com\/de\/anis-korn-1kg\/","title":{"rendered":"Anis (Korn) 1Kg"},"content":{"rendered":"<p>Genie\u00dfen Sie den s\u00fc\u00dfen, lakritzartigen Geschmack von Anis (Getreide), auch bekannt als Anis, in dieser 1 kg Packung. Diese kleinen, aromatischen Samen werden f\u00fcr ihren unverwechselbaren Geschmack gesch\u00e4tzt und in Backwaren, S\u00fc\u00dfwaren, Lik\u00f6ren (wie Ouzo und Absinth) und pikanten Gerichten verwendet. Anis wird traditionell auch zur F\u00f6rderung der Verdauung, zur Erfrischung des Atems und zur Linderung von Husten verwendet. Diese gro\u00dfz\u00fcgige Menge ist perfekt f\u00fcr alle, die seinen einzigartigen Geschmack in ihren kulinarischen Kreationen lieben oder seine traditionellen karminativen und schleiml\u00f6senden Eigenschaften sch\u00e4tzen.<\/p>\n","protected":false},"excerpt":{"rendered":"<p>Genie\u00dfen Sie den s\u00fc\u00dfen, lakritzartigen Geschmack von Anis (Getreide), auch bekannt als Anis, in dieser 1 kg Packung. Diese kleinen, aromatischen Samen werden f\u00fcr ihren unverwechselbaren Geschmack gesch\u00e4tzt und in Backwaren, S\u00fc\u00dfwaren, Lik\u00f6ren (wie Ouzo und Absinth) und pikanten Gerichten verwendet. Anis wird traditionell auch zur F\u00f6rderung der Verdauung, zur Erfrischung des Atems und zur [&hellip;]<\/p>\n","protected":false},"featured_media":267741,"comment_status":"closed","ping_status":"open","template":"","meta":{"_angie_page":false},"product_brand":[],"product_cat":[16455],"product_tag":[],"class_list":{"0":"post-242689","1":"product","2":"type-product","3":"status-publish","4":"has-post-thumbnail","6":"product_cat-aromatherapie-und-raumdufte","7":"pa_collection-pure-floral-de","8":"pa_made-in-spanien","10":"first","11":"instock","12":"purchasable","13":"product-type-simple"},"supplier_id":null,"supplier_sku":"PF-22","barcode":null,"atum_controlled":true,"out_stock_date":null,"out_stock_threshold":null,"inheritable":false,"inbound_stock":null,"stock_on_hold":0,"sold_today":0,"sales_last_days":0,"reserved_stock":null,"customer_returns":null,"warehouse_damage":null,"lost_in_post":null,"other_logs":null,"out_stock_days":87,"lost_sales":0,"has_location":null,"update_date":"2026-04-27T07:17:58","atum_locations":[],"atum_stock_status":"instock","restock_status":false,"low_stock_amount":"","sales_update_date":"2026-02-06T00:01:04","calc_backorders":null,"_links":{"self":[{"href":"https:\/\/aromasentia.com\/de\/wp-json\/wp\/v2\/product\/242689","targetHints":{"allow":["GET"]}}],"collection":[{"href":"https:\/\/aromasentia.com\/de\/wp-json\/wp\/v2\/product"}],"about":[{"href":"https:\/\/aromasentia.com\/de\/wp-json\/wp\/v2\/types\/product"}],"replies":[{"embeddable":true,"href":"https:\/\/aromasentia.com\/de\/wp-json\/wp\/v2\/comments?post=242689"}],"version-history":[{"count":0,"href":"https:\/\/aromasentia.com\/de\/wp-json\/wp\/v2\/product\/242689\/revisions"}],"wp:featuredmedia":[{"embeddable":true,"href":"https:\/\/aromasentia.com\/de\/wp-json\/wp\/v2\/media\/267741"}],"wp:attachment":[{"href":"https:\/\/aromasentia.com\/de\/wp-json\/wp\/v2\/media?parent=242689"}],"wp:term":[{"taxonomy":"product_brand","embeddable":true,"href":"https:\/\/aromasentia.com\/de\/wp-json\/wp\/v2\/product_brand?post=242689"},{"taxonomy":"product_cat","embeddable":true,"href":"https:\/\/aromasentia.com\/de\/wp-json\/wp\/v2\/product_cat?post=242689"},{"taxonomy":"product_tag","embeddable":true,"href":"https:\/\/aromasentia.com\/de\/wp-json\/wp\/v2\/product_tag?post=242689"}],"curies":[{"name":"wp","href":"https:\/\/api.w.org\/{rel}","templated":true}]}}