{"id":242681,"date":"2025-03-20T15:13:59","date_gmt":"2025-03-20T15:13:59","guid":{"rendered":"https:\/\/aromasentia.com\/product\/basil-cut-leaf-1kg\/"},"modified":"2025-12-30T20:41:17","modified_gmt":"2025-12-30T20:41:17","slug":"basilikum-geschnittenes-blatt-1kg","status":"publish","type":"product","link":"https:\/\/aromasentia.com\/de\/basilikum-geschnittenes-blatt-1kg\/","title":{"rendered":"Basilikum (geschnittenes Blatt) 1Kg"},"content":{"rendered":"<p>Bringen Sie den aromatischen Charme des Basilikums (geschnittene Bl\u00e4tter) in Ihre Gerichte und Wellness-Routinen mit diesem 1 kg-Angebot. Mit seinen s\u00fc\u00dfen, leicht pfeffrigen und unverwechselbaren anisartigen Noten ist getrocknetes Basilikum ein kulinarisches Grundnahrungsmittel, perfekt f\u00fcr italienische Saucen, Pesto, Suppen und Salate. Traditionell wird Basilikumtee auch wegen seiner beruhigenden Eigenschaften und seiner verdauungsf\u00f6rdernden Wirkung gesch\u00e4tzt. Mit dieser gro\u00dfz\u00fcgigen Packung haben Sie immer genug von diesem vielseitigen Kraut zur Hand, um damit zu kochen und wohltuende Kr\u00e4uterzubereitungen herzustellen.<\/p>\n","protected":false},"excerpt":{"rendered":"<p>Bringen Sie den aromatischen Charme des Basilikums (geschnittene Bl\u00e4tter) in Ihre Gerichte und Wellness-Routinen mit diesem 1 kg-Angebot. Mit seinen s\u00fc\u00dfen, leicht pfeffrigen und unverwechselbaren anisartigen Noten ist getrocknetes Basilikum ein kulinarisches Grundnahrungsmittel, perfekt f\u00fcr italienische Saucen, Pesto, Suppen und Salate. Traditionell wird Basilikumtee auch wegen seiner beruhigenden Eigenschaften und seiner verdauungsf\u00f6rdernden Wirkung gesch\u00e4tzt. Mit [&hellip;]<\/p>\n","protected":false},"featured_media":267723,"comment_status":"closed","ping_status":"open","template":"","meta":[],"product_brand":[],"product_cat":[16455,26092,25841,26861],"product_tag":[],"class_list":{"0":"post-242681","1":"product","2":"type-product","3":"status-publish","4":"has-post-thumbnail","6":"product_cat-aromatherapie-und-raumdufte","7":"product_cat-basilikum","8":"product_cat-dufte-aromen","9":"product_cat-krauter-aromatisch","10":"pa_collection-pure-floral-de","11":"pa_made-in-aegypten","13":"first","14":"instock","15":"purchasable","16":"product-type-simple"},"supplier_id":null,"supplier_sku":"PF-20","barcode":null,"atum_controlled":true,"out_stock_date":null,"out_stock_threshold":null,"inheritable":false,"inbound_stock":0,"stock_on_hold":0,"sold_today":0,"sales_last_days":0,"reserved_stock":0,"customer_returns":0,"warehouse_damage":0,"lost_in_post":0,"other_logs":0,"out_stock_days":0,"lost_sales":0,"has_location":false,"update_date":"2026-01-30T01:25:32","atum_locations":[],"atum_stock_status":"instock","restock_status":false,"low_stock_amount":"","sales_update_date":"2026-01-30T01:25:32","calc_backorders":null,"_links":{"self":[{"href":"https:\/\/aromasentia.com\/de\/wp-json\/wp\/v2\/product\/242681","targetHints":{"allow":["GET"]}}],"collection":[{"href":"https:\/\/aromasentia.com\/de\/wp-json\/wp\/v2\/product"}],"about":[{"href":"https:\/\/aromasentia.com\/de\/wp-json\/wp\/v2\/types\/product"}],"replies":[{"embeddable":true,"href":"https:\/\/aromasentia.com\/de\/wp-json\/wp\/v2\/comments?post=242681"}],"version-history":[{"count":0,"href":"https:\/\/aromasentia.com\/de\/wp-json\/wp\/v2\/product\/242681\/revisions"}],"wp:featuredmedia":[{"embeddable":true,"href":"https:\/\/aromasentia.com\/de\/wp-json\/wp\/v2\/media\/267723"}],"wp:attachment":[{"href":"https:\/\/aromasentia.com\/de\/wp-json\/wp\/v2\/media?parent=242681"}],"wp:term":[{"taxonomy":"product_brand","embeddable":true,"href":"https:\/\/aromasentia.com\/de\/wp-json\/wp\/v2\/product_brand?post=242681"},{"taxonomy":"product_cat","embeddable":true,"href":"https:\/\/aromasentia.com\/de\/wp-json\/wp\/v2\/product_cat?post=242681"},{"taxonomy":"product_tag","embeddable":true,"href":"https:\/\/aromasentia.com\/de\/wp-json\/wp\/v2\/product_tag?post=242681"}],"curies":[{"name":"wp","href":"https:\/\/api.w.org\/{rel}","templated":true}]}}