{"id":242673,"date":"2025-03-20T15:13:59","date_gmt":"2025-03-20T15:13:59","guid":{"rendered":"https:\/\/aromasentia.com\/product\/birch-cut-leaf-1kg\/"},"modified":"2025-12-30T20:41:17","modified_gmt":"2025-12-30T20:41:17","slug":"birch-cut-leaf-1kg","status":"publish","type":"product","link":"https:\/\/aromasentia.com\/de\/birch-cut-leaf-1kg\/","title":{"rendered":"Birch (cut leaf) 1Kg"},"content":{"rendered":"<p>Lassen Sie sich von den traditionellen Anwendungen der Birke (geschnittenes Blatt) in dieser gro\u00dfz\u00fcgigen 1 kg-Packung begeistern. Diese getrockneten Birkenbl\u00e4tter mit ihrem subtilen, frischen Aroma haben eine lange Tradition in der Kr\u00e4uterheilkunde. Sie werden oft f\u00fcr Aufg\u00fcsse oder Tees verwendet, die f\u00fcr ihre harntreibenden und reinigenden Eigenschaften bekannt sind und die Gesundheit von Nieren und Harnwegen unterst\u00fctzen. Sie k\u00f6nnen auch in beruhigenden Badezus\u00e4tzen oder als nat\u00fcrlicher Bestandteil von Potpourri verwendet werden und bringen einen Hauch von Waldessenz und Volksweisheit in Ihr Heim.<\/p>\n","protected":false},"excerpt":{"rendered":"<p>Lassen Sie sich von den traditionellen Anwendungen der Birke (geschnittenes Blatt) in dieser gro\u00dfz\u00fcgigen 1 kg-Packung begeistern. Diese getrockneten Birkenbl\u00e4tter mit ihrem subtilen, frischen Aroma haben eine lange Tradition in der Kr\u00e4uterheilkunde. Sie werden oft f\u00fcr Aufg\u00fcsse oder Tees verwendet, die f\u00fcr ihre harntreibenden und reinigenden Eigenschaften bekannt sind und die Gesundheit von Nieren und [&hellip;]<\/p>\n","protected":false},"featured_media":267705,"comment_status":"closed","ping_status":"open","template":"","meta":{"_angie_page":false},"product_brand":[],"product_cat":[16455,26896,26428],"product_tag":[],"class_list":{"0":"post-242673","1":"product","2":"type-product","3":"status-publish","4":"has-post-thumbnail","6":"product_cat-aromatherapie-und-raumdufte","7":"product_cat-holzig","8":"product_cat-weibbirke","9":"pa_collection-pure-floral-de","10":"pa_made-in-polen","12":"first","13":"instock","14":"purchasable","15":"product-type-simple"},"supplier_id":null,"supplier_sku":"PF-18","barcode":null,"atum_controlled":true,"out_stock_date":null,"out_stock_threshold":null,"inheritable":false,"inbound_stock":null,"stock_on_hold":0,"sold_today":0,"sales_last_days":0,"reserved_stock":null,"customer_returns":null,"warehouse_damage":null,"lost_in_post":null,"other_logs":null,"out_stock_days":0,"lost_sales":0,"has_location":null,"update_date":"2026-04-27T07:17:58","atum_locations":[],"atum_stock_status":"instock","restock_status":false,"low_stock_amount":"","sales_update_date":"2025-09-05T00:17:41","calc_backorders":null,"_links":{"self":[{"href":"https:\/\/aromasentia.com\/de\/wp-json\/wp\/v2\/product\/242673","targetHints":{"allow":["GET"]}}],"collection":[{"href":"https:\/\/aromasentia.com\/de\/wp-json\/wp\/v2\/product"}],"about":[{"href":"https:\/\/aromasentia.com\/de\/wp-json\/wp\/v2\/types\/product"}],"replies":[{"embeddable":true,"href":"https:\/\/aromasentia.com\/de\/wp-json\/wp\/v2\/comments?post=242673"}],"version-history":[{"count":0,"href":"https:\/\/aromasentia.com\/de\/wp-json\/wp\/v2\/product\/242673\/revisions"}],"wp:featuredmedia":[{"embeddable":true,"href":"https:\/\/aromasentia.com\/de\/wp-json\/wp\/v2\/media\/267705"}],"wp:attachment":[{"href":"https:\/\/aromasentia.com\/de\/wp-json\/wp\/v2\/media?parent=242673"}],"wp:term":[{"taxonomy":"product_brand","embeddable":true,"href":"https:\/\/aromasentia.com\/de\/wp-json\/wp\/v2\/product_brand?post=242673"},{"taxonomy":"product_cat","embeddable":true,"href":"https:\/\/aromasentia.com\/de\/wp-json\/wp\/v2\/product_cat?post=242673"},{"taxonomy":"product_tag","embeddable":true,"href":"https:\/\/aromasentia.com\/de\/wp-json\/wp\/v2\/product_tag?post=242673"}],"curies":[{"name":"wp","href":"https:\/\/api.w.org\/{rel}","templated":true}]}}