{"id":242649,"date":"2025-03-20T15:14:06","date_gmt":"2025-03-20T15:14:06","guid":{"rendered":"https:\/\/aromasentia.com\/product\/fennel-grain-1kg\/"},"modified":"2025-12-30T20:41:17","modified_gmt":"2025-12-30T20:41:17","slug":"fenchel-getreide-1kg","status":"publish","type":"product","link":"https:\/\/aromasentia.com\/de\/fenchel-getreide-1kg\/","title":{"rendered":"Fenchel (Getreide) 1Kg"},"content":{"rendered":"<p>Unterst\u00fctzen Sie Ihre Verdauungsgesundheit mit Fenchel (Getreide) in dieser 1 kg Packung. Diese aromatischen Samen haben einen s\u00fc\u00dfen, warmen, anisartigen Geschmack und werden traditionell seit Jahrhunderten zur F\u00f6rderung der Verdauung, zur Linderung von Bl\u00e4hungen und zur Erfrischung des Atems verwendet. Fencheltee ist ein beliebtes Karminativum, und die Samen werden auch h\u00e4ufig in der K\u00fcche verwendet, insbesondere in der indischen und mediterranen K\u00fcche sowie in Gew\u00fcrzmischungen wie dem chinesischen F\u00fcnf-Gew\u00fcrze-Gew\u00fcrz. Dieser Vorrat eignet sich sowohl f\u00fcr kulinarische als auch f\u00fcr pflanzliche Anwendungen.<\/p>\n","protected":false},"excerpt":{"rendered":"<p>Unterst\u00fctzen Sie Ihre Verdauungsgesundheit mit Fenchel (Getreide) in dieser 1 kg Packung. Diese aromatischen Samen haben einen s\u00fc\u00dfen, warmen, anisartigen Geschmack und werden traditionell seit Jahrhunderten zur F\u00f6rderung der Verdauung, zur Linderung von Bl\u00e4hungen und zur Erfrischung des Atems verwendet. Fencheltee ist ein beliebtes Karminativum, und die Samen werden auch h\u00e4ufig in der K\u00fcche verwendet, [&hellip;]<\/p>\n","protected":false},"featured_media":267885,"comment_status":"closed","ping_status":"open","template":"","meta":{"_angie_page":false},"product_brand":[],"product_cat":[16455,25841,26184,26861],"product_tag":[],"class_list":{"0":"post-242649","1":"product","2":"type-product","3":"status-publish","4":"has-post-thumbnail","6":"product_cat-aromatherapie-und-raumdufte","7":"product_cat-dufte-aromen","8":"product_cat-fenchel","9":"product_cat-krauter-aromatisch","10":"pa_collection-pure-floral-de","11":"pa_made-in-aegypten","13":"first","14":"instock","15":"purchasable","16":"product-type-simple"},"supplier_id":null,"supplier_sku":"PF-39","barcode":null,"atum_controlled":true,"out_stock_date":null,"out_stock_threshold":null,"inheritable":false,"inbound_stock":null,"stock_on_hold":0,"sold_today":0,"sales_last_days":0,"reserved_stock":null,"customer_returns":null,"warehouse_damage":null,"lost_in_post":null,"other_logs":null,"out_stock_days":0,"lost_sales":0,"has_location":null,"update_date":"2026-04-27T07:18:04","atum_locations":[],"atum_stock_status":"instock","restock_status":false,"low_stock_amount":"","sales_update_date":"2026-02-06T00:01:18","calc_backorders":null,"_links":{"self":[{"href":"https:\/\/aromasentia.com\/de\/wp-json\/wp\/v2\/product\/242649","targetHints":{"allow":["GET"]}}],"collection":[{"href":"https:\/\/aromasentia.com\/de\/wp-json\/wp\/v2\/product"}],"about":[{"href":"https:\/\/aromasentia.com\/de\/wp-json\/wp\/v2\/types\/product"}],"replies":[{"embeddable":true,"href":"https:\/\/aromasentia.com\/de\/wp-json\/wp\/v2\/comments?post=242649"}],"version-history":[{"count":0,"href":"https:\/\/aromasentia.com\/de\/wp-json\/wp\/v2\/product\/242649\/revisions"}],"wp:featuredmedia":[{"embeddable":true,"href":"https:\/\/aromasentia.com\/de\/wp-json\/wp\/v2\/media\/267885"}],"wp:attachment":[{"href":"https:\/\/aromasentia.com\/de\/wp-json\/wp\/v2\/media?parent=242649"}],"wp:term":[{"taxonomy":"product_brand","embeddable":true,"href":"https:\/\/aromasentia.com\/de\/wp-json\/wp\/v2\/product_brand?post=242649"},{"taxonomy":"product_cat","embeddable":true,"href":"https:\/\/aromasentia.com\/de\/wp-json\/wp\/v2\/product_cat?post=242649"},{"taxonomy":"product_tag","embeddable":true,"href":"https:\/\/aromasentia.com\/de\/wp-json\/wp\/v2\/product_tag?post=242649"}],"curies":[{"name":"wp","href":"https:\/\/api.w.org\/{rel}","templated":true}]}}