{"id":242625,"date":"2025-03-20T15:14:06","date_gmt":"2025-03-20T15:14:06","guid":{"rendered":"https:\/\/aromasentia.com\/product\/rosehip-cut-rosehip-1kg\/"},"modified":"2025-12-30T20:41:10","modified_gmt":"2025-12-30T20:41:10","slug":"hagebutte-geschnitten-hagebutte-1kg","status":"publish","type":"product","link":"https:\/\/aromasentia.com\/de\/hagebutte-geschnitten-hagebutte-1kg\/","title":{"rendered":"Hagebutte (geschnitten) (Hagebutte) 1Kg"},"content":{"rendered":"<p>Steigern Sie Ihr Wohlbefinden mit der nat\u00fcrlichen G\u00fcte der Hagebutte (geschnitten) in dieser 1-Kg-Packung. Diese getrockneten, geschnittenen Fruchtst\u00fccke der Rosenpflanze sind f\u00fcr ihren au\u00dfergew\u00f6hnlich hohen Vitamin-C-Gehalt sowie f\u00fcr andere Antioxidantien und Vitamine bekannt. Hagebuttentee mit seinem spritzigen, fruchtigen Geschmack ist eine beliebte Wahl zur Unterst\u00fctzung des Immunsystems, zur F\u00f6rderung der Hautgesundheit und als allgemeines St\u00e4rkungsmittel. Dieser gro\u00dfz\u00fcgige Vorrat erm\u00f6glicht eine Vielzahl gesunder Aufg\u00fcsse und Kr\u00e4uterzubereitungen.<\/p>\n","protected":false},"excerpt":{"rendered":"<p>Steigern Sie Ihr Wohlbefinden mit der nat\u00fcrlichen G\u00fcte der Hagebutte (geschnitten) in dieser 1-Kg-Packung. Diese getrockneten, geschnittenen Fruchtst\u00fccke der Rosenpflanze sind f\u00fcr ihren au\u00dfergew\u00f6hnlich hohen Vitamin-C-Gehalt sowie f\u00fcr andere Antioxidantien und Vitamine bekannt. Hagebuttentee mit seinem spritzigen, fruchtigen Geschmack ist eine beliebte Wahl zur Unterst\u00fctzung des Immunsystems, zur F\u00f6rderung der Hautgesundheit und als allgemeines St\u00e4rkungsmittel. [&hellip;]<\/p>\n","protected":false},"featured_media":267831,"comment_status":"closed","ping_status":"open","template":"","meta":{"_angie_page":false},"product_brand":[],"product_cat":[16455,25841,26826,26475],"product_tag":[],"class_list":{"0":"post-242625","1":"product","2":"type-product","3":"status-publish","4":"has-post-thumbnail","6":"product_cat-aromatherapie-und-raumdufte","7":"product_cat-dufte-aromen","8":"product_cat-erdig-grun","9":"product_cat-hagebutte","10":"pa_collection-pure-floral-de","11":"pa_made-in-spanien","13":"first","14":"instock","15":"purchasable","16":"product-type-simple"},"supplier_id":null,"supplier_sku":"PF-33","barcode":null,"atum_controlled":true,"out_stock_date":null,"out_stock_threshold":null,"inheritable":false,"inbound_stock":null,"stock_on_hold":0,"sold_today":0,"sales_last_days":0,"reserved_stock":null,"customer_returns":null,"warehouse_damage":null,"lost_in_post":null,"other_logs":null,"out_stock_days":0,"lost_sales":0,"has_location":false,"update_date":"2026-04-27T07:18:04","atum_locations":[],"atum_stock_status":"instock","restock_status":false,"low_stock_amount":"","sales_update_date":"2026-01-30T01:24:55","calc_backorders":null,"_links":{"self":[{"href":"https:\/\/aromasentia.com\/de\/wp-json\/wp\/v2\/product\/242625","targetHints":{"allow":["GET"]}}],"collection":[{"href":"https:\/\/aromasentia.com\/de\/wp-json\/wp\/v2\/product"}],"about":[{"href":"https:\/\/aromasentia.com\/de\/wp-json\/wp\/v2\/types\/product"}],"replies":[{"embeddable":true,"href":"https:\/\/aromasentia.com\/de\/wp-json\/wp\/v2\/comments?post=242625"}],"version-history":[{"count":0,"href":"https:\/\/aromasentia.com\/de\/wp-json\/wp\/v2\/product\/242625\/revisions"}],"wp:featuredmedia":[{"embeddable":true,"href":"https:\/\/aromasentia.com\/de\/wp-json\/wp\/v2\/media\/267831"}],"wp:attachment":[{"href":"https:\/\/aromasentia.com\/de\/wp-json\/wp\/v2\/media?parent=242625"}],"wp:term":[{"taxonomy":"product_brand","embeddable":true,"href":"https:\/\/aromasentia.com\/de\/wp-json\/wp\/v2\/product_brand?post=242625"},{"taxonomy":"product_cat","embeddable":true,"href":"https:\/\/aromasentia.com\/de\/wp-json\/wp\/v2\/product_cat?post=242625"},{"taxonomy":"product_tag","embeddable":true,"href":"https:\/\/aromasentia.com\/de\/wp-json\/wp\/v2\/product_tag?post=242625"}],"curies":[{"name":"wp","href":"https:\/\/api.w.org\/{rel}","templated":true}]}}