{"id":242609,"date":"2025-03-20T15:14:06","date_gmt":"2025-03-20T15:14:06","guid":{"rendered":"https:\/\/aromasentia.com\/product\/green-cardamom-grains-1kg\/"},"modified":"2025-12-30T20:41:10","modified_gmt":"2025-12-30T20:41:10","slug":"gruener-kardamom-koerner-1kg","status":"publish","type":"product","link":"https:\/\/aromasentia.com\/de\/gruener-kardamom-koerner-1kg\/","title":{"rendered":"Gr\u00fcner Kardamom (K\u00f6rner) 1Kg"},"content":{"rendered":"<p>Verleihen Sie Ihrer K\u00fcche ein exotisches, aromatisches Flair mit Gr\u00fcnem Kardamom (K\u00f6rner) in dieser 1-Kg-Packung. Diese ganzen K\u00f6rner (Schoten mit Samen) liefern einen intensiv duftenden, s\u00fc\u00dfen, w\u00fcrzigen und leicht zitrusartigen Eukalyptus-Geschmack. Als gesch\u00e4tztes Gew\u00fcrz in der indischen, nah\u00f6stlichen und skandinavischen K\u00fcche verfeinert Kardamom sowohl s\u00fc\u00dfe als auch herzhafte Gerichte, von Currys und Reis-Pilaws bis hin zu Geb\u00e4ck und gew\u00fcrzten Tees. Dieses Gro\u00dfpackungsangebot garantiert einen reichlichen Vorrat dieser exquisiten und vielseitigen &#8222;K\u00f6nigin der Gew\u00fcrze&#8220;.<\/p>\n","protected":false},"excerpt":{"rendered":"<p>Verleihen Sie Ihrer K\u00fcche ein exotisches, aromatisches Flair mit Gr\u00fcnem Kardamom (K\u00f6rner) in dieser 1-Kg-Packung. Diese ganzen K\u00f6rner (Schoten mit Samen) liefern einen intensiv duftenden, s\u00fc\u00dfen, w\u00fcrzigen und leicht zitrusartigen Eukalyptus-Geschmack. Als gesch\u00e4tztes Gew\u00fcrz in der indischen, nah\u00f6stlichen und skandinavischen K\u00fcche verfeinert Kardamom sowohl s\u00fc\u00dfe als auch herzhafte Gerichte, von Currys und Reis-Pilaws bis hin [&hellip;]<\/p>\n","protected":false},"featured_media":267795,"comment_status":"closed","ping_status":"open","template":"","meta":{"_angie_page":false},"product_brand":[],"product_cat":[16455],"product_tag":[],"class_list":{"0":"post-242609","1":"product","2":"type-product","3":"status-publish","4":"has-post-thumbnail","6":"product_cat-aromatherapie-und-raumdufte","7":"pa_collection-pure-floral-de","8":"pa_made-in-guatemala","10":"first","11":"instock","12":"purchasable","13":"product-type-simple"},"supplier_id":null,"supplier_sku":"PF-29","barcode":null,"atum_controlled":true,"out_stock_date":null,"out_stock_threshold":null,"inheritable":false,"inbound_stock":0,"stock_on_hold":0,"sold_today":0,"sales_last_days":0,"reserved_stock":0,"customer_returns":0,"warehouse_damage":0,"lost_in_post":0,"other_logs":0,"out_stock_days":0,"lost_sales":0,"has_location":false,"update_date":"2026-05-08T05:16:50","atum_locations":[],"atum_stock_status":"instock","restock_status":false,"low_stock_amount":"","sales_update_date":"2026-01-30T01:25:48","calc_backorders":null,"_links":{"self":[{"href":"https:\/\/aromasentia.com\/de\/wp-json\/wp\/v2\/product\/242609","targetHints":{"allow":["GET"]}}],"collection":[{"href":"https:\/\/aromasentia.com\/de\/wp-json\/wp\/v2\/product"}],"about":[{"href":"https:\/\/aromasentia.com\/de\/wp-json\/wp\/v2\/types\/product"}],"replies":[{"embeddable":true,"href":"https:\/\/aromasentia.com\/de\/wp-json\/wp\/v2\/comments?post=242609"}],"version-history":[{"count":0,"href":"https:\/\/aromasentia.com\/de\/wp-json\/wp\/v2\/product\/242609\/revisions"}],"wp:featuredmedia":[{"embeddable":true,"href":"https:\/\/aromasentia.com\/de\/wp-json\/wp\/v2\/media\/267795"}],"wp:attachment":[{"href":"https:\/\/aromasentia.com\/de\/wp-json\/wp\/v2\/media?parent=242609"}],"wp:term":[{"taxonomy":"product_brand","embeddable":true,"href":"https:\/\/aromasentia.com\/de\/wp-json\/wp\/v2\/product_brand?post=242609"},{"taxonomy":"product_cat","embeddable":true,"href":"https:\/\/aromasentia.com\/de\/wp-json\/wp\/v2\/product_cat?post=242609"},{"taxonomy":"product_tag","embeddable":true,"href":"https:\/\/aromasentia.com\/de\/wp-json\/wp\/v2\/product_tag?post=242609"}],"curies":[{"name":"wp","href":"https:\/\/api.w.org\/{rel}","templated":true}]}}