{"id":242593,"date":"2025-03-20T15:14:15","date_gmt":"2025-03-20T15:14:15","guid":{"rendered":"https:\/\/aromasentia.com\/product\/saflower-petals-1kg\/"},"modified":"2025-12-30T20:41:03","modified_gmt":"2025-12-30T20:41:03","slug":"faerberdistel-bluetenblaetter-1kg","status":"publish","type":"product","link":"https:\/\/aromasentia.com\/de\/faerberdistel-bluetenblaetter-1kg\/","title":{"rendered":"F\u00e4rberdistel (Bl\u00fctenbl\u00e4tter) 1Kg"},"content":{"rendered":"<p>F\u00fcgen Sie einen Spritzer lebendiger Farbe und subtilen Geschmacks mit F\u00e4rberdistel (Bl\u00fctenbl\u00e4tter) in dieser 1 kg Packung hinzu. Diese sch\u00f6nen orange-gelben Bl\u00fctenbl\u00e4tter, die oft als &#8222;Safran des armen Mannes&#8220; bezeichnet werden, verleihen Gerichten, insbesondere Reis, einen delikaten, leicht s\u00fc\u00dfen und erdigen Geschmack und einen sch\u00f6nen goldenen Farbton. Sie werden auch zur Herstellung eines milden Kr\u00e4utertees verwendet und sind ein beliebtes nat\u00fcrliches F\u00e4rbemittel f\u00fcr Kosmetika und Kunsthandwerk. Dieses Angebot enth\u00e4lt eine gro\u00dfe Menge dieser auff\u00e4lligen Bl\u00fctenbl\u00e4tter f\u00fcr kulinarische, dekorative oder k\u00fcnstlerische Zwecke.<\/p>\n","protected":false},"excerpt":{"rendered":"<p>F\u00fcgen Sie einen Spritzer lebendiger Farbe und subtilen Geschmacks mit F\u00e4rberdistel (Bl\u00fctenbl\u00e4tter) in dieser 1 kg Packung hinzu. Diese sch\u00f6nen orange-gelben Bl\u00fctenbl\u00e4tter, die oft als &#8222;Safran des armen Mannes&#8220; bezeichnet werden, verleihen Gerichten, insbesondere Reis, einen delikaten, leicht s\u00fc\u00dfen und erdigen Geschmack und einen sch\u00f6nen goldenen Farbton. Sie werden auch zur Herstellung eines milden Kr\u00e4utertees [&hellip;]<\/p>\n","protected":false},"featured_media":267993,"comment_status":"closed","ping_status":"open","template":"","meta":{"_angie_page":false},"product_brand":[],"product_cat":[16455],"product_tag":[],"class_list":{"0":"post-242593","1":"product","2":"type-product","3":"status-publish","4":"has-post-thumbnail","6":"product_cat-aromatherapie-und-raumdufte","7":"pa_collection-pure-floral-de","8":"pa_made-in-iran","10":"first","11":"instock","12":"purchasable","13":"product-type-simple"},"supplier_id":null,"supplier_sku":"PF-53","barcode":null,"atum_controlled":true,"out_stock_date":null,"out_stock_threshold":null,"inheritable":false,"inbound_stock":null,"stock_on_hold":0,"sold_today":0,"sales_last_days":0,"reserved_stock":null,"customer_returns":null,"warehouse_damage":null,"lost_in_post":null,"other_logs":null,"out_stock_days":0,"lost_sales":0,"has_location":null,"update_date":"2026-04-27T07:18:04","atum_locations":[],"atum_stock_status":"instock","restock_status":false,"low_stock_amount":"","sales_update_date":"2025-09-05T00:17:55","calc_backorders":null,"_links":{"self":[{"href":"https:\/\/aromasentia.com\/de\/wp-json\/wp\/v2\/product\/242593","targetHints":{"allow":["GET"]}}],"collection":[{"href":"https:\/\/aromasentia.com\/de\/wp-json\/wp\/v2\/product"}],"about":[{"href":"https:\/\/aromasentia.com\/de\/wp-json\/wp\/v2\/types\/product"}],"replies":[{"embeddable":true,"href":"https:\/\/aromasentia.com\/de\/wp-json\/wp\/v2\/comments?post=242593"}],"version-history":[{"count":0,"href":"https:\/\/aromasentia.com\/de\/wp-json\/wp\/v2\/product\/242593\/revisions"}],"wp:featuredmedia":[{"embeddable":true,"href":"https:\/\/aromasentia.com\/de\/wp-json\/wp\/v2\/media\/267993"}],"wp:attachment":[{"href":"https:\/\/aromasentia.com\/de\/wp-json\/wp\/v2\/media?parent=242593"}],"wp:term":[{"taxonomy":"product_brand","embeddable":true,"href":"https:\/\/aromasentia.com\/de\/wp-json\/wp\/v2\/product_brand?post=242593"},{"taxonomy":"product_cat","embeddable":true,"href":"https:\/\/aromasentia.com\/de\/wp-json\/wp\/v2\/product_cat?post=242593"},{"taxonomy":"product_tag","embeddable":true,"href":"https:\/\/aromasentia.com\/de\/wp-json\/wp\/v2\/product_tag?post=242593"}],"curies":[{"name":"wp","href":"https:\/\/api.w.org\/{rel}","templated":true}]}}