{"id":242557,"date":"2025-03-20T15:14:15","date_gmt":"2025-03-20T15:14:15","guid":{"rendered":"https:\/\/aromasentia.com\/product\/lemongrass-cut-1kg\/"},"modified":"2025-12-30T20:40:55","modified_gmt":"2025-12-30T20:40:55","slug":"zitronengras-geschnitten-1kg","status":"publish","type":"product","link":"https:\/\/aromasentia.com\/de\/zitronengras-geschnitten-1kg\/","title":{"rendered":"Zitronengras (geschnitten) 1Kg"},"content":{"rendered":"<p>Beleben Sie Ihre Sinne mit Zitronengras (geschnitten) in dieser 1 kg-Packung. Dieses duftende tropische Gras bietet ein kr\u00e4ftiges, frisches, zitroniges und leicht ingwer\u00e4hnliches Aroma und Geschmack. In der s\u00fcdostasiatischen K\u00fcche wird Zitronengras h\u00e4ufig verwendet und verleiht Currys, Suppen und Marinaden eine pikante Note. Als Tee wirkt es anregend und kann die Verdauung f\u00f6rdern. Diese geschnittene Form eignet sich f\u00fcr Aufg\u00fcsse und zum Kochen und verleiht Ihren kulinarischen und aromatischen Kreationen einen Hauch von zitrusartiger Erfrischung und exotischem Flair.<\/p>\n","protected":false},"excerpt":{"rendered":"<p>Beleben Sie Ihre Sinne mit Zitronengras (geschnitten) in dieser 1 kg-Packung. Dieses duftende tropische Gras bietet ein kr\u00e4ftiges, frisches, zitroniges und leicht ingwer\u00e4hnliches Aroma und Geschmack. In der s\u00fcdostasiatischen K\u00fcche wird Zitronengras h\u00e4ufig verwendet und verleiht Currys, Suppen und Marinaden eine pikante Note. Als Tee wirkt es anregend und kann die Verdauung f\u00f6rdern. Diese geschnittene [&hellip;]<\/p>\n","protected":false},"featured_media":267912,"comment_status":"closed","ping_status":"open","template":"","meta":{"_angie_page":false},"product_brand":[],"product_cat":[16455,25841,26253,26819],"product_tag":[],"class_list":{"0":"post-242557","1":"product","2":"type-product","3":"status-publish","4":"has-post-thumbnail","6":"product_cat-aromatherapie-und-raumdufte","7":"product_cat-dufte-aromen","8":"product_cat-zitronengras","9":"product_cat-zitrus","10":"pa_collection-pure-floral-de","11":"pa_made-in-aegypten","13":"first","14":"instock","15":"purchasable","16":"product-type-simple"},"supplier_id":null,"supplier_sku":"PF-43","barcode":null,"atum_controlled":true,"out_stock_date":null,"out_stock_threshold":null,"inheritable":false,"inbound_stock":null,"stock_on_hold":0,"sold_today":0,"sales_last_days":0,"reserved_stock":null,"customer_returns":null,"warehouse_damage":null,"lost_in_post":null,"other_logs":null,"out_stock_days":0,"lost_sales":0,"has_location":null,"update_date":"2026-04-27T07:18:04","atum_locations":[],"atum_stock_status":"instock","restock_status":false,"low_stock_amount":"","sales_update_date":"2026-01-30T01:25:49","calc_backorders":null,"_links":{"self":[{"href":"https:\/\/aromasentia.com\/de\/wp-json\/wp\/v2\/product\/242557","targetHints":{"allow":["GET"]}}],"collection":[{"href":"https:\/\/aromasentia.com\/de\/wp-json\/wp\/v2\/product"}],"about":[{"href":"https:\/\/aromasentia.com\/de\/wp-json\/wp\/v2\/types\/product"}],"replies":[{"embeddable":true,"href":"https:\/\/aromasentia.com\/de\/wp-json\/wp\/v2\/comments?post=242557"}],"version-history":[{"count":0,"href":"https:\/\/aromasentia.com\/de\/wp-json\/wp\/v2\/product\/242557\/revisions"}],"wp:featuredmedia":[{"embeddable":true,"href":"https:\/\/aromasentia.com\/de\/wp-json\/wp\/v2\/media\/267912"}],"wp:attachment":[{"href":"https:\/\/aromasentia.com\/de\/wp-json\/wp\/v2\/media?parent=242557"}],"wp:term":[{"taxonomy":"product_brand","embeddable":true,"href":"https:\/\/aromasentia.com\/de\/wp-json\/wp\/v2\/product_brand?post=242557"},{"taxonomy":"product_cat","embeddable":true,"href":"https:\/\/aromasentia.com\/de\/wp-json\/wp\/v2\/product_cat?post=242557"},{"taxonomy":"product_tag","embeddable":true,"href":"https:\/\/aromasentia.com\/de\/wp-json\/wp\/v2\/product_tag?post=242557"}],"curies":[{"name":"wp","href":"https:\/\/api.w.org\/{rel}","templated":true}]}}