{"id":242553,"date":"2025-03-20T15:14:15","date_gmt":"2025-03-20T15:14:15","guid":{"rendered":"https:\/\/aromasentia.com\/product\/laurel-whole-leaf-250gr\/"},"modified":"2025-06-28T21:36:17","modified_gmt":"2025-06-28T21:36:17","slug":"lorbeer-ganzes-blatt-250gr","status":"publish","type":"product","link":"https:\/\/aromasentia.com\/de\/lorbeer-ganzes-blatt-250gr\/","title":{"rendered":"Lorbeer (Ganzes Blatt) 250gr"},"content":{"rendered":"<p>Verleihen Sie Ihren mediterranen Gerichten eine aromatische Note mit Lorbeer (ganzes Blatt), auch bekannt als Lorbeerblatt, in dieser 250-g-Packung. Diese getrockneten ganzen Bl\u00e4tter verleihen ein subtil s\u00fc\u00dfes, krautiges und leicht scharfes Aroma und einen Geschmack, der f\u00fcr Br\u00fchen, Eint\u00f6pfe, Suppen und langsam gekochte Gerichte unerl\u00e4sslich ist. Sie werden normalerweise vor dem Servieren entfernt. Neben der kulinarischen Verwendung haben Lorbeerbl\u00e4tter auch eine lange Tradition in der Volksheilkunde. Diese Packung enth\u00e4lt ganze Bl\u00e4tter von hoher Qualit\u00e4t, die Ihren Gerichten eine klassische, schmackhafte Tiefe verleihen.<\/p>\n","protected":false},"excerpt":{"rendered":"<p>Verleihen Sie Ihren mediterranen Gerichten eine aromatische Note mit Lorbeer (ganzes Blatt), auch bekannt als Lorbeerblatt, in dieser 250-g-Packung. Diese getrockneten ganzen Bl\u00e4tter verleihen ein subtil s\u00fc\u00dfes, krautiges und leicht scharfes Aroma und einen Geschmack, der f\u00fcr Br\u00fchen, Eint\u00f6pfe, Suppen und langsam gekochte Gerichte unerl\u00e4sslich ist. Sie werden normalerweise vor dem Servieren entfernt. Neben der [&hellip;]<\/p>\n","protected":false},"featured_media":267903,"comment_status":"closed","ping_status":"open","template":"","meta":{"_angie_page":false},"product_brand":[],"product_cat":[16455],"product_tag":[],"class_list":{"0":"post-242553","1":"product","2":"type-product","3":"status-publish","4":"has-post-thumbnail","6":"product_cat-aromatherapie-und-raumdufte","7":"pa_collection-pure-floral-de","8":"pa_made-in-spanien","9":"pa_size-250g-2","11":"first","12":"instock","13":"purchasable","14":"product-type-simple"},"supplier_id":null,"supplier_sku":"PF-42","barcode":null,"atum_controlled":true,"out_stock_date":null,"out_stock_threshold":null,"inheritable":false,"inbound_stock":null,"stock_on_hold":0,"sold_today":0,"sales_last_days":0,"reserved_stock":null,"customer_returns":null,"warehouse_damage":null,"lost_in_post":null,"other_logs":null,"out_stock_days":0,"lost_sales":0,"has_location":null,"update_date":"2026-05-08T05:16:50","atum_locations":[],"atum_stock_status":"instock","restock_status":false,"low_stock_amount":"","sales_update_date":"2026-01-30T01:24:58","calc_backorders":null,"_links":{"self":[{"href":"https:\/\/aromasentia.com\/de\/wp-json\/wp\/v2\/product\/242553","targetHints":{"allow":["GET"]}}],"collection":[{"href":"https:\/\/aromasentia.com\/de\/wp-json\/wp\/v2\/product"}],"about":[{"href":"https:\/\/aromasentia.com\/de\/wp-json\/wp\/v2\/types\/product"}],"replies":[{"embeddable":true,"href":"https:\/\/aromasentia.com\/de\/wp-json\/wp\/v2\/comments?post=242553"}],"version-history":[{"count":0,"href":"https:\/\/aromasentia.com\/de\/wp-json\/wp\/v2\/product\/242553\/revisions"}],"wp:featuredmedia":[{"embeddable":true,"href":"https:\/\/aromasentia.com\/de\/wp-json\/wp\/v2\/media\/267903"}],"wp:attachment":[{"href":"https:\/\/aromasentia.com\/de\/wp-json\/wp\/v2\/media?parent=242553"}],"wp:term":[{"taxonomy":"product_brand","embeddable":true,"href":"https:\/\/aromasentia.com\/de\/wp-json\/wp\/v2\/product_brand?post=242553"},{"taxonomy":"product_cat","embeddable":true,"href":"https:\/\/aromasentia.com\/de\/wp-json\/wp\/v2\/product_cat?post=242553"},{"taxonomy":"product_tag","embeddable":true,"href":"https:\/\/aromasentia.com\/de\/wp-json\/wp\/v2\/product_tag?post=242553"}],"curies":[{"name":"wp","href":"https:\/\/api.w.org\/{rel}","templated":true}]}}