{"id":242549,"date":"2025-03-20T15:14:21","date_gmt":"2025-03-20T15:14:21","guid":{"rendered":"https:\/\/aromasentia.com\/product\/lemon-50ml-essential-oil\/"},"modified":"2025-12-30T20:40:55","modified_gmt":"2025-12-30T20:40:55","slug":"aetherisches-zitronenoel-50ml","status":"publish","type":"product","link":"https:\/\/aromasentia.com\/de\/aetherisches-zitronenoel-50ml\/","title":{"rendered":"\u00c4therisches Zitronen\u00f6l 50ml"},"content":{"rendered":"<p><strong>Lateinischer Name: Citrus Limon<br \/>Verwendeter Pflanzenteil: Fruchtschale<br \/>Herkunft: Italien<br \/>Extraktionsmethode: Kaltpressung<\/strong><\/p>\n<p><strong>\u00c4therisches Zitronen\u00f6l<\/strong> hat einen scharfen, frischen Geruch und wird durch Kaltpressung aus der frischen Zitronenschale gewonnen. Dieses \u00d6l erfrischt den Geist und f\u00f6rdert die Konzentration, weshalb es h\u00e4ufig in Raumerfrischern f\u00fcr B\u00fcros und Banken verwendet wird. Es soll bei Rheuma, Arthritis und Gicht helfen. Es wurde zur Behandlung von Hautproblemen wie Abszessen, Furunkeln, Karbunkeln und Akne verwendet. Es st\u00e4rkt das Immunsystem und reinigt den K\u00f6rper.<\/p>\n<p>Bei Verwendung in einer Duftlampe (einige Tropfen in Wasser) werden die D\u00e4mpfe des Zitronen\u00f6ls bei Erk\u00e4ltungen, Kehlkopfentz\u00fcndungen, Kopfschmerzen und Grippe eingesetzt. Das Riechen des Aromas ist hilfreich bei psychischen Problemen wie Depressionen, Gereiztheit, Stress, Lethargie und M\u00fcdigkeit. Es hebt die Stimmung und kl\u00e4rt den Geist. Ein paar Tropfen ins Badewasser oder in ein Massage\u00f6l gemischt, soll es Verdauungsprobleme, Energiemangel, M\u00fcdigkeit, Infektionen, \u00dcbergewicht, Rheuma, Depressionen und Stress lindern. Es wird auch verwendet, um Kater loszuwerden.&nbsp;<\/p>\n<p>Die Zitronenpflanze stammt urspr\u00fcnglich aus Indien und m\u00f6glicherweise China und wurde im Mittelalter von den Kreuzfahrern nach Europa gebracht. Da die Frucht reich an Vitamin A, B und C ist, wurde Seefahrern t\u00e4glich eine Unze davon gegeben, um Skorbut, Augenproblemen und anderen Vitaminmangelzust\u00e4nden vorzubeugen.&nbsp;<\/p>\n","protected":false},"excerpt":{"rendered":"<p>Lateinischer Name: Citrus LimonVerwendeter Pflanzenteil: FruchtschaleHerkunft: ItalienExtraktionsmethode: Kaltpressung \u00c4therisches Zitronen\u00f6l hat einen scharfen, frischen Geruch und wird durch Kaltpressung aus der frischen Zitronenschale gewonnen. Dieses \u00d6l erfrischt den Geist und f\u00f6rdert die Konzentration, weshalb es h\u00e4ufig in Raumerfrischern f\u00fcr B\u00fcros und Banken verwendet wird. Es soll bei Rheuma, Arthritis und Gicht helfen. Es wurde zur [&hellip;]<\/p>\n","protected":false},"featured_media":268128,"comment_status":"closed","ping_status":"open","template":"","meta":[],"product_brand":[27090],"product_cat":[16455,23649,25841,26238,26819],"product_tag":[],"class_list":{"0":"post-242549","1":"product","2":"type-product","3":"status-publish","4":"has-post-thumbnail","6":"product_brand-ancient-wisdom","7":"product_cat-aromatherapie-und-raumdufte","8":"product_cat-atherische-ole","9":"product_cat-dufte-aromen","10":"product_cat-zitrone","11":"product_cat-zitrus","12":"pa_collection-50ml-essential-oil-de","13":"pa_made-in-italien","14":"pa_size-50ml","16":"first","17":"instock","18":"purchasable","19":"product-type-simple"},"supplier_id":null,"supplier_sku":"PrEO-12","barcode":null,"atum_controlled":true,"out_stock_date":null,"out_stock_threshold":null,"inheritable":false,"inbound_stock":null,"stock_on_hold":0,"sold_today":0,"sales_last_days":0,"reserved_stock":null,"customer_returns":null,"warehouse_damage":null,"lost_in_post":null,"other_logs":null,"out_stock_days":0,"lost_sales":0,"has_location":null,"update_date":"2026-01-30T01:25:52","atum_locations":[],"atum_stock_status":"instock","restock_status":false,"low_stock_amount":"","sales_update_date":"2026-01-30T01:25:52","calc_backorders":null,"_links":{"self":[{"href":"https:\/\/aromasentia.com\/de\/wp-json\/wp\/v2\/product\/242549","targetHints":{"allow":["GET"]}}],"collection":[{"href":"https:\/\/aromasentia.com\/de\/wp-json\/wp\/v2\/product"}],"about":[{"href":"https:\/\/aromasentia.com\/de\/wp-json\/wp\/v2\/types\/product"}],"replies":[{"embeddable":true,"href":"https:\/\/aromasentia.com\/de\/wp-json\/wp\/v2\/comments?post=242549"}],"version-history":[{"count":0,"href":"https:\/\/aromasentia.com\/de\/wp-json\/wp\/v2\/product\/242549\/revisions"}],"wp:featuredmedia":[{"embeddable":true,"href":"https:\/\/aromasentia.com\/de\/wp-json\/wp\/v2\/media\/268128"}],"wp:attachment":[{"href":"https:\/\/aromasentia.com\/de\/wp-json\/wp\/v2\/media?parent=242549"}],"wp:term":[{"taxonomy":"product_brand","embeddable":true,"href":"https:\/\/aromasentia.com\/de\/wp-json\/wp\/v2\/product_brand?post=242549"},{"taxonomy":"product_cat","embeddable":true,"href":"https:\/\/aromasentia.com\/de\/wp-json\/wp\/v2\/product_cat?post=242549"},{"taxonomy":"product_tag","embeddable":true,"href":"https:\/\/aromasentia.com\/de\/wp-json\/wp\/v2\/product_tag?post=242549"}],"curies":[{"name":"wp","href":"https:\/\/api.w.org\/{rel}","templated":true}]}}