{"id":242545,"date":"2025-03-20T15:14:21","date_gmt":"2025-03-20T15:14:21","guid":{"rendered":"https:\/\/aromasentia.com\/product\/jasmine-dilute-50ml-essential-oil\/"},"modified":"2025-12-30T20:40:55","modified_gmt":"2025-12-30T20:40:55","slug":"aetherisches-jasminoel-verduennt-50ml","status":"publish","type":"product","link":"https:\/\/aromasentia.com\/de\/aetherisches-jasminoel-verduennt-50ml\/","title":{"rendered":"\u00c4therisches Jasmin\u00f6l (verd\u00fcnnt) 50ml"},"content":{"rendered":"<p><strong>Lateinischer Name: Jasminum Officinale<br \/>Verwendeter Pflanzenteil: Getrocknete Bl\u00e4tter<br \/>Herkunft: Indien<br \/>Extraktionsmethode: Wasserdampfdestillation<\/strong><\/p>\n<p><strong>5%ige Verd\u00fcnnung in Traubenkern\u00f6l<\/strong><\/p>\n<p>Es sind m\u00f6glicherweise die aphrodisierenden Eigenschaften, die <strong>Jasmin\u00f6l<\/strong> im Laufe der Geschichte so gefragt gemacht haben. \u00c4therisches Jasmin\u00f6l wurde aufgrund dieser unwiderstehlichen Qualit\u00e4t bei Heil- und religi\u00f6sen Zeremonien verwendet. In China wurde Jasmin\u00f6l in Krankenzimmern verwendet, um die Luft zu duften, aber schon vor der Entdeckung von Bakterien glaubte man, dass es die Luft von Schadstoffen befreit.&nbsp;<\/p>\n<p>Heute wird das \u00d6l durch ein Verfahren namens L\u00f6sungsmittelextraktion gewonnen. Auf den ersten Blick dreht sich bei Jasmin alles um den Duft. Seine komplexe, blumige Energie hebt bei den meisten Menschen die Stimmung und hat oft aphrodisierende Eigenschaften. Studien haben gezeigt, dass allein das Riechen von Jasmin die Aufmerksamkeit und die Hand-Augen-Koordination steigern, das Selbstvertrauen und Gl\u00fccksgef\u00fchl st\u00e4rken sowie Stress reduzieren kann.<\/p>\n<p>In therapeutischer Hinsicht kann Jasmin trockene, alternde Haut behandeln. In geringen Konzentrationen wird er zur Behandlung von Ekzemen und Dermatitis eingesetzt. Dar\u00fcber hinaus hilft Jasmin beim Verblassen von Narben und bei der Behandlung von Schwangerschaftsstreifen. Jasmin kann Wut, Angst und Stress lindern, ohne sedierend zu wirken. Durch klareres Denken \u00f6ffnet Jasmin den Blick f\u00fcr neue M\u00f6glichkeiten. Diese beruhigende und ausgleichende Kraft kann auch Entz\u00fcndungen durch emotionalen Stress reduzieren.<\/p>\n<p>Jasmin steigert seit langem die Libido, l\u00f6st Hemmungen und weckt das sexuelle Verlangen. Jasmin hat Eigenschaften, die den Menstruationszyklus regulieren, Regelschmerzen, Lethargie und Stimmungsschwankungen lindern und den Beginn der Wechseljahre verz\u00f6gern k\u00f6nnen.<\/p>\n","protected":false},"excerpt":{"rendered":"<p>Lateinischer Name: Jasminum OfficinaleVerwendeter Pflanzenteil: Getrocknete Bl\u00e4tterHerkunft: IndienExtraktionsmethode: Wasserdampfdestillation 5%ige Verd\u00fcnnung in Traubenkern\u00f6l Es sind m\u00f6glicherweise die aphrodisierenden Eigenschaften, die Jasmin\u00f6l im Laufe der Geschichte so gefragt gemacht haben. \u00c4therisches Jasmin\u00f6l wurde aufgrund dieser unwiderstehlichen Qualit\u00e4t bei Heil- und religi\u00f6sen Zeremonien verwendet. In China wurde Jasmin\u00f6l in Krankenzimmern verwendet, um die Luft zu duften, aber [&hellip;]<\/p>\n","protected":false},"featured_media":268119,"comment_status":"closed","ping_status":"open","template":"","meta":{"_angie_page":false},"product_brand":[27090],"product_cat":[16455,23649,26833,25841,26224],"product_tag":[],"class_list":{"0":"post-242545","1":"product","2":"type-product","3":"status-publish","4":"has-post-thumbnail","6":"product_brand-ancient-wisdom","7":"product_cat-aromatherapie-und-raumdufte","8":"product_cat-atherische-ole","9":"product_cat-blumig","10":"product_cat-dufte-aromen","11":"product_cat-jasmin","12":"pa_collection-50ml-essential-oil-de","13":"pa_made-in-indonesien","14":"pa_size-50ml","16":"first","17":"instock","18":"purchasable","19":"product-type-simple"},"supplier_id":null,"supplier_sku":"PrEO-11","barcode":null,"atum_controlled":true,"out_stock_date":null,"out_stock_threshold":null,"inheritable":false,"inbound_stock":null,"stock_on_hold":0,"sold_today":0,"sales_last_days":0,"reserved_stock":null,"customer_returns":null,"warehouse_damage":null,"lost_in_post":null,"other_logs":null,"out_stock_days":0,"lost_sales":0,"has_location":null,"update_date":"2026-04-27T07:18:20","atum_locations":[],"atum_stock_status":"instock","restock_status":false,"low_stock_amount":"","sales_update_date":"2025-09-05T00:18:00","calc_backorders":null,"_links":{"self":[{"href":"https:\/\/aromasentia.com\/de\/wp-json\/wp\/v2\/product\/242545","targetHints":{"allow":["GET"]}}],"collection":[{"href":"https:\/\/aromasentia.com\/de\/wp-json\/wp\/v2\/product"}],"about":[{"href":"https:\/\/aromasentia.com\/de\/wp-json\/wp\/v2\/types\/product"}],"replies":[{"embeddable":true,"href":"https:\/\/aromasentia.com\/de\/wp-json\/wp\/v2\/comments?post=242545"}],"version-history":[{"count":0,"href":"https:\/\/aromasentia.com\/de\/wp-json\/wp\/v2\/product\/242545\/revisions"}],"wp:featuredmedia":[{"embeddable":true,"href":"https:\/\/aromasentia.com\/de\/wp-json\/wp\/v2\/media\/268119"}],"wp:attachment":[{"href":"https:\/\/aromasentia.com\/de\/wp-json\/wp\/v2\/media?parent=242545"}],"wp:term":[{"taxonomy":"product_brand","embeddable":true,"href":"https:\/\/aromasentia.com\/de\/wp-json\/wp\/v2\/product_brand?post=242545"},{"taxonomy":"product_cat","embeddable":true,"href":"https:\/\/aromasentia.com\/de\/wp-json\/wp\/v2\/product_cat?post=242545"},{"taxonomy":"product_tag","embeddable":true,"href":"https:\/\/aromasentia.com\/de\/wp-json\/wp\/v2\/product_tag?post=242545"}],"curies":[{"name":"wp","href":"https:\/\/api.w.org\/{rel}","templated":true}]}}