{"id":242537,"date":"2025-03-20T15:14:21","date_gmt":"2025-03-20T15:14:21","guid":{"rendered":"https:\/\/aromasentia.com\/product\/sandalwood-amayris-50ml-essential-oil\/"},"modified":"2025-12-30T20:40:55","modified_gmt":"2025-12-30T20:40:55","slug":"aetherisches-sandelholz-amyris-oel-50ml","status":"publish","type":"product","link":"https:\/\/aromasentia.com\/de\/aetherisches-sandelholz-amyris-oel-50ml\/","title":{"rendered":"\u00c4therisches Sandelholz-Amyris-\u00d6l 50ml"},"content":{"rendered":"<p><strong>Lateinischer Name: Amyris Balsamifera<br \/>Verwendeter Pflanzenteil: Holz und Zweige<br \/>Herkunft: Jamaika<br \/>Extraktionsmethode: Wasserdampfdestillation<\/strong><\/p>\n<p>Das \u00e4therische Amyris\u00f6l wird auch westindisches <strong>Sandelholz\u00f6l<\/strong> genannt, da sein Geruch an Sandelholz erinnert. Es wird durch Wasserdampfdestillation aus der Rinde und den Zweigen des Amyris balsamifera-Baums gewonnen. Aufgrund seines hohen \u00d6lgehalts brennt dieses Holz von selbst wie eine Kerze und wird daher von der lokalen Bev\u00f6lkerung Kerzenholz genannt. Es ist eine kosteng\u00fcnstigere Alternative zu reinem Sandelholz.<\/p>\n<p>Dieses \u00d6l wird zum Reinigen von Wunden und zur Behandlung von Grippe und Durchfall verwendet. Es soll sehr wirksam bei der Linderung von Blasenentz\u00fcndungen und Vaginalinfektionen sein. In einem Verdampfer verwendet, hilft es bei Angstzust\u00e4nden und Anspannung sowie Schlaflosigkeit und wirkt als &nbsp; Aphrodisiakum, lindert Impotenz und Frigidit\u00e4t. Es wird zur Behandlung von Husten, Erk\u00e4ltungen und Bronchitis eingesetzt. Seine beruhigenden Eigenschaften sollen bei der Meditation helfen. Es wirkt au\u00dferdem muskelentspannend und geschmeidig machend. Der Baum Amyris balsamifera w\u00e4chst wild in Haiti. Aufgrund ihrer heilenden und aromatischen Eigenschaften galten \u00e4therische \u00d6le f\u00fcr die Menschen der Antike als wertvoller als Gold.<\/p>\n","protected":false},"excerpt":{"rendered":"<p>Lateinischer Name: Amyris BalsamiferaVerwendeter Pflanzenteil: Holz und ZweigeHerkunft: JamaikaExtraktionsmethode: Wasserdampfdestillation Das \u00e4therische Amyris\u00f6l wird auch westindisches Sandelholz\u00f6l genannt, da sein Geruch an Sandelholz erinnert. Es wird durch Wasserdampfdestillation aus der Rinde und den Zweigen des Amyris balsamifera-Baums gewonnen. Aufgrund seines hohen \u00d6lgehalts brennt dieses Holz von selbst wie eine Kerze und wird daher von der [&hellip;]<\/p>\n","protected":false},"featured_media":268101,"comment_status":"closed","ping_status":"open","template":"","meta":[],"product_brand":[27090],"product_cat":[16455,23649,25841,26896,26387],"product_tag":[],"class_list":{"0":"post-242537","1":"product","2":"type-product","3":"status-publish","4":"has-post-thumbnail","6":"product_brand-ancient-wisdom","7":"product_cat-aromatherapie-und-raumdufte","8":"product_cat-atherische-ole","9":"product_cat-dufte-aromen","10":"product_cat-holzig","11":"product_cat-sandelholz","12":"pa_collection-50ml-essential-oil-de","13":"pa_made-in-haiti","14":"pa_size-50ml","16":"first","17":"instock","18":"purchasable","19":"product-type-simple"},"supplier_id":null,"supplier_sku":"PrEO-09","barcode":null,"atum_controlled":true,"out_stock_date":null,"out_stock_threshold":null,"inheritable":false,"inbound_stock":null,"stock_on_hold":0,"sold_today":0,"sales_last_days":0,"reserved_stock":null,"customer_returns":null,"warehouse_damage":null,"lost_in_post":null,"other_logs":null,"out_stock_days":0,"lost_sales":0,"has_location":null,"update_date":"2026-02-11T09:36:00","atum_locations":[],"atum_stock_status":"instock","restock_status":false,"low_stock_amount":"","sales_update_date":"2025-09-05T00:17:59","calc_backorders":null,"_links":{"self":[{"href":"https:\/\/aromasentia.com\/de\/wp-json\/wp\/v2\/product\/242537","targetHints":{"allow":["GET"]}}],"collection":[{"href":"https:\/\/aromasentia.com\/de\/wp-json\/wp\/v2\/product"}],"about":[{"href":"https:\/\/aromasentia.com\/de\/wp-json\/wp\/v2\/types\/product"}],"replies":[{"embeddable":true,"href":"https:\/\/aromasentia.com\/de\/wp-json\/wp\/v2\/comments?post=242537"}],"version-history":[{"count":0,"href":"https:\/\/aromasentia.com\/de\/wp-json\/wp\/v2\/product\/242537\/revisions"}],"wp:featuredmedia":[{"embeddable":true,"href":"https:\/\/aromasentia.com\/de\/wp-json\/wp\/v2\/media\/268101"}],"wp:attachment":[{"href":"https:\/\/aromasentia.com\/de\/wp-json\/wp\/v2\/media?parent=242537"}],"wp:term":[{"taxonomy":"product_brand","embeddable":true,"href":"https:\/\/aromasentia.com\/de\/wp-json\/wp\/v2\/product_brand?post=242537"},{"taxonomy":"product_cat","embeddable":true,"href":"https:\/\/aromasentia.com\/de\/wp-json\/wp\/v2\/product_cat?post=242537"},{"taxonomy":"product_tag","embeddable":true,"href":"https:\/\/aromasentia.com\/de\/wp-json\/wp\/v2\/product_tag?post=242537"}],"curies":[{"name":"wp","href":"https:\/\/api.w.org\/{rel}","templated":true}]}}