{"id":242533,"date":"2025-03-20T15:14:21","date_gmt":"2025-03-20T15:14:21","guid":{"rendered":"https:\/\/aromasentia.com\/product\/geranium-50ml-essential-oil\/"},"modified":"2025-12-30T20:40:55","modified_gmt":"2025-12-30T20:40:55","slug":"aetherisches-geranienoel-aegypten-50ml","status":"publish","type":"product","link":"https:\/\/aromasentia.com\/de\/aetherisches-geranienoel-aegypten-50ml\/","title":{"rendered":"\u00c4therisches Geranien\u00f6l (\u00c4gypten) 50ml"},"content":{"rendered":"<p><strong>Lateinischer Name: Pelargonium Graveolens<br \/>Verwendeter Pflanzenteil: Bl\u00e4tter, St\u00e4ngel und Bl\u00fcten<br \/>Herkunft: S\u00fcdafrika<br \/>Extraktionsmethode: Wasserdampfdestillation<\/strong><\/p>\n<p><strong>\u00c4therisches Geranien\u00f6l<\/strong> hat einen starken Duft mit blumigem Aroma und einem Hauch von Minze und Apfel. Die Haupteigenschaft dieses \u00d6ls ist seine ausgleichende und aufheiternde Wirkung. Es wird sowohl f\u00fcr K\u00f6rper als auch Geist verwendet, um eine Vielzahl von Beschwerden zu lindern.<\/p>\n<p>\u00c4therisches Geranien\u00f6l hilft, fettige und trockene Haut auszugleichen und sorgt f\u00fcr ein ausgeglichenes Gem\u00fct sowie Stress- und Angstabbau. Es soll auf die Nebennierenrinde wirken, was wiederum einen ausgleichenden Effekt auf das Hormonsystem hat. Geranien\u00f6l wird<br \/>zur Behandlung von Akne, Prellungen, Verbrennungen, Schnittwunden, Dermatitis, Ekzemen, H\u00e4morrhoiden, Ringelflechte, Geschw\u00fcren, Brustdr\u00fcsenschwellungen, \u00d6demen, Durchblutungsst\u00f6rungen, Halsschmerzen, Mandelentz\u00fcndung, pr\u00e4menstruellem Syndrom, Wechseljahrsbeschwerden, Stress und Neuralgien eingesetzt. Sein starker Geruch<br \/>vertreibt M\u00fccken. Geben Sie ein paar Tropfen ins Shampoo, um Kopfl\u00e4use loszuwerden.<\/p>\n<p>Man glaubte, dass diese Geranien Geister fernhalten (genau wie M\u00fccken!), weshalb sie als Hecken um H\u00e4user gepflanzt wurden. Die Pflanzen stammen urspr\u00fcnglich aus S\u00fcdafrika, R\u00e9union, Madagaskar, \u00c4gypten und Marokko und wurden im 17. Jahrhundert in Europa eingef\u00fchrt. Obwohl es etwa 700 Sorten dieser Pflanze gibt, liefern nur 10 \u00e4therisches \u00d6l in nutzbaren Mengen. Die in G\u00e4rten gepflanzten Sorten produzieren meist zu wenig \u00d6l, um es f\u00fcr die Extraktion zu verwenden.<\/p>\n","protected":false},"excerpt":{"rendered":"<p>Lateinischer Name: Pelargonium GraveolensVerwendeter Pflanzenteil: Bl\u00e4tter, St\u00e4ngel und Bl\u00fctenHerkunft: S\u00fcdafrikaExtraktionsmethode: Wasserdampfdestillation \u00c4therisches Geranien\u00f6l hat einen starken Duft mit blumigem Aroma und einem Hauch von Minze und Apfel. Die Haupteigenschaft dieses \u00d6ls ist seine ausgleichende und aufheiternde Wirkung. Es wird sowohl f\u00fcr K\u00f6rper als auch Geist verwendet, um eine Vielzahl von Beschwerden zu lindern. \u00c4therisches Geranien\u00f6l [&hellip;]<\/p>\n","protected":false},"featured_media":268092,"comment_status":"closed","ping_status":"open","template":"","meta":{"_angie_page":false},"product_brand":[27090],"product_cat":[16455,23649,26833,25841,26186],"product_tag":[],"class_list":{"0":"post-242533","1":"product","2":"type-product","3":"status-publish","4":"has-post-thumbnail","6":"product_brand-ancient-wisdom","7":"product_cat-aromatherapie-und-raumdufte","8":"product_cat-atherische-ole","9":"product_cat-blumig","10":"product_cat-dufte-aromen","11":"product_cat-weihrauch","12":"pa_collection-50ml-essential-oil-de","13":"pa_made-in-aegypten","14":"pa_size-50ml","16":"first","17":"instock","18":"purchasable","19":"product-type-simple"},"supplier_id":null,"supplier_sku":"PrEO-08","barcode":null,"atum_controlled":true,"out_stock_date":null,"out_stock_threshold":null,"inheritable":false,"inbound_stock":null,"stock_on_hold":0,"sold_today":0,"sales_last_days":0,"reserved_stock":null,"customer_returns":null,"warehouse_damage":null,"lost_in_post":null,"other_logs":null,"out_stock_days":0,"lost_sales":0,"has_location":null,"update_date":"2026-05-08T05:16:51","atum_locations":[],"atum_stock_status":"instock","restock_status":false,"low_stock_amount":"","sales_update_date":"2026-01-30T01:26:20","calc_backorders":null,"_links":{"self":[{"href":"https:\/\/aromasentia.com\/de\/wp-json\/wp\/v2\/product\/242533","targetHints":{"allow":["GET"]}}],"collection":[{"href":"https:\/\/aromasentia.com\/de\/wp-json\/wp\/v2\/product"}],"about":[{"href":"https:\/\/aromasentia.com\/de\/wp-json\/wp\/v2\/types\/product"}],"replies":[{"embeddable":true,"href":"https:\/\/aromasentia.com\/de\/wp-json\/wp\/v2\/comments?post=242533"}],"version-history":[{"count":0,"href":"https:\/\/aromasentia.com\/de\/wp-json\/wp\/v2\/product\/242533\/revisions"}],"wp:featuredmedia":[{"embeddable":true,"href":"https:\/\/aromasentia.com\/de\/wp-json\/wp\/v2\/media\/268092"}],"wp:attachment":[{"href":"https:\/\/aromasentia.com\/de\/wp-json\/wp\/v2\/media?parent=242533"}],"wp:term":[{"taxonomy":"product_brand","embeddable":true,"href":"https:\/\/aromasentia.com\/de\/wp-json\/wp\/v2\/product_brand?post=242533"},{"taxonomy":"product_cat","embeddable":true,"href":"https:\/\/aromasentia.com\/de\/wp-json\/wp\/v2\/product_cat?post=242533"},{"taxonomy":"product_tag","embeddable":true,"href":"https:\/\/aromasentia.com\/de\/wp-json\/wp\/v2\/product_tag?post=242533"}],"curies":[{"name":"wp","href":"https:\/\/api.w.org\/{rel}","templated":true}]}}