{"id":242529,"date":"2025-03-20T15:14:21","date_gmt":"2025-03-20T15:14:21","guid":{"rendered":"https:\/\/aromasentia.com\/product\/clary-sage-50ml-essential-oil\/"},"modified":"2025-12-30T20:40:55","modified_gmt":"2025-12-30T20:40:55","slug":"aetherisches-muskatellersalbeioel-50ml","status":"publish","type":"product","link":"https:\/\/aromasentia.com\/de\/aetherisches-muskatellersalbeioel-50ml\/","title":{"rendered":"\u00c4therisches Muskatellersalbei\u00f6l 50ml"},"content":{"rendered":"<p><strong>Lateinischer Name: Salvia Sclarea<br \/>Verwendeter Pflanzenteil: Spitzen und Bl\u00e4tter<br \/>Herkunft: Russland<br \/>Extraktionsmethode: Wasserdampfdestillation<\/strong><\/p>\n<p><strong>\u00c4therisches Muskatellersalbei\u00f6l<\/strong> wird durch Wasserdampfdestillation aus den Bl\u00fctenspitzen und Bl\u00e4ttern von Salvia sclarea gewonnen. Der gr\u00f6\u00dfte Nutzen dieses \u00d6ls ist seine beruhigende Wirkung auf die Nerven und es ist besonders n\u00fctzlich bei Beschwerden und Beschwerden von Frauen. Es soll auch bei Hautproblemen wie Akne, Furunkeln und Geschw\u00fcren helfen und Muskel- und Gelenkschmerzen lindern.&nbsp;<\/p>\n<p>Muskatellersalbei ist hilfreich bei Depressionen, Stress und Schlaflosigkeit. Er wird bei Frauenbeschwerden wie schmerzhaften Regelblutungen, unregelm\u00e4\u00dfiger Menstruation und w\u00e4hrend der Wehen eingesetzt. In den Wechseljahren soll dieses \u00d6l Hitzewallungen, n\u00e4chtliche Schwei\u00dfausbr\u00fcche, Herzklopfen, Reizbarkeit sowie Kopfschmerzen und Schwindel lindern. Es wurde als Aphrodisiakum verwendet. Es ist auch gut f\u00fcr die Verdauung und die Nieren. Muskatellersalbei\u00f6l sollte beim Alkoholkonsum vermieden werden, da es die Rauschwirkung verst\u00e4rken kann. Verwenden Sie es in kleinen Mengen, da eine gro\u00dfe Dosis Kopfschmerzen verursachen kann.&nbsp;<\/p>\n<p>Im Mittelalter war Muskatellersalbei als Oculus Christi bekannt, was \u201edas Auge Christi\u201c bedeutete. Seitdem war es ein hochgesch\u00e4tztes Heilmittel. In Jamaika wurde es von der einheimischen Bev\u00f6lkerung zur Reinigung und K\u00fchlung von Geschw\u00fcren und bei Augenentz\u00fcndungen verwendet. Es ist ein teures \u00d6l und seit langem ein wichtiges und n\u00fctzliches \u00d6l in der Aromatherapie und &nbsp;Naturheilkunde.<\/p>\n","protected":false},"excerpt":{"rendered":"<p>Lateinischer Name: Salvia SclareaVerwendeter Pflanzenteil: Spitzen und Bl\u00e4tterHerkunft: RusslandExtraktionsmethode: Wasserdampfdestillation \u00c4therisches Muskatellersalbei\u00f6l wird durch Wasserdampfdestillation aus den Bl\u00fctenspitzen und Bl\u00e4ttern von Salvia sclarea gewonnen. Der gr\u00f6\u00dfte Nutzen dieses \u00d6ls ist seine beruhigende Wirkung auf die Nerven und es ist besonders n\u00fctzlich bei Beschwerden und Beschwerden von Frauen. Es soll auch bei Hautproblemen wie Akne, Furunkeln [&hellip;]<\/p>\n","protected":false},"featured_media":268083,"comment_status":"closed","ping_status":"open","template":"","meta":{"_angie_page":false},"product_brand":[27090],"product_cat":[16455,23649,25841,26861,26145],"product_tag":[],"class_list":{"0":"post-242529","1":"product","2":"type-product","3":"status-publish","4":"has-post-thumbnail","6":"product_brand-ancient-wisdom","7":"product_cat-aromatherapie-und-raumdufte","8":"product_cat-atherische-ole","9":"product_cat-dufte-aromen","10":"product_cat-krauter-aromatisch","11":"product_cat-muskatellersalbei","12":"pa_collection-50ml-essential-oil-de","13":"pa_made-in-frankreich","14":"pa_size-50ml","16":"first","17":"instock","18":"purchasable","19":"product-type-simple"},"supplier_id":null,"supplier_sku":"PrEO-07","barcode":null,"atum_controlled":true,"out_stock_date":null,"out_stock_threshold":null,"inheritable":false,"inbound_stock":0,"stock_on_hold":0,"sold_today":0,"sales_last_days":0,"reserved_stock":0,"customer_returns":0,"warehouse_damage":0,"lost_in_post":0,"other_logs":0,"out_stock_days":0,"lost_sales":0,"has_location":false,"update_date":"2026-04-27T07:18:14","atum_locations":[],"atum_stock_status":"instock","restock_status":false,"low_stock_amount":"","sales_update_date":"2026-01-30T01:26:16","calc_backorders":null,"_links":{"self":[{"href":"https:\/\/aromasentia.com\/de\/wp-json\/wp\/v2\/product\/242529","targetHints":{"allow":["GET"]}}],"collection":[{"href":"https:\/\/aromasentia.com\/de\/wp-json\/wp\/v2\/product"}],"about":[{"href":"https:\/\/aromasentia.com\/de\/wp-json\/wp\/v2\/types\/product"}],"replies":[{"embeddable":true,"href":"https:\/\/aromasentia.com\/de\/wp-json\/wp\/v2\/comments?post=242529"}],"version-history":[{"count":0,"href":"https:\/\/aromasentia.com\/de\/wp-json\/wp\/v2\/product\/242529\/revisions"}],"wp:featuredmedia":[{"embeddable":true,"href":"https:\/\/aromasentia.com\/de\/wp-json\/wp\/v2\/media\/268083"}],"wp:attachment":[{"href":"https:\/\/aromasentia.com\/de\/wp-json\/wp\/v2\/media?parent=242529"}],"wp:term":[{"taxonomy":"product_brand","embeddable":true,"href":"https:\/\/aromasentia.com\/de\/wp-json\/wp\/v2\/product_brand?post=242529"},{"taxonomy":"product_cat","embeddable":true,"href":"https:\/\/aromasentia.com\/de\/wp-json\/wp\/v2\/product_cat?post=242529"},{"taxonomy":"product_tag","embeddable":true,"href":"https:\/\/aromasentia.com\/de\/wp-json\/wp\/v2\/product_tag?post=242529"}],"curies":[{"name":"wp","href":"https:\/\/api.w.org\/{rel}","templated":true}]}}