{"id":242517,"date":"2025-03-20T15:14:21","date_gmt":"2025-03-20T15:14:21","guid":{"rendered":"https:\/\/aromasentia.com\/product\/peppermint-50ml-essential-oil\/"},"modified":"2025-12-30T20:40:55","modified_gmt":"2025-12-30T20:40:55","slug":"aetherisches-pfefferminzoel-50ml","status":"publish","type":"product","link":"https:\/\/aromasentia.com\/de\/aetherisches-pfefferminzoel-50ml\/","title":{"rendered":"\u00c4therisches Pfefferminz\u00f6l 50ml"},"content":{"rendered":"<p><strong>Lateinischer Name: Mentha Piperita<br \/>Verwendeter Pflanzenteil: Bl\u00fchendes Kraut<br \/>Herkunft: Indien<br \/>Extraktionsmethode: Wasserdampfdestillation<\/strong><\/p>\n<p><strong>\u00c4therisches Pfefferminz\u00f6l<\/strong> soll gut f\u00fcr Beschwerden wie Asthma, Koliken, Fieber, Bl\u00e4hungen, Kopfschmerzen, \u00dcbelkeit, Brustverstopfung und Schwindel sein. Dieses \u00d6l soll hervorragend gegen geistige Ersch\u00f6pfung und Depressionen helfen und dank seines Mentholgehalts erfrischend und anregend wirken. Es ist gut f\u00fcr die Haut und wird in Lotionen zur Behandlung von Sonnenbrand, Juckreiz oder entz\u00fcndeter Haut verwendet. In Mundsp\u00fclungen hilft es gegen Mundgeruch und Zahnfleischentz\u00fcndungen. In einer Duftlampe verwendet, hat es nicht nur eine therapeutische Wirkung, sondern h\u00e4lt auch M\u00fccken und andere Insekten fern.<\/p>\n<p>Funde belegen, dass Pfefferminze seit der Antike in \u00c4gypten, Griechenland, Rom, China und Japan verwendet wird. Der griechischen Sage nach wurde die Nymphe Mentha in einem Wutanfall von Persephone, der Frau ihres Geliebten, in eine Minzepflanze verwandelt. Laut Plinius wurde Pfefferminze bei Griechen und R\u00f6mern bei Festen als Kr\u00f6nung verwendet. In England wird sie seit Jahrhunderten medizinisch verwendet.<\/p>\n","protected":false},"excerpt":{"rendered":"<p>Lateinischer Name: Mentha PiperitaVerwendeter Pflanzenteil: Bl\u00fchendes KrautHerkunft: IndienExtraktionsmethode: Wasserdampfdestillation \u00c4therisches Pfefferminz\u00f6l soll gut f\u00fcr Beschwerden wie Asthma, Koliken, Fieber, Bl\u00e4hungen, Kopfschmerzen, \u00dcbelkeit, Brustverstopfung und Schwindel sein. Dieses \u00d6l soll hervorragend gegen geistige Ersch\u00f6pfung und Depressionen helfen und dank seines Mentholgehalts erfrischend und anregend wirken. Es ist gut f\u00fcr die Haut und wird in Lotionen zur [&hellip;]<\/p>\n","protected":false},"featured_media":268056,"comment_status":"closed","ping_status":"open","template":"","meta":{"_angie_page":false},"product_brand":[27090],"product_cat":[16455,23649,25841,26875,26336],"product_tag":[],"class_list":{"0":"post-242517","1":"product","2":"type-product","3":"status-publish","4":"has-post-thumbnail","6":"product_brand-ancient-wisdom","7":"product_cat-aromatherapie-und-raumdufte","8":"product_cat-atherische-ole","9":"product_cat-dufte-aromen","10":"product_cat-minzig","11":"product_cat-pfefferminze","12":"pa_collection-50ml-essential-oil-de","13":"pa_made-in-vereinigte-staaten","14":"pa_size-50ml","16":"first","17":"instock","18":"purchasable","19":"product-type-simple"},"supplier_id":null,"supplier_sku":"PrEO-04","barcode":null,"atum_controlled":true,"out_stock_date":null,"out_stock_threshold":null,"inheritable":false,"inbound_stock":null,"stock_on_hold":0,"sold_today":0,"sales_last_days":0,"reserved_stock":null,"customer_returns":null,"warehouse_damage":null,"lost_in_post":null,"other_logs":null,"out_stock_days":0,"lost_sales":0,"has_location":null,"update_date":"2026-04-27T07:18:14","atum_locations":[],"atum_stock_status":"instock","restock_status":false,"low_stock_amount":"","sales_update_date":"2026-01-30T01:26:14","calc_backorders":null,"_links":{"self":[{"href":"https:\/\/aromasentia.com\/de\/wp-json\/wp\/v2\/product\/242517","targetHints":{"allow":["GET"]}}],"collection":[{"href":"https:\/\/aromasentia.com\/de\/wp-json\/wp\/v2\/product"}],"about":[{"href":"https:\/\/aromasentia.com\/de\/wp-json\/wp\/v2\/types\/product"}],"replies":[{"embeddable":true,"href":"https:\/\/aromasentia.com\/de\/wp-json\/wp\/v2\/comments?post=242517"}],"version-history":[{"count":0,"href":"https:\/\/aromasentia.com\/de\/wp-json\/wp\/v2\/product\/242517\/revisions"}],"wp:featuredmedia":[{"embeddable":true,"href":"https:\/\/aromasentia.com\/de\/wp-json\/wp\/v2\/media\/268056"}],"wp:attachment":[{"href":"https:\/\/aromasentia.com\/de\/wp-json\/wp\/v2\/media?parent=242517"}],"wp:term":[{"taxonomy":"product_brand","embeddable":true,"href":"https:\/\/aromasentia.com\/de\/wp-json\/wp\/v2\/product_brand?post=242517"},{"taxonomy":"product_cat","embeddable":true,"href":"https:\/\/aromasentia.com\/de\/wp-json\/wp\/v2\/product_cat?post=242517"},{"taxonomy":"product_tag","embeddable":true,"href":"https:\/\/aromasentia.com\/de\/wp-json\/wp\/v2\/product_tag?post=242517"}],"curies":[{"name":"wp","href":"https:\/\/api.w.org\/{rel}","templated":true}]}}