{"id":242509,"date":"2025-03-20T15:14:21","date_gmt":"2025-03-20T15:14:21","guid":{"rendered":"https:\/\/aromasentia.com\/product\/tea-tree-50ml-essential-oil\/"},"modified":"2025-12-30T20:40:48","modified_gmt":"2025-12-30T20:40:48","slug":"aetherisches-teebaumoel-50ml","status":"publish","type":"product","link":"https:\/\/aromasentia.com\/de\/aetherisches-teebaumoel-50ml\/","title":{"rendered":"\u00c4therisches Teebaum\u00f6l 50ml"},"content":{"rendered":"<p><strong>Lateinischer Name: Melaleuca alternifolia.<br \/>Verwendeter Pflanzenteil: Bl\u00e4tter und Zweige &nbsp;<br \/>Herkunft: Australien<br \/>Extraktionsmethode: Wasserdampfdestillation<\/strong><\/p>\n<p>Fr\u00fcher wurden die Bl\u00e4tter dieses Baums anscheinend zur Herstellung von Tee aufgegossen, daher der Name. Das \u00e4therische Teebaum\u00f6l ist die konzentrierte Fl\u00fcssigkeit, die aus den Bl\u00e4ttern des Baums Melaleuca alternifolia, der an der Nordostk\u00fcste von New South Wales in Australien heimisch ist, durch Wasserdampfdestillation gewonnen wird. Dem \u00d6l werden aufgrund von Bestandteilen namens Terpenoide wertvolle antiseptische und antimykotische Eigenschaften zugeschrieben, und es wird heute in vielen K\u00f6rperpflegeprodukten und Medikamenten verwendet.<\/p>\n<p><strong>\u00c4therisches Teebaum\u00f6l<\/strong> soll gut zur Linderung von &nbsp; Verschleimung, Erk\u00e4ltung, Husten und Grippe sein. Es wurde verwendet, um &nbsp; Heilt Akne, Pilzinfektionen, Schuppen, Vaginalinfektionen, H\u00e4morrhoiden, Fu\u00dfpilz und soll Muskelschmerzen und Gelenkverletzungen lindern. Als Badewasser hilft es, Bakterien unter Kontrolle zu halten. Teebaum\u00f6l darf nicht innerlich eingenommen werden. Es wird normalerweise nur bei Erwachsenen angewendet und muss von Kindern und Haustieren ferngehalten werden. Verwenden Sie es nicht, wenn Sie schwanger sind oder stillen.<\/p>\n<p>Die australischen Ureinwohner verwenden die zersto\u00dfenen Bl\u00e4tter seit Hunderten von Jahren zur Heilung von Schnitten, Verbrennungen, Wunden und Infektionen. Sie inhalierten die \u00d6le aus den zersto\u00dfenen Bl\u00e4ttern, um Husten und Erk\u00e4ltungen zu lindern. Sie besprenkelten Wunden mit diesem \u00d6l und legten Umschl\u00e4ge darauf. Sie lie\u00dfen aus den Bl\u00e4ttern Aufg\u00fcsse machen und machten Tee zur Linderung von Halsschmerzen. Zwischen 1920 und 1930 begann man in Europa, das \u00e4therische \u00d6l dieses Baumes aufgrund seiner antimikrobiellen Eigenschaften bekannt zu machen und zu verwenden.<\/p>\n","protected":false},"excerpt":{"rendered":"<p>Lateinischer Name: Melaleuca alternifolia.Verwendeter Pflanzenteil: Bl\u00e4tter und Zweige &nbsp;Herkunft: AustralienExtraktionsmethode: Wasserdampfdestillation Fr\u00fcher wurden die Bl\u00e4tter dieses Baums anscheinend zur Herstellung von Tee aufgegossen, daher der Name. Das \u00e4therische Teebaum\u00f6l ist die konzentrierte Fl\u00fcssigkeit, die aus den Bl\u00e4ttern des Baums Melaleuca alternifolia, der an der Nordostk\u00fcste von New South Wales in Australien heimisch ist, durch Wasserdampfdestillation [&hellip;]<\/p>\n","protected":false},"featured_media":268038,"comment_status":"closed","ping_status":"open","template":"","meta":{"_angie_page":false},"product_brand":[27090],"product_cat":[16455,23649,25841,26868,26408],"product_tag":[],"class_list":{"0":"post-242509","1":"product","2":"type-product","3":"status-publish","4":"has-post-thumbnail","6":"product_brand-ancient-wisdom","7":"product_cat-aromatherapie-und-raumdufte","8":"product_cat-atherische-ole","9":"product_cat-dufte-aromen","10":"product_cat-medizinisch-kampferartig","11":"product_cat-teebaum","12":"pa_collection-50ml-essential-oil-de","13":"pa_made-in-australien","14":"pa_size-50ml","16":"first","17":"instock","18":"purchasable","19":"product-type-simple"},"supplier_id":null,"supplier_sku":"PrEO-02","barcode":null,"atum_controlled":true,"out_stock_date":null,"out_stock_threshold":null,"inheritable":false,"inbound_stock":null,"stock_on_hold":0,"sold_today":0,"sales_last_days":0,"reserved_stock":null,"customer_returns":null,"warehouse_damage":null,"lost_in_post":null,"other_logs":null,"out_stock_days":0,"lost_sales":0,"has_location":null,"update_date":"2026-05-08T05:16:51","atum_locations":[],"atum_stock_status":"instock","restock_status":false,"low_stock_amount":"","sales_update_date":"2026-01-30T01:26:15","calc_backorders":null,"_links":{"self":[{"href":"https:\/\/aromasentia.com\/de\/wp-json\/wp\/v2\/product\/242509","targetHints":{"allow":["GET"]}}],"collection":[{"href":"https:\/\/aromasentia.com\/de\/wp-json\/wp\/v2\/product"}],"about":[{"href":"https:\/\/aromasentia.com\/de\/wp-json\/wp\/v2\/types\/product"}],"replies":[{"embeddable":true,"href":"https:\/\/aromasentia.com\/de\/wp-json\/wp\/v2\/comments?post=242509"}],"version-history":[{"count":0,"href":"https:\/\/aromasentia.com\/de\/wp-json\/wp\/v2\/product\/242509\/revisions"}],"wp:featuredmedia":[{"embeddable":true,"href":"https:\/\/aromasentia.com\/de\/wp-json\/wp\/v2\/media\/268038"}],"wp:attachment":[{"href":"https:\/\/aromasentia.com\/de\/wp-json\/wp\/v2\/media?parent=242509"}],"wp:term":[{"taxonomy":"product_brand","embeddable":true,"href":"https:\/\/aromasentia.com\/de\/wp-json\/wp\/v2\/product_brand?post=242509"},{"taxonomy":"product_cat","embeddable":true,"href":"https:\/\/aromasentia.com\/de\/wp-json\/wp\/v2\/product_cat?post=242509"},{"taxonomy":"product_tag","embeddable":true,"href":"https:\/\/aromasentia.com\/de\/wp-json\/wp\/v2\/product_tag?post=242509"}],"curies":[{"name":"wp","href":"https:\/\/api.w.org\/{rel}","templated":true}]}}