{"id":242493,"date":"2025-03-20T15:14:41","date_gmt":"2025-03-20T15:14:41","guid":{"rendered":"https:\/\/aromasentia.com\/product\/ginger-50ml-essential-oil\/"},"modified":"2025-12-30T20:40:48","modified_gmt":"2025-12-30T20:40:48","slug":"aetherisches-ingweroel-50ml","status":"publish","type":"product","link":"https:\/\/aromasentia.com\/de\/aetherisches-ingweroel-50ml\/","title":{"rendered":"\u00c4therisches Ingwer\u00f6l 50ml"},"content":{"rendered":"<p><strong>Lateinischer Name: Zingiber Officinale<br \/>Verwendeter Pflanzenteil: Wurzel<br \/>Herkunft: Indien<br \/>Extraktionsmethode: Wasserdampfdestillation<\/strong><\/p>\n<p><strong>\u00c4therisches Ingwer\u00f6l<\/strong> wird aus der Pflanze Zingiberaceae officinale gewonnen, die auch als gew\u00f6hnlicher oder Jamaika-Ingwer bekannt ist. Der Name Ingwer leitet sich von dem Ort Gingi im indischen Bundesstaat Tamil Nadu und dem tamilischen Wort f\u00fcr Ingwer, inji-ver, ab. Das \u00d6l wird durch Wasserdampfdestillation aus der ungesch\u00e4lten oder getrockneten, gemahlenen Wurzel der Pflanze gewonnen. Es ist ein w\u00e4rmendes \u00d6l und besonders gut f\u00fcr die Verdauung und gegen \u00dcbelkeit und Erbrechen.<\/p>\n<p>Ingwer\u00f6l hat viele therapeutische Eigenschaften. Es wird zur Behandlung von Knochenbr\u00fcchen verwendet und lindert Schmerzen bei Rheuma, Arthritis und Karbunkeln. Es hilft bei Kater, Reisekrankheit, Erk\u00e4ltungen, Grippe, Husten, Nebenh\u00f6hlenentz\u00fcndung, Halsschmerzen, Hautgeschw\u00fcren, Durchfall, Koliken, Kr\u00e4mpfen, Sch\u00fcttelfrost und Fieber. In einem Verdampfer verwendet, bek\u00e4mpft dieses \u00d6l Einsamkeit und Depressionen, und seine belebenden Eigenschaften machen es zu einem guten Aphrodisiakum. Geben Sie einen Tropfen \u00d6l auf ein Taschentuch und inhalieren Sie es, um \u00dcbelkeit, Reisekrankheit und Erk\u00e4ltungen zu lindern.<\/p>\n<p>In Sanskrit- und chinesischen Texten wird die Verwendung von Ingwer als Medizin erw\u00e4hnt. Er wird auch in der antiken griechischen, r\u00f6mischen und arabischen Literatur erw\u00e4hnt. Getrockneter Ingwer wird bei Magenschmerzen, Durchfall, Halsproblemen und \u00dcbelkeit verwendet. Die Chinesen verwenden ihn auch, um das Herz anzuregen und Schleim und Auswurf zu l\u00f6sen.<\/p>\n","protected":false},"excerpt":{"rendered":"<p>Lateinischer Name: Zingiber OfficinaleVerwendeter Pflanzenteil: WurzelHerkunft: IndienExtraktionsmethode: Wasserdampfdestillation \u00c4therisches Ingwer\u00f6l wird aus der Pflanze Zingiberaceae officinale gewonnen, die auch als gew\u00f6hnlicher oder Jamaika-Ingwer bekannt ist. Der Name Ingwer leitet sich von dem Ort Gingi im indischen Bundesstaat Tamil Nadu und dem tamilischen Wort f\u00fcr Ingwer, inji-ver, ab. Das \u00d6l wird durch Wasserdampfdestillation aus der ungesch\u00e4lten [&hellip;]<\/p>\n","protected":false},"featured_media":268252,"comment_status":"closed","ping_status":"open","template":"","meta":{"_angie_page":false},"product_brand":[27090],"product_cat":[16455,23649,25841,26195,26889],"product_tag":[],"class_list":{"0":"post-242493","1":"product","2":"type-product","3":"status-publish","4":"has-post-thumbnail","6":"product_brand-ancient-wisdom","7":"product_cat-aromatherapie-und-raumdufte","8":"product_cat-atherische-ole","9":"product_cat-dufte-aromen","10":"product_cat-geranie","11":"product_cat-wurzig","12":"pa_collection-50ml-essential-oil-de","13":"pa_made-in-indien","14":"pa_size-50ml","16":"first","17":"instock","18":"purchasable","19":"product-type-simple"},"supplier_id":null,"supplier_sku":"PrEO-24","barcode":null,"atum_controlled":true,"out_stock_date":null,"out_stock_threshold":null,"inheritable":false,"inbound_stock":null,"stock_on_hold":0,"sold_today":0,"sales_last_days":0,"reserved_stock":null,"customer_returns":null,"warehouse_damage":null,"lost_in_post":null,"other_logs":null,"out_stock_days":0,"lost_sales":0,"has_location":null,"update_date":"2026-04-27T07:18:20","atum_locations":[],"atum_stock_status":"instock","restock_status":false,"low_stock_amount":"","sales_update_date":"2026-02-06T00:02:06","calc_backorders":null,"_links":{"self":[{"href":"https:\/\/aromasentia.com\/de\/wp-json\/wp\/v2\/product\/242493","targetHints":{"allow":["GET"]}}],"collection":[{"href":"https:\/\/aromasentia.com\/de\/wp-json\/wp\/v2\/product"}],"about":[{"href":"https:\/\/aromasentia.com\/de\/wp-json\/wp\/v2\/types\/product"}],"replies":[{"embeddable":true,"href":"https:\/\/aromasentia.com\/de\/wp-json\/wp\/v2\/comments?post=242493"}],"version-history":[{"count":0,"href":"https:\/\/aromasentia.com\/de\/wp-json\/wp\/v2\/product\/242493\/revisions"}],"wp:featuredmedia":[{"embeddable":true,"href":"https:\/\/aromasentia.com\/de\/wp-json\/wp\/v2\/media\/268252"}],"wp:attachment":[{"href":"https:\/\/aromasentia.com\/de\/wp-json\/wp\/v2\/media?parent=242493"}],"wp:term":[{"taxonomy":"product_brand","embeddable":true,"href":"https:\/\/aromasentia.com\/de\/wp-json\/wp\/v2\/product_brand?post=242493"},{"taxonomy":"product_cat","embeddable":true,"href":"https:\/\/aromasentia.com\/de\/wp-json\/wp\/v2\/product_cat?post=242493"},{"taxonomy":"product_tag","embeddable":true,"href":"https:\/\/aromasentia.com\/de\/wp-json\/wp\/v2\/product_tag?post=242493"}],"curies":[{"name":"wp","href":"https:\/\/api.w.org\/{rel}","templated":true}]}}