{"id":242485,"date":"2025-03-20T15:14:41","date_gmt":"2025-03-20T15:14:41","guid":{"rendered":"https:\/\/aromasentia.com\/product\/clove-leaf-50ml-essential-oil\/"},"modified":"2025-12-30T20:40:48","modified_gmt":"2025-12-30T20:40:48","slug":"aetherisches-nelkenblattoel-50ml","status":"publish","type":"product","link":"https:\/\/aromasentia.com\/de\/aetherisches-nelkenblattoel-50ml\/","title":{"rendered":"\u00c4therisches Nelkenblatt\u00f6l 50ml"},"content":{"rendered":"<p><strong>Lateinischer Name: Eugenia Caryophyllata<br \/>Verwendeter Pflanzenteil: Bl\u00e4tter<br \/>Herkunft: Madagaskar<br \/>Extraktionsmethode: Wasserdampfdestillation<\/strong><\/p>\n<p>Nelken\u00f6l wird normalerweise durch Wasserdampfdestillation aus den Bl\u00e4ttern, dem Stamm und den Knospen des Eugenia caryophyllata-Baums gewonnen, der in Indonesien und auf den Malakka-Inseln heimisch ist. Dies ist ein wirksames \u00d6l mit einem warmen, starken, w\u00fcrzigen Geruch und muss in der Aromatherapie sehr verd\u00fcnnt und mit gro\u00dfer Vorsicht verwendet werden.&nbsp;<\/p>\n<p><strong>\u00c4therisches Nelken\u00f6l<\/strong> kann verwendet werden, um Akne, Prellungen, Schnitte und Verbrennungen, Beinwunden zu heilen oder zu lindern, und als Schmerzmittel bei Rheuma und Arthritis. Es soll auch gut f\u00fcr das Verdauungssystem sein und bei Erbrechen, Durchfall, Bl\u00e4hungen, Kr\u00e4mpfen und Parasiten helfen. Es gilt als wertvoll zur Linderung von Atemwegserkrankungen wie Bronchitis, Asthma und Tuberkulose. In der Aromatherapie stimuliert dieses \u00e4therische \u00d6l den Geist und wirkt aphrodisierend. Es beseitigt geistige Ersch\u00f6pfung und M\u00fcdigkeit und f\u00f6rdert den Schlaf bei Schlaflosigkeit.<\/p>\n<p>Es wird angenommen, dass die alte chinesische Medizin Gew\u00fcrznelken zur Behandlung von Verdauungsst\u00f6rungen, Durchfall, Leistenbr\u00fcchen, Fu\u00dfpilz und Pilzinfektionen einsetzte. Sie wurde in diesen L\u00e4ndern seit der Antike zur Behandlung von Aphten, Zahnschmerzen und als Atemerfrischer verwendet. &nbsp;Es war eines der ersten Gew\u00fcrze, mit denen gehandelt wurde. Arabische H\u00e4ndler sollen w\u00e4hrend des R\u00f6mischen Reiches Gew\u00fcrznelken nach Europa gebracht haben.<\/p>\n","protected":false},"excerpt":{"rendered":"<p>Lateinischer Name: Eugenia CaryophyllataVerwendeter Pflanzenteil: Bl\u00e4tterHerkunft: MadagaskarExtraktionsmethode: Wasserdampfdestillation Nelken\u00f6l wird normalerweise durch Wasserdampfdestillation aus den Bl\u00e4ttern, dem Stamm und den Knospen des Eugenia caryophyllata-Baums gewonnen, der in Indonesien und auf den Malakka-Inseln heimisch ist. Dies ist ein wirksames \u00d6l mit einem warmen, starken, w\u00fcrzigen Geruch und muss in der Aromatherapie sehr verd\u00fcnnt und mit gro\u00dfer [&hellip;]<\/p>\n","protected":false},"featured_media":268234,"comment_status":"closed","ping_status":"open","template":"","meta":{"_angie_page":false},"product_brand":[27090],"product_cat":[16455,23649,25841,26148,26819],"product_tag":[],"class_list":{"0":"post-242485","1":"product","2":"type-product","3":"status-publish","4":"has-post-thumbnail","6":"product_brand-ancient-wisdom","7":"product_cat-aromatherapie-und-raumdufte","8":"product_cat-atherische-ole","9":"product_cat-dufte-aromen","10":"product_cat-nelkenblatt","11":"product_cat-zitrus","12":"pa_collection-50ml-essential-oil-de","13":"pa_made-in-indonesien","14":"pa_size-50ml","16":"first","17":"instock","18":"purchasable","19":"product-type-simple"},"supplier_id":null,"supplier_sku":"PrEO-22","barcode":null,"atum_controlled":true,"out_stock_date":null,"out_stock_threshold":null,"inheritable":false,"inbound_stock":0,"stock_on_hold":0,"sold_today":0,"sales_last_days":0,"reserved_stock":0,"customer_returns":0,"warehouse_damage":0,"lost_in_post":0,"other_logs":0,"out_stock_days":0,"lost_sales":0,"has_location":false,"update_date":"2026-05-08T05:16:51","atum_locations":[],"atum_stock_status":"instock","restock_status":false,"low_stock_amount":"","sales_update_date":"2025-09-05T00:18:02","calc_backorders":null,"_links":{"self":[{"href":"https:\/\/aromasentia.com\/de\/wp-json\/wp\/v2\/product\/242485","targetHints":{"allow":["GET"]}}],"collection":[{"href":"https:\/\/aromasentia.com\/de\/wp-json\/wp\/v2\/product"}],"about":[{"href":"https:\/\/aromasentia.com\/de\/wp-json\/wp\/v2\/types\/product"}],"replies":[{"embeddable":true,"href":"https:\/\/aromasentia.com\/de\/wp-json\/wp\/v2\/comments?post=242485"}],"version-history":[{"count":0,"href":"https:\/\/aromasentia.com\/de\/wp-json\/wp\/v2\/product\/242485\/revisions"}],"wp:featuredmedia":[{"embeddable":true,"href":"https:\/\/aromasentia.com\/de\/wp-json\/wp\/v2\/media\/268234"}],"wp:attachment":[{"href":"https:\/\/aromasentia.com\/de\/wp-json\/wp\/v2\/media?parent=242485"}],"wp:term":[{"taxonomy":"product_brand","embeddable":true,"href":"https:\/\/aromasentia.com\/de\/wp-json\/wp\/v2\/product_brand?post=242485"},{"taxonomy":"product_cat","embeddable":true,"href":"https:\/\/aromasentia.com\/de\/wp-json\/wp\/v2\/product_cat?post=242485"},{"taxonomy":"product_tag","embeddable":true,"href":"https:\/\/aromasentia.com\/de\/wp-json\/wp\/v2\/product_tag?post=242485"}],"curies":[{"name":"wp","href":"https:\/\/api.w.org\/{rel}","templated":true}]}}