{"id":242481,"date":"2025-03-20T15:14:41","date_gmt":"2025-03-20T15:14:41","guid":{"rendered":"https:\/\/aromasentia.com\/product\/cinnamon-50ml-essential-oil\/"},"modified":"2025-12-30T20:40:48","modified_gmt":"2025-12-30T20:40:48","slug":"aetherisches-zimtoel-50ml","status":"publish","type":"product","link":"https:\/\/aromasentia.com\/de\/aetherisches-zimtoel-50ml\/","title":{"rendered":"\u00c4therisches Zimt\u00f6l 50ml"},"content":{"rendered":"<p><strong>Lateinischer Name: Cinnamomum Zeylanicum<br \/>Verwendeter Pflanzenteil: Bl\u00e4tter und Zweige<br \/>Herkunft: Sri Lanka<br \/>Extraktionsmethode: Wasserdampfdestillation<\/strong><\/p>\n<p><strong>\u00c4therisches Zimt\u00f6l<\/strong> wird durch Wasserdampfdestillation aus dem Baum Cinnamomum zeylanicum, auch Ceylon-Zimt oder Echter Zimt genannt, gewonnen. Es werden zwei Arten \u00e4therischer \u00d6le gewonnen: eines aus den Bl\u00e4ttern, das sanfter, gelb bis hellbraun ist und am h\u00e4ufigsten in der Aromatherapie verwendet wird, und das andere aus der Rinde, die dunkelbraun ist und in der Aromatherapie nicht h\u00e4ufig verwendet wird.<\/p>\n<p>Zimt\u00f6l ist ein beruhigendes \u00d6l mit stark antiseptischen Eigenschaften. In einer Duftlampe verwendet, soll dieses \u00d6l bei Erk\u00e4ltungen und Bronchitis helfen und Depressionen lindern. Es wird zur Linderung von Bronchitis, Durchfall, Sch\u00fcttelfrost, Infektionen, Grippe, Rheuma und Arthritis verwendet, wenn es im Badewasser verwendet oder in ein Massage\u00f6l gemischt wird. Es lindert \u00dcbelkeit und Erbrechen. Es stimuliert das Dr\u00fcsensystem und reduziert somit Menstruationsschmerzen. Vermeiden Sie das Blatt\u00f6l w\u00e4hrend der Schwangerschaft. Das Rinden\u00f6l ist sehr stark und sollte nur verd\u00fcnnt und unter fachkundiger Aufsicht verwendet werden.<\/p>\n<p>Der Zimtbaum stammt urspr\u00fcnglich aus dem indischen Subkontinent und war jahrhundertelang ein wichtiges Handelsgut zwischen Indien, China und \u00c4gypten. Die Herkunft des Zimts war f\u00fcr die westliche Welt lange Zeit ein R\u00e4tsel. Die Geschichte besagt, dass riesige Zimtv\u00f6gel Zimtstangen f\u00fcr ihre Nester an einem geheimnisvollen Ort sammelten, an dem Zimtb\u00e4ume wuchsen. Die Araber tricksten die V\u00f6gel aus und bekamen den Zimt von ihnen. Dies war der Glaube bis 1310 in Byzanz.<\/p>\n","protected":false},"excerpt":{"rendered":"<p>Lateinischer Name: Cinnamomum ZeylanicumVerwendeter Pflanzenteil: Bl\u00e4tter und ZweigeHerkunft: Sri LankaExtraktionsmethode: Wasserdampfdestillation \u00c4therisches Zimt\u00f6l wird durch Wasserdampfdestillation aus dem Baum Cinnamomum zeylanicum, auch Ceylon-Zimt oder Echter Zimt genannt, gewonnen. Es werden zwei Arten \u00e4therischer \u00d6le gewonnen: eines aus den Bl\u00e4ttern, das sanfter, gelb bis hellbraun ist und am h\u00e4ufigsten in der Aromatherapie verwendet wird, und das [&hellip;]<\/p>\n","protected":false},"featured_media":268225,"comment_status":"closed","ping_status":"open","template":"","meta":{"_angie_page":false},"product_brand":[27090],"product_cat":[16455,23649,25841,26889,26131],"product_tag":[],"class_list":{"0":"post-242481","1":"product","2":"type-product","3":"status-publish","4":"has-post-thumbnail","6":"product_brand-ancient-wisdom","7":"product_cat-aromatherapie-und-raumdufte","8":"product_cat-atherische-ole","9":"product_cat-dufte-aromen","10":"product_cat-wurzig","11":"product_cat-zimt","12":"pa_collection-50ml-essential-oil-de","13":"pa_made-in-sri-lanka","14":"pa_size-50ml","16":"first","17":"instock","18":"purchasable","19":"product-type-simple"},"supplier_id":null,"supplier_sku":"PrEO-21","barcode":null,"atum_controlled":true,"out_stock_date":null,"out_stock_threshold":null,"inheritable":false,"inbound_stock":null,"stock_on_hold":0,"sold_today":0,"sales_last_days":0,"reserved_stock":null,"customer_returns":null,"warehouse_damage":null,"lost_in_post":null,"other_logs":null,"out_stock_days":0,"lost_sales":0,"has_location":null,"update_date":"2026-04-27T07:18:20","atum_locations":[],"atum_stock_status":"instock","restock_status":false,"low_stock_amount":"","sales_update_date":"2025-09-05T00:18:02","calc_backorders":null,"_links":{"self":[{"href":"https:\/\/aromasentia.com\/de\/wp-json\/wp\/v2\/product\/242481","targetHints":{"allow":["GET"]}}],"collection":[{"href":"https:\/\/aromasentia.com\/de\/wp-json\/wp\/v2\/product"}],"about":[{"href":"https:\/\/aromasentia.com\/de\/wp-json\/wp\/v2\/types\/product"}],"replies":[{"embeddable":true,"href":"https:\/\/aromasentia.com\/de\/wp-json\/wp\/v2\/comments?post=242481"}],"version-history":[{"count":0,"href":"https:\/\/aromasentia.com\/de\/wp-json\/wp\/v2\/product\/242481\/revisions"}],"wp:featuredmedia":[{"embeddable":true,"href":"https:\/\/aromasentia.com\/de\/wp-json\/wp\/v2\/media\/268225"}],"wp:attachment":[{"href":"https:\/\/aromasentia.com\/de\/wp-json\/wp\/v2\/media?parent=242481"}],"wp:term":[{"taxonomy":"product_brand","embeddable":true,"href":"https:\/\/aromasentia.com\/de\/wp-json\/wp\/v2\/product_brand?post=242481"},{"taxonomy":"product_cat","embeddable":true,"href":"https:\/\/aromasentia.com\/de\/wp-json\/wp\/v2\/product_cat?post=242481"},{"taxonomy":"product_tag","embeddable":true,"href":"https:\/\/aromasentia.com\/de\/wp-json\/wp\/v2\/product_tag?post=242481"}],"curies":[{"name":"wp","href":"https:\/\/api.w.org\/{rel}","templated":true}]}}