{"id":242477,"date":"2025-03-20T15:14:41","date_gmt":"2025-03-20T15:14:41","guid":{"rendered":"https:\/\/aromasentia.com\/product\/citronella-50ml-essential-oil\/"},"modified":"2025-12-30T20:40:48","modified_gmt":"2025-12-30T20:40:48","slug":"aetherisches-citronellaoel-50ml","status":"publish","type":"product","link":"https:\/\/aromasentia.com\/de\/aetherisches-citronellaoel-50ml\/","title":{"rendered":"\u00c4therisches Citronella\u00f6l 50ml"},"content":{"rendered":"<p><strong>Lateinischer Name: Cymbopogon Nardus<br \/>Verwendeter Pflanzenteil: Getrocknetes Gras<br \/>Herkunft: Java<br \/>Extraktionsmethode: Wasserdampfdestillation<\/strong><\/p>\n<p>Citronella\u00f6l wird aus den Bl\u00e4ttern und St\u00e4ngeln der Pflanzenart Cymbopogon, insbesondere Cymbopogon nardus, durch Wasserdampfdestillation gewonnen. <strong>\u00c4therisches Citronella\u00f6l<\/strong> ist bekannt als pflanzliches Insektenschutzmittel und Biopestizid mit ungiftiger Wirkungsweise und ist f\u00fcr diese Verwendung in &nbsp;registriert. USA seit 1948. Die wichtigsten Produktionsl\u00e4nder dieses \u00d6ls sind Indonesien und China, die zusammen etwa 40 % des weltweiten \u00e4therischen Citronella\u00f6ls produzieren.<\/p>\n<p>Dieses \u00d6l ist nicht nur ein n\u00fctzliches Insektenschutzmittel f\u00fcr die Haut, sondern auch gut gegen \u00fcberm\u00e4\u00dfiges Schwitzen, fettige Haut und Haare und wirkt als Deodorant. Es soll Schmerzen bei Rheuma und Arthritis lindern und Grippe, Erk\u00e4ltungen und leichten Infektionen vorbeugen. Das \u00d6l ist gut f\u00fcr das Verdauungssystem, um Kolitis, Darminfektionen und Darmparasiten zu heilen. Es lindert Menstruationsbeschwerden und -schmerzen und beschleunigt den Herzschlag. In einem Verdampfer verwendet, lindert es M\u00fcdigkeit, Kopfschmerzen und Nervenschmerzen und sorgt f\u00fcr eine fr\u00f6hliche und optimistische Stimmung. Vermeiden Sie die Anwendung w\u00e4hrend der Schwangerschaft und bei Kindern unter 3 Jahren. Nicht innerlich einnehmen.<\/p>\n<p><\/p>\n","protected":false},"excerpt":{"rendered":"<p>Lateinischer Name: Cymbopogon NardusVerwendeter Pflanzenteil: Getrocknetes GrasHerkunft: JavaExtraktionsmethode: Wasserdampfdestillation Citronella\u00f6l wird aus den Bl\u00e4ttern und St\u00e4ngeln der Pflanzenart Cymbopogon, insbesondere Cymbopogon nardus, durch Wasserdampfdestillation gewonnen. \u00c4therisches Citronella\u00f6l ist bekannt als pflanzliches Insektenschutzmittel und Biopestizid mit ungiftiger Wirkungsweise und ist f\u00fcr diese Verwendung in &nbsp;registriert. USA seit 1948. Die wichtigsten Produktionsl\u00e4nder dieses \u00d6ls sind Indonesien und [&hellip;]<\/p>\n","protected":false},"featured_media":268216,"comment_status":"closed","ping_status":"open","template":"","meta":{"_angie_page":false},"product_brand":[27090],"product_cat":[16455,23649,26138,25841,26819],"product_tag":[],"class_list":{"0":"post-242477","1":"product","2":"type-product","3":"status-publish","4":"has-post-thumbnail","6":"product_brand-ancient-wisdom","7":"product_cat-aromatherapie-und-raumdufte","8":"product_cat-atherische-ole","9":"product_cat-citronella","10":"product_cat-dufte-aromen","11":"product_cat-zitrus","12":"pa_collection-50ml-essential-oil-de","13":"pa_made-in-vietnam","14":"pa_size-50ml","16":"first","17":"instock","18":"purchasable","19":"product-type-simple"},"supplier_id":null,"supplier_sku":"PrEO-20","barcode":null,"atum_controlled":true,"out_stock_date":null,"out_stock_threshold":null,"inheritable":false,"inbound_stock":null,"stock_on_hold":0,"sold_today":0,"sales_last_days":0,"reserved_stock":null,"customer_returns":null,"warehouse_damage":null,"lost_in_post":null,"other_logs":null,"out_stock_days":0,"lost_sales":0,"has_location":null,"update_date":"2026-04-27T07:18:20","atum_locations":[],"atum_stock_status":"instock","restock_status":false,"low_stock_amount":"","sales_update_date":"2026-01-20T05:14:08","calc_backorders":null,"_links":{"self":[{"href":"https:\/\/aromasentia.com\/de\/wp-json\/wp\/v2\/product\/242477","targetHints":{"allow":["GET"]}}],"collection":[{"href":"https:\/\/aromasentia.com\/de\/wp-json\/wp\/v2\/product"}],"about":[{"href":"https:\/\/aromasentia.com\/de\/wp-json\/wp\/v2\/types\/product"}],"replies":[{"embeddable":true,"href":"https:\/\/aromasentia.com\/de\/wp-json\/wp\/v2\/comments?post=242477"}],"version-history":[{"count":0,"href":"https:\/\/aromasentia.com\/de\/wp-json\/wp\/v2\/product\/242477\/revisions"}],"wp:featuredmedia":[{"embeddable":true,"href":"https:\/\/aromasentia.com\/de\/wp-json\/wp\/v2\/media\/268216"}],"wp:attachment":[{"href":"https:\/\/aromasentia.com\/de\/wp-json\/wp\/v2\/media?parent=242477"}],"wp:term":[{"taxonomy":"product_brand","embeddable":true,"href":"https:\/\/aromasentia.com\/de\/wp-json\/wp\/v2\/product_brand?post=242477"},{"taxonomy":"product_cat","embeddable":true,"href":"https:\/\/aromasentia.com\/de\/wp-json\/wp\/v2\/product_cat?post=242477"},{"taxonomy":"product_tag","embeddable":true,"href":"https:\/\/aromasentia.com\/de\/wp-json\/wp\/v2\/product_tag?post=242477"}],"curies":[{"name":"wp","href":"https:\/\/api.w.org\/{rel}","templated":true}]}}