{"id":242469,"date":"2025-03-20T15:14:41","date_gmt":"2025-03-20T15:14:41","guid":{"rendered":"https:\/\/aromasentia.com\/product\/chamomile-dilute-50ml-essential-oil\/"},"modified":"2025-12-30T20:40:41","modified_gmt":"2025-12-30T20:40:41","slug":"aetherisches-roemische-kamille-oel-verduennt-50ml","status":"publish","type":"product","link":"https:\/\/aromasentia.com\/de\/aetherisches-roemische-kamille-oel-verduennt-50ml\/","title":{"rendered":"\u00c4therisches R\u00f6mische Kamille-\u00d6l (verd\u00fcnnt) 50ml"},"content":{"rendered":"<p><strong>Lateinischer Name: Anthemis Nobilis<br \/>Verwendeter Pflanzenteil: Bl\u00fcten<br \/>Herkunft: England<br \/>Extraktionsmethode: Wasserdampfdestillation<\/strong><\/p>\n<p><strong>5%ige Verd\u00fcnnung in Traubenkern\u00f6l<\/strong><\/p>\n<p>R\u00f6mische Kamille liefert ein \u00e4therisches \u00d6l, das im frischen Zustand hellblau ist. Es kann aus der Bl\u00fcte und den oberen Teilen der Pflanze gewonnen werden. Es hat hervorragende beruhigende Eigenschaften und soll Reizungen und Ungeduld lindern sowie bei PMS und anderen Menstruations- und Wechseljahrsbeschwerden helfen. R\u00f6mische Kamille ist eine immergr\u00fcne Pflanze mit frischem Apfelduft und wird haupts\u00e4chlich in Frankreich, Belgien und Osteuropa angebaut.<\/p>\n<p>Dieses Kraut eignet sich hervorragend f\u00fcr Hautprobleme wie Akne, Ekzeme, Ausschl\u00e4ge, Wunden, Dermatitis, trockene\/juckende Haut und Allergien. Es soll gut gegen Bauchschmerzen, Gallenblasenprobleme und Halsentz\u00fcndungen sein und hilft bei Allergien, Heuschnupfen und Asthma. In verd\u00fcnnter L\u00f6sung beruhigt dieses \u00d6l Kinder mit Koliken, Reizbarkeit, Durchfall und Zahnungsbeschwerden. In einem Verdampfer lindert es Kopfschmerzen, nerv\u00f6se Beschwerden und Migr\u00e4ne. Obwohl dieses \u00d6l sanft genug f\u00fcr die Anwendung bei Kindern und Babys ist, sollten Sie vor der Verabreichung immer einen Experten konsultieren.<\/p>\n<p>Die medizinische Verwendung der Kamille reicht Jahrtausende zur\u00fcck bis zu den alten \u00c4gyptern, R\u00f6mern und Griechen. Kamillen\u00f6l wurde zum Einbalsamieren von Leichen verwendet. Hippokrates, der gro\u00dfe griechische Arzt, soll Kamille als pflanzliches Heilmittel verwendet haben. In der Mythologie ist Kamille eines der neun heiligen Kr\u00e4uter, die Wodan, der Gott der Unterwelt, den Sterblichen gab, um ihr Leben zu verbessern.<\/p>\n","protected":false},"excerpt":{"rendered":"<p>Lateinischer Name: Anthemis NobilisVerwendeter Pflanzenteil: Bl\u00fctenHerkunft: EnglandExtraktionsmethode: Wasserdampfdestillation 5%ige Verd\u00fcnnung in Traubenkern\u00f6l R\u00f6mische Kamille liefert ein \u00e4therisches \u00d6l, das im frischen Zustand hellblau ist. Es kann aus der Bl\u00fcte und den oberen Teilen der Pflanze gewonnen werden. Es hat hervorragende beruhigende Eigenschaften und soll Reizungen und Ungeduld lindern sowie bei PMS und anderen Menstruations- und [&hellip;]<\/p>\n","protected":false},"featured_media":268198,"comment_status":"closed","ping_status":"open","template":"","meta":{"_angie_page":false},"product_brand":[27090],"product_cat":[16455,23649,26833,25841,26130],"product_tag":[],"class_list":{"0":"post-242469","1":"product","2":"type-product","3":"status-publish","4":"has-post-thumbnail","6":"product_brand-ancient-wisdom","7":"product_cat-aromatherapie-und-raumdufte","8":"product_cat-atherische-ole","9":"product_cat-blumig","10":"product_cat-dufte-aromen","11":"product_cat-romische-kamille","12":"pa_collection-50ml-essential-oil-de","13":"pa_made-in-vereinigtes-koenigreich","14":"pa_size-50ml","16":"first","17":"instock","18":"purchasable","19":"product-type-simple"},"supplier_id":null,"supplier_sku":"PrEO-18","barcode":null,"atum_controlled":true,"out_stock_date":null,"out_stock_threshold":null,"inheritable":false,"inbound_stock":null,"stock_on_hold":0,"sold_today":0,"sales_last_days":0,"reserved_stock":null,"customer_returns":null,"warehouse_damage":null,"lost_in_post":null,"other_logs":null,"out_stock_days":0,"lost_sales":0,"has_location":null,"update_date":"2026-04-27T07:18:20","atum_locations":[],"atum_stock_status":"instock","restock_status":false,"low_stock_amount":"","sales_update_date":"2025-09-05T00:18:02","calc_backorders":null,"_links":{"self":[{"href":"https:\/\/aromasentia.com\/de\/wp-json\/wp\/v2\/product\/242469","targetHints":{"allow":["GET"]}}],"collection":[{"href":"https:\/\/aromasentia.com\/de\/wp-json\/wp\/v2\/product"}],"about":[{"href":"https:\/\/aromasentia.com\/de\/wp-json\/wp\/v2\/types\/product"}],"replies":[{"embeddable":true,"href":"https:\/\/aromasentia.com\/de\/wp-json\/wp\/v2\/comments?post=242469"}],"version-history":[{"count":0,"href":"https:\/\/aromasentia.com\/de\/wp-json\/wp\/v2\/product\/242469\/revisions"}],"wp:featuredmedia":[{"embeddable":true,"href":"https:\/\/aromasentia.com\/de\/wp-json\/wp\/v2\/media\/268198"}],"wp:attachment":[{"href":"https:\/\/aromasentia.com\/de\/wp-json\/wp\/v2\/media?parent=242469"}],"wp:term":[{"taxonomy":"product_brand","embeddable":true,"href":"https:\/\/aromasentia.com\/de\/wp-json\/wp\/v2\/product_brand?post=242469"},{"taxonomy":"product_cat","embeddable":true,"href":"https:\/\/aromasentia.com\/de\/wp-json\/wp\/v2\/product_cat?post=242469"},{"taxonomy":"product_tag","embeddable":true,"href":"https:\/\/aromasentia.com\/de\/wp-json\/wp\/v2\/product_tag?post=242469"}],"curies":[{"name":"wp","href":"https:\/\/api.w.org\/{rel}","templated":true}]}}