{"id":242465,"date":"2025-03-20T15:14:41","date_gmt":"2025-03-20T15:14:41","guid":{"rendered":"https:\/\/aromasentia.com\/product\/frankincense-dilute-50ml-essential-oil\/"},"modified":"2025-12-30T20:40:41","modified_gmt":"2025-12-30T20:40:41","slug":"aetherisches-weihrauchoel-verduennt-50ml","status":"publish","type":"product","link":"https:\/\/aromasentia.com\/de\/aetherisches-weihrauchoel-verduennt-50ml\/","title":{"rendered":"\u00c4therisches Weihrauch\u00f6l (verd\u00fcnnt) 50ml"},"content":{"rendered":"<p><strong>Lateinischer Name: Boswellia carterii<br \/>Verwendeter Pflanzenteil: Harz<br \/>Herkunft: Somalia<br \/>Extraktionsmethode: Wasserdampfdestillation<\/strong><\/p>\n<p><strong>5%ige Verd\u00fcnnung in Traubenkern\u00f6l<\/strong><\/p>\n<p><strong>\u00c4therisches Weihrauch\u00f6l<\/strong> wird aus dem Harz des Boswellia carterii-Baums aus der Familie der Burseraceae dampfdestilliert und ist auch als Olibanum bekannt. Das Wort leitet sich vom franz\u00f6sischen Franc ab, was \u201e\u00fcppig\u201c bedeutet, und war neben Myrrhe das erste Harz, das als R\u00e4ucherwerk verwendet wurde. Der Baum ist im Nahen Osten heimisch und soll in diesem ausged\u00f6rrten Land in nat\u00fcrlicher Bonsai-Formation wachsen. Weihrauch gilt als Symbol der G\u00f6ttlichkeit.<\/p>\n<p>Dieses \u00d6l ist aufgrund seiner beruhigenden Eigenschaften in der Aromatherapie am beliebtesten. Es soll die Wundheilung f\u00f6rdern und Narbenbildung vorbeugen. Es wird in Kosmetikprodukten verwendet, um das Gesicht zu straffen, Falten zu entfernen und Dehnungsstreifen vorzubeugen. \u00c4therisches Weihrauch\u00f6l wird verwendet, um Angstzust\u00e4nde, Stress, Asthma, Bronchitis, Kehlkopfentz\u00fcndung und starken Husten zu lindern. Es ist ein allgemeines St\u00e4rkungsmittel f\u00fcr die Geb\u00e4rmutter, hat eine beruhigende Wirkung w\u00e4hrend der Wehen und hilft bei starker Menstruation. Es ist besonders n\u00fctzlich w\u00e4hrend der Meditation. W\u00e4hrend der Schwangerschaft vermeiden.<\/p>\n<p>Die alten \u00c4gypter verbrannten Weihrauch als heiliges R\u00e4ucherwerk und verwendeten ihn als Gesichtsmaske. Sie zermahlen das gebrannte Harz zu einem Pulver namens Kajal, mit dem die Augen hervorgehoben wurden. Mit Kajal umrandete Augen sind in der \u00e4gyptischen Kunst h\u00e4ufig zu sehen. Der fr\u00fcheste Hinweis auf die Verwendung von Weihrauch findet sich in einer Grabinschrift der \u00e4gyptischen K\u00f6nigin Hatschepsut aus dem 15. Jahrhundert v. Chr.<\/p>\n","protected":false},"excerpt":{"rendered":"<p>Lateinischer Name: Boswellia carteriiVerwendeter Pflanzenteil: HarzHerkunft: SomaliaExtraktionsmethode: Wasserdampfdestillation 5%ige Verd\u00fcnnung in Traubenkern\u00f6l \u00c4therisches Weihrauch\u00f6l wird aus dem Harz des Boswellia carterii-Baums aus der Familie der Burseraceae dampfdestilliert und ist auch als Olibanum bekannt. Das Wort leitet sich vom franz\u00f6sischen Franc ab, was \u201e\u00fcppig\u201c bedeutet, und war neben Myrrhe das erste Harz, das als R\u00e4ucherwerk verwendet [&hellip;]<\/p>\n","protected":false},"featured_media":268189,"comment_status":"closed","ping_status":"open","template":"","meta":{"_angie_page":false},"product_brand":[27090],"product_cat":[16455,23649,25841,26882,26200],"product_tag":[],"class_list":{"0":"post-242465","1":"product","2":"type-product","3":"status-publish","4":"has-post-thumbnail","6":"product_brand-ancient-wisdom","7":"product_cat-aromatherapie-und-raumdufte","8":"product_cat-atherische-ole","9":"product_cat-dufte-aromen","10":"product_cat-harzig-balsamisch","11":"product_cat-ingwer","12":"pa_collection-50ml-essential-oil-de","13":"pa_made-in-somalia","14":"pa_size-50ml","16":"first","17":"instock","18":"purchasable","19":"product-type-simple"},"supplier_id":null,"supplier_sku":"PrEO-17","barcode":null,"atum_controlled":true,"out_stock_date":null,"out_stock_threshold":null,"inheritable":false,"inbound_stock":null,"stock_on_hold":0,"sold_today":0,"sales_last_days":0,"reserved_stock":null,"customer_returns":null,"warehouse_damage":null,"lost_in_post":null,"other_logs":null,"out_stock_days":0,"lost_sales":0,"has_location":null,"update_date":"2026-04-27T07:18:20","atum_locations":[],"atum_stock_status":"instock","restock_status":false,"low_stock_amount":"","sales_update_date":"2025-09-05T00:18:02","calc_backorders":null,"_links":{"self":[{"href":"https:\/\/aromasentia.com\/de\/wp-json\/wp\/v2\/product\/242465","targetHints":{"allow":["GET"]}}],"collection":[{"href":"https:\/\/aromasentia.com\/de\/wp-json\/wp\/v2\/product"}],"about":[{"href":"https:\/\/aromasentia.com\/de\/wp-json\/wp\/v2\/types\/product"}],"replies":[{"embeddable":true,"href":"https:\/\/aromasentia.com\/de\/wp-json\/wp\/v2\/comments?post=242465"}],"version-history":[{"count":0,"href":"https:\/\/aromasentia.com\/de\/wp-json\/wp\/v2\/product\/242465\/revisions"}],"wp:featuredmedia":[{"embeddable":true,"href":"https:\/\/aromasentia.com\/de\/wp-json\/wp\/v2\/media\/268189"}],"wp:attachment":[{"href":"https:\/\/aromasentia.com\/de\/wp-json\/wp\/v2\/media?parent=242465"}],"wp:term":[{"taxonomy":"product_brand","embeddable":true,"href":"https:\/\/aromasentia.com\/de\/wp-json\/wp\/v2\/product_brand?post=242465"},{"taxonomy":"product_cat","embeddable":true,"href":"https:\/\/aromasentia.com\/de\/wp-json\/wp\/v2\/product_cat?post=242465"},{"taxonomy":"product_tag","embeddable":true,"href":"https:\/\/aromasentia.com\/de\/wp-json\/wp\/v2\/product_tag?post=242465"}],"curies":[{"name":"wp","href":"https:\/\/api.w.org\/{rel}","templated":true}]}}