{"id":242457,"date":"2025-03-20T15:14:41","date_gmt":"2025-03-20T15:14:41","guid":{"rendered":"https:\/\/aromasentia.com\/product\/blackpepper-50ml-essential-oil\/"},"modified":"2025-12-30T20:40:41","modified_gmt":"2025-12-30T20:40:41","slug":"aetherisches-schwarzer-pfeffer-oel-50ml","status":"publish","type":"product","link":"https:\/\/aromasentia.com\/de\/aetherisches-schwarzer-pfeffer-oel-50ml\/","title":{"rendered":"\u00c4therisches Schwarzer Pfeffer-\u00d6l 50ml"},"content":{"rendered":"<p><strong>Lateinischer Name: Piper Nigrum<br \/>Verwendeter Pflanzenteil: Pfefferk\u00f6rner<br \/>Herkunft: Indien<br \/>Extraktionsmethode: Wasserdampfdestillation<\/strong><\/p>\n<p><strong>\u00c4therisches Schwarzer Pfeffer\u00f6l<\/strong> ist ein Mehrzweck\u00f6l mit vielf\u00e4ltigen Anwendungsm\u00f6glichkeiten und Vorteilen. Es ist reich an Monoterpenen und Sesquiterpenen, nat\u00fcrlichen Chemikalien, die f\u00fcr ihre antioxidative Wirkung und ihre F\u00e4higkeit, das Immunsystem bei Bedarf zu unterst\u00fctzen, bekannt sind. Eine der einzigartigen Eigenschaften von Schwarzem Pfeffer\u00f6l ist seine F\u00e4higkeit, bei \u00e4u\u00dferlicher Anwendung ein warmes Gef\u00fchl zu erzeugen. Dadurch eignet es sich perfekt f\u00fcr eine entspannende Massagemischung.<\/p>\n<p>Suchen Sie nach einer guten M\u00f6glichkeit, Ihre Nerven zu beruhigen? Schwarzer Pfeffer\u00f6l ist ein hervorragendes Mittel gegen Angstgef\u00fchle. Aromatisch angewendet kann Schwarzer Pfeffer\u00f6l helfen, angespannte Emotionen zu lindern.<\/p>\n","protected":false},"excerpt":{"rendered":"<p>Lateinischer Name: Piper NigrumVerwendeter Pflanzenteil: Pfefferk\u00f6rnerHerkunft: IndienExtraktionsmethode: Wasserdampfdestillation \u00c4therisches Schwarzer Pfeffer\u00f6l ist ein Mehrzweck\u00f6l mit vielf\u00e4ltigen Anwendungsm\u00f6glichkeiten und Vorteilen. Es ist reich an Monoterpenen und Sesquiterpenen, nat\u00fcrlichen Chemikalien, die f\u00fcr ihre antioxidative Wirkung und ihre F\u00e4higkeit, das Immunsystem bei Bedarf zu unterst\u00fctzen, bekannt sind. Eine der einzigartigen Eigenschaften von Schwarzem Pfeffer\u00f6l ist seine F\u00e4higkeit, bei [&hellip;]<\/p>\n","protected":false},"featured_media":268171,"comment_status":"closed","ping_status":"open","template":"","meta":{"_angie_page":false},"product_brand":[27090],"product_cat":[16455,23649,25841,26107,26889],"product_tag":[],"class_list":{"0":"post-242457","1":"product","2":"type-product","3":"status-publish","4":"has-post-thumbnail","6":"product_brand-ancient-wisdom","7":"product_cat-aromatherapie-und-raumdufte","8":"product_cat-atherische-ole","9":"product_cat-dufte-aromen","10":"product_cat-schwarzer-pfeffer","11":"product_cat-wurzig","12":"pa_collection-50ml-essential-oil-de","13":"pa_made-in-indien","14":"pa_size-50ml","16":"first","17":"instock","18":"purchasable","19":"product-type-simple"},"supplier_id":null,"supplier_sku":"PrEO-15","barcode":null,"atum_controlled":true,"out_stock_date":null,"out_stock_threshold":null,"inheritable":false,"inbound_stock":null,"stock_on_hold":0,"sold_today":0,"sales_last_days":0,"reserved_stock":null,"customer_returns":null,"warehouse_damage":null,"lost_in_post":null,"other_logs":null,"out_stock_days":0,"lost_sales":0,"has_location":null,"update_date":"2026-04-29T01:07:01","atum_locations":[],"atum_stock_status":"instock","restock_status":false,"low_stock_amount":"","sales_update_date":"2025-09-05T00:18:00","calc_backorders":null,"_links":{"self":[{"href":"https:\/\/aromasentia.com\/de\/wp-json\/wp\/v2\/product\/242457","targetHints":{"allow":["GET"]}}],"collection":[{"href":"https:\/\/aromasentia.com\/de\/wp-json\/wp\/v2\/product"}],"about":[{"href":"https:\/\/aromasentia.com\/de\/wp-json\/wp\/v2\/types\/product"}],"replies":[{"embeddable":true,"href":"https:\/\/aromasentia.com\/de\/wp-json\/wp\/v2\/comments?post=242457"}],"version-history":[{"count":0,"href":"https:\/\/aromasentia.com\/de\/wp-json\/wp\/v2\/product\/242457\/revisions"}],"wp:featuredmedia":[{"embeddable":true,"href":"https:\/\/aromasentia.com\/de\/wp-json\/wp\/v2\/media\/268171"}],"wp:attachment":[{"href":"https:\/\/aromasentia.com\/de\/wp-json\/wp\/v2\/media?parent=242457"}],"wp:term":[{"taxonomy":"product_brand","embeddable":true,"href":"https:\/\/aromasentia.com\/de\/wp-json\/wp\/v2\/product_brand?post=242457"},{"taxonomy":"product_cat","embeddable":true,"href":"https:\/\/aromasentia.com\/de\/wp-json\/wp\/v2\/product_cat?post=242457"},{"taxonomy":"product_tag","embeddable":true,"href":"https:\/\/aromasentia.com\/de\/wp-json\/wp\/v2\/product_tag?post=242457"}],"curies":[{"name":"wp","href":"https:\/\/api.w.org\/{rel}","templated":true}]}}