{"id":242453,"date":"2025-03-20T15:14:41","date_gmt":"2025-03-20T15:14:41","guid":{"rendered":"https:\/\/aromasentia.com\/product\/bergamot-fcf-50ml-essential-oil\/"},"modified":"2025-12-30T20:40:41","modified_gmt":"2025-12-30T20:40:41","slug":"aetherisches-bergamotte-oel-50ml","status":"publish","type":"product","link":"https:\/\/aromasentia.com\/de\/aetherisches-bergamotte-oel-50ml\/","title":{"rendered":"\u00c4therisches Bergamotte-\u00d6l 50ml"},"content":{"rendered":"<p><strong>Lateinischer Name: Citrus Bergamia<br \/>Verwendeter Pflanzenteil: Fruchtschale<br \/>Herkunft: Elfenbeink\u00fcste<br \/>Extraktionsmethode: Kaltpressung<\/strong><\/p>\n<p>Das \u00e4therische Bergamotte\u00f6l wird durch Pressen aus den reifen und unreifen Fr\u00fcchten des Bergamotte-Orangenbaums gewonnen. Dieses \u00e4therische \u00d6l, das zitronig und dennoch s\u00fc\u00df duftet, erzeugt ein entspanntes und gl\u00fcckliches Gef\u00fchl. Es ist n\u00fctzlich bei der Behandlung von Harnwegsinfektionen und Hautproblemen und st\u00e4rkt die Funktionen von Leber, Milz und Magen.<\/p>\n<p><strong>\u00c4therisches Bergamotte\u00f6l<\/strong> wird in der Aromatherapie zur Behandlung von Depressionen, Stress, Anspannung, geringem Selbstvertrauen, Angst und Hysterie verwendet. Es ist n\u00fctzlich bei der Heilung von Hautinfektionen wie allgemeinen Wunden, Schuppenflechte, Fieberbl\u00e4schen und Ekzemen. Dieses \u00d6l soll Menschen helfen, die an saisonal abh\u00e4ngiger Depression (SAD), pr\u00e4menstruellem Syndrom (PMS), Esssucht, postnataler Depression, Erk\u00e4ltungen und Grippe leiden. Bergamotte\u00f6l ist ein beliebtes \u00d6l in der Aromatherapie und wird in Verdampfern, Massageger\u00e4ten und als Badezusatz verwendet. Experten raten zur Vorsicht bei der Anwendung dieses \u00d6ls auf empfindlicher Haut, wenn es nach der Anwendung Sonnenlicht ausgesetzt wird, da dies zu Verbrennungen f\u00fchren kann. Vermeiden Sie die Sonne, wenn das \u00d6l auf der Haut angewendet wurde.<\/p>\n<p>Es wird seit langem in der Parf\u00fcm- und Lebensmittelindustrie (Earl-Grey-Tee) verwendet. W\u00e4hrend man erst vor Kurzem begann, \u00e4therisches \u00d6l zu gewinnen, werden die Frucht, ihr Essenz und ihr Geschmack bereits seit Hunderten von Jahren in der traditionellen Medizin verwendet.<\/p>\n","protected":false},"excerpt":{"rendered":"<p>Lateinischer Name: Citrus BergamiaVerwendeter Pflanzenteil: FruchtschaleHerkunft: Elfenbeink\u00fcsteExtraktionsmethode: Kaltpressung Das \u00e4therische Bergamotte\u00f6l wird durch Pressen aus den reifen und unreifen Fr\u00fcchten des Bergamotte-Orangenbaums gewonnen. Dieses \u00e4therische \u00d6l, das zitronig und dennoch s\u00fc\u00df duftet, erzeugt ein entspanntes und gl\u00fcckliches Gef\u00fchl. Es ist n\u00fctzlich bei der Behandlung von Harnwegsinfektionen und Hautproblemen und st\u00e4rkt die Funktionen von Leber, Milz [&hellip;]<\/p>\n","protected":false},"featured_media":268154,"comment_status":"closed","ping_status":"open","template":"","meta":{"_angie_page":false},"product_brand":[27090],"product_cat":[16455,23649,26105,25841,26819],"product_tag":[],"class_list":{"0":"post-242453","1":"product","2":"type-product","3":"status-publish","4":"has-post-thumbnail","6":"product_brand-ancient-wisdom","7":"product_cat-aromatherapie-und-raumdufte","8":"product_cat-atherische-ole","9":"product_cat-bergamotte","10":"product_cat-dufte-aromen","11":"product_cat-zitrus","12":"pa_collection-50ml-essential-oil-de","13":"pa_made-in-italien","14":"pa_size-50ml","16":"first","17":"instock","18":"purchasable","19":"product-type-simple"},"supplier_id":null,"supplier_sku":"PrEO-14","barcode":null,"atum_controlled":true,"out_stock_date":null,"out_stock_threshold":null,"inheritable":false,"inbound_stock":0,"stock_on_hold":0,"sold_today":0,"sales_last_days":0,"reserved_stock":0,"customer_returns":0,"warehouse_damage":0,"lost_in_post":0,"other_logs":0,"out_stock_days":0,"lost_sales":0,"has_location":false,"update_date":"2026-05-08T05:16:51","atum_locations":[],"atum_stock_status":"instock","restock_status":false,"low_stock_amount":"","sales_update_date":"2026-01-30T01:26:15","calc_backorders":null,"_links":{"self":[{"href":"https:\/\/aromasentia.com\/de\/wp-json\/wp\/v2\/product\/242453","targetHints":{"allow":["GET"]}}],"collection":[{"href":"https:\/\/aromasentia.com\/de\/wp-json\/wp\/v2\/product"}],"about":[{"href":"https:\/\/aromasentia.com\/de\/wp-json\/wp\/v2\/types\/product"}],"replies":[{"embeddable":true,"href":"https:\/\/aromasentia.com\/de\/wp-json\/wp\/v2\/comments?post=242453"}],"version-history":[{"count":0,"href":"https:\/\/aromasentia.com\/de\/wp-json\/wp\/v2\/product\/242453\/revisions"}],"wp:featuredmedia":[{"embeddable":true,"href":"https:\/\/aromasentia.com\/de\/wp-json\/wp\/v2\/media\/268154"}],"wp:attachment":[{"href":"https:\/\/aromasentia.com\/de\/wp-json\/wp\/v2\/media?parent=242453"}],"wp:term":[{"taxonomy":"product_brand","embeddable":true,"href":"https:\/\/aromasentia.com\/de\/wp-json\/wp\/v2\/product_brand?post=242453"},{"taxonomy":"product_cat","embeddable":true,"href":"https:\/\/aromasentia.com\/de\/wp-json\/wp\/v2\/product_cat?post=242453"},{"taxonomy":"product_tag","embeddable":true,"href":"https:\/\/aromasentia.com\/de\/wp-json\/wp\/v2\/product_tag?post=242453"}],"curies":[{"name":"wp","href":"https:\/\/api.w.org\/{rel}","templated":true}]}}