{"id":242445,"date":"2025-03-20T15:15:03","date_gmt":"2025-03-20T15:15:03","guid":{"rendered":"https:\/\/aromasentia.com\/product\/myrrh-50ml-essential-oil\/"},"modified":"2025-12-30T20:40:41","modified_gmt":"2025-12-30T20:40:41","slug":"aetherisches-myrreoel-50ml","status":"publish","type":"product","link":"https:\/\/aromasentia.com\/de\/aetherisches-myrreoel-50ml\/","title":{"rendered":"\u00c4therisches Myrre\u00f6l 50ml"},"content":{"rendered":"<p><strong>Lateinischer Name: Commiphora Myrrha<br \/>Verwendeter Pflanzenteil: Harz<br \/>Herkunft: Somalia<br \/>Extraktionsmethode: Wasserdampfdestillation<\/strong><\/p>\n<p>Myrrhe wird seit der Antike als Parf\u00fcm und Weihrauch f\u00fcr medizinische und sakrale Zwecke verwendet. <strong>\u00c4therisches Myrrhe\u00f6l<\/strong> ist ein fester Bestandteil der Aromatherapie und soll Husten und Erk\u00e4ltungen lindern, Verdauungsbeschwerden lindern und die Immunit\u00e4t st\u00e4rken.<\/p>\n<p>Bei der Verwendung in der Aromatherapie soll Myrrhe bei der Behandlung oder Vorbeugung folgender gesundheitlicher Probleme helfen: Erk\u00e4ltungen, Husten, Schlaflosigkeit oder Halsschmerzen.<\/p>\n<p>Dar\u00fcber hinaus soll \u00e4therisches Myrrhe\u00f6l entz\u00fcndungshemmend, immunstimulierend, schmerzlindernd und wundheilend wirken.<\/p>\n<p>Manchmal als Zutat in Hautpflegeprodukten verwendet, soll \u00e4therisches Myrrhe\u00f6l auch die Entstehung von Falten reduzieren.<\/p>\n","protected":false},"excerpt":{"rendered":"<p>Lateinischer Name: Commiphora MyrrhaVerwendeter Pflanzenteil: HarzHerkunft: SomaliaExtraktionsmethode: Wasserdampfdestillation Myrrhe wird seit der Antike als Parf\u00fcm und Weihrauch f\u00fcr medizinische und sakrale Zwecke verwendet. \u00c4therisches Myrrhe\u00f6l ist ein fester Bestandteil der Aromatherapie und soll Husten und Erk\u00e4ltungen lindern, Verdauungsbeschwerden lindern und die Immunit\u00e4t st\u00e4rken. Bei der Verwendung in der Aromatherapie soll Myrrhe bei der Behandlung oder [&hellip;]<\/p>\n","protected":false},"featured_media":268378,"comment_status":"closed","ping_status":"open","template":"","meta":{"_angie_page":false},"product_brand":[27090],"product_cat":[16455,23649,25841,26882,26284],"product_tag":[],"class_list":{"0":"post-242445","1":"product","2":"type-product","3":"status-publish","4":"has-post-thumbnail","6":"product_brand-ancient-wisdom","7":"product_cat-aromatherapie-und-raumdufte","8":"product_cat-atherische-ole","9":"product_cat-dufte-aromen","10":"product_cat-harzig-balsamisch","11":"product_cat-myrrh","12":"pa_collection-50ml-essential-oil-de","13":"pa_made-in-somalia","14":"pa_size-50ml","16":"first","17":"instock","18":"purchasable","19":"product-type-simple"},"supplier_id":null,"supplier_sku":"PrEO-40","barcode":null,"atum_controlled":true,"out_stock_date":null,"out_stock_threshold":null,"inheritable":false,"inbound_stock":0,"stock_on_hold":0,"sold_today":0,"sales_last_days":0,"reserved_stock":0,"customer_returns":0,"warehouse_damage":0,"lost_in_post":0,"other_logs":0,"out_stock_days":0,"lost_sales":0,"has_location":false,"update_date":"2026-04-27T07:18:25","atum_locations":[],"atum_stock_status":"instock","restock_status":false,"low_stock_amount":"","sales_update_date":"2026-01-30T01:24:54","calc_backorders":null,"_links":{"self":[{"href":"https:\/\/aromasentia.com\/de\/wp-json\/wp\/v2\/product\/242445","targetHints":{"allow":["GET"]}}],"collection":[{"href":"https:\/\/aromasentia.com\/de\/wp-json\/wp\/v2\/product"}],"about":[{"href":"https:\/\/aromasentia.com\/de\/wp-json\/wp\/v2\/types\/product"}],"replies":[{"embeddable":true,"href":"https:\/\/aromasentia.com\/de\/wp-json\/wp\/v2\/comments?post=242445"}],"version-history":[{"count":0,"href":"https:\/\/aromasentia.com\/de\/wp-json\/wp\/v2\/product\/242445\/revisions"}],"wp:featuredmedia":[{"embeddable":true,"href":"https:\/\/aromasentia.com\/de\/wp-json\/wp\/v2\/media\/268378"}],"wp:attachment":[{"href":"https:\/\/aromasentia.com\/de\/wp-json\/wp\/v2\/media?parent=242445"}],"wp:term":[{"taxonomy":"product_brand","embeddable":true,"href":"https:\/\/aromasentia.com\/de\/wp-json\/wp\/v2\/product_brand?post=242445"},{"taxonomy":"product_cat","embeddable":true,"href":"https:\/\/aromasentia.com\/de\/wp-json\/wp\/v2\/product_cat?post=242445"},{"taxonomy":"product_tag","embeddable":true,"href":"https:\/\/aromasentia.com\/de\/wp-json\/wp\/v2\/product_tag?post=242445"}],"curies":[{"name":"wp","href":"https:\/\/api.w.org\/{rel}","templated":true}]}}