{"id":242429,"date":"2025-03-20T15:15:03","date_gmt":"2025-03-20T15:15:03","guid":{"rendered":"https:\/\/aromasentia.com\/product\/orange-50ml-essential-oil\/"},"modified":"2025-12-30T20:40:33","modified_gmt":"2025-12-30T20:40:33","slug":"aetherisches-orangenoel-50ml","status":"publish","type":"product","link":"https:\/\/aromasentia.com\/de\/aetherisches-orangenoel-50ml\/","title":{"rendered":"\u00c4therisches Orangen\u00f6l 50ml"},"content":{"rendered":"<p><strong>Lateinischer Name: Citrus Sinensis<br \/>Verwendeter Pflanzenteil: Fruchtschale<br \/>Herkunft: Brasilien<br \/>Extraktionsmethode: Kaltpressung<\/strong><\/p>\n<p>Die F\u00e4higkeit von Orangen\u00f6l, das Immunsystem auf nat\u00fcrliche Weise zu st\u00e4rken und verschiedene Symptome zahlreicher Beschwerden zu lindern, hat es zu traditionellen medizinischen Anwendungen zur Behandlung von Akne, chronischem Stress und anderen gesundheitlichen Problemen gef\u00fchrt.<\/p>\n<p>In der Aromatherapie verwendet, hat der angenehme Duft von \u00e4therischem Orangen\u00f6l eine fr\u00f6hliche und erhebende, aber gleichzeitig entspannende und beruhigende Wirkung, die hilft, die Pulsfrequenz zu senken. Es kann nicht nur eine warme Umgebung schaffen, sondern auch die St\u00e4rke und Widerstandsf\u00e4higkeit des Immunsystems st\u00e4rken und luftgetragene Bakterien beseitigen.<\/p>\n<p>Bei einer Massage angewendet, f\u00f6rdert <strong>\u00e4therisches Orangen\u00f6l<\/strong> nachweislich die Durchblutung. Dies lindert Beschwerden im Zusammenhang mit Entz\u00fcndungen, Kopfschmerzen, Menstruation und geringer Libido.<\/p>\n<p>\u00c4therisches Orangen\u00f6l reduziert schmerzhafte und reflexartige Muskelkontraktionen. Es wird traditionell bei Massagen verwendet, um Stress, Bauchschmerzen, Durchfall, Verstopfung, Verdauungsst\u00f6rungen oder Verdauungsst\u00f6rungen sowie eine verstopfte Nase zu lindern.<\/p>\n","protected":false},"excerpt":{"rendered":"<p>Lateinischer Name: Citrus SinensisVerwendeter Pflanzenteil: FruchtschaleHerkunft: BrasilienExtraktionsmethode: Kaltpressung Die F\u00e4higkeit von Orangen\u00f6l, das Immunsystem auf nat\u00fcrliche Weise zu st\u00e4rken und verschiedene Symptome zahlreicher Beschwerden zu lindern, hat es zu traditionellen medizinischen Anwendungen zur Behandlung von Akne, chronischem Stress und anderen gesundheitlichen Problemen gef\u00fchrt. In der Aromatherapie verwendet, hat der angenehme Duft von \u00e4therischem Orangen\u00f6l eine [&hellip;]<\/p>\n","protected":false},"featured_media":268342,"comment_status":"closed","ping_status":"open","template":"","meta":{"_angie_page":false},"product_brand":[27090],"product_cat":[16455,23649,25841,26308,26819],"product_tag":[],"class_list":{"0":"post-242429","1":"product","2":"type-product","3":"status-publish","4":"has-post-thumbnail","6":"product_brand-ancient-wisdom","7":"product_cat-aromatherapie-und-raumdufte","8":"product_cat-atherische-ole","9":"product_cat-dufte-aromen","10":"product_cat-orange","11":"product_cat-zitrus","12":"pa_collection-50ml-essential-oil-de","13":"pa_made-in-brasilien","14":"pa_size-50ml","16":"first","17":"instock","18":"purchasable","19":"product-type-simple"},"supplier_id":null,"supplier_sku":"PrEO-35","barcode":null,"atum_controlled":true,"out_stock_date":null,"out_stock_threshold":null,"inheritable":false,"inbound_stock":null,"stock_on_hold":0,"sold_today":0,"sales_last_days":0,"reserved_stock":null,"customer_returns":null,"warehouse_damage":null,"lost_in_post":null,"other_logs":null,"out_stock_days":0,"lost_sales":0,"has_location":null,"update_date":"2026-04-27T07:18:25","atum_locations":[],"atum_stock_status":"instock","restock_status":false,"low_stock_amount":"","sales_update_date":"2026-01-30T01:26:15","calc_backorders":null,"_links":{"self":[{"href":"https:\/\/aromasentia.com\/de\/wp-json\/wp\/v2\/product\/242429","targetHints":{"allow":["GET"]}}],"collection":[{"href":"https:\/\/aromasentia.com\/de\/wp-json\/wp\/v2\/product"}],"about":[{"href":"https:\/\/aromasentia.com\/de\/wp-json\/wp\/v2\/types\/product"}],"replies":[{"embeddable":true,"href":"https:\/\/aromasentia.com\/de\/wp-json\/wp\/v2\/comments?post=242429"}],"version-history":[{"count":0,"href":"https:\/\/aromasentia.com\/de\/wp-json\/wp\/v2\/product\/242429\/revisions"}],"wp:featuredmedia":[{"embeddable":true,"href":"https:\/\/aromasentia.com\/de\/wp-json\/wp\/v2\/media\/268342"}],"wp:attachment":[{"href":"https:\/\/aromasentia.com\/de\/wp-json\/wp\/v2\/media?parent=242429"}],"wp:term":[{"taxonomy":"product_brand","embeddable":true,"href":"https:\/\/aromasentia.com\/de\/wp-json\/wp\/v2\/product_brand?post=242429"},{"taxonomy":"product_cat","embeddable":true,"href":"https:\/\/aromasentia.com\/de\/wp-json\/wp\/v2\/product_cat?post=242429"},{"taxonomy":"product_tag","embeddable":true,"href":"https:\/\/aromasentia.com\/de\/wp-json\/wp\/v2\/product_tag?post=242429"}],"curies":[{"name":"wp","href":"https:\/\/api.w.org\/{rel}","templated":true}]}}