{"id":242421,"date":"2025-03-20T15:15:03","date_gmt":"2025-03-20T15:15:03","guid":{"rendered":"https:\/\/aromasentia.com\/product\/neroli-dilute-50ml-essential-oil\/"},"modified":"2025-12-30T20:40:33","modified_gmt":"2025-12-30T20:40:33","slug":"aetherisches-nerolioel-verduennt-50ml","status":"publish","type":"product","link":"https:\/\/aromasentia.com\/de\/aetherisches-nerolioel-verduennt-50ml\/","title":{"rendered":"\u00c4therisches Neroli\u00f6l (verd\u00fcnnt) 50ml"},"content":{"rendered":"<p><strong>Lateinischer Name: Citrus Aurantium<br \/>Verwendeter Pflanzenteil: Bl\u00fcte<br \/>Herkunft: Tunesien<br \/>Extraktionsmethode: Wasserdampfdestillation<\/strong><\/p>\n<p><strong>5%ige Verd\u00fcnnung in Traubenkern\u00f6l<\/strong><\/p>\n<p>Neroli\u00f6l wird aus den Bl\u00fcten des Bitterorangenbaums (Citrus aurantium var. amara), auch bekannt als Neroli bigarade, gewonnen und riecht \u00e4hnlich wie Bergamotte. Die Bl\u00fcten werden von Hand gepfl\u00fcckt und das \u00d6l durch Wasserdestillation hergestellt, da die Bl\u00fcten f\u00fcr die Wasserdampfdestillation zu empfindlich sind. Dies ist eines der beliebtesten \u00e4therischen \u00d6le aufgrund seines wunderbaren Duftes und seiner therapeutischen Eigenschaften.<\/p>\n<p><strong>\u00c4therisches Neroli\u00f6l<\/strong>ist sehr beruhigend und soll chronische Angstzust\u00e4nde, Depressionen, Angst, Depressionen, Schock und Stress lindern. Es wird auch angenommen, dass es Darmkr\u00e4mpfe, Kolitis und Durchfall beruhigt. Aufgrund seiner beruhigenden Wirkung hilft es bei Schlaflosigkeit sowie bei Herzklopfen, Neuralgien und Schwindel. Man kann es auch in einer Duftlampe im Zimmer eines Genesenden erhitzen. Auf der Haut soll Neroli\u00f6l die Regeneration der Hautzellen f\u00f6rdern und h\u00e4ssliche Narbenbildung verhindern, die Haut glatter machen sowie Dehnungsstreifen und geplatzte \u00c4derchen bek\u00e4mpfen.<\/p>\n<p>Neroli\u00f6l wurde vermutlich schon von den R\u00f6mern verwendet. Im Jahr 1680 parf\u00fcmierte Anna Maria Orsini, Prinzessin von Nerola, ihre Handschuhe und ihr Bad mit dem Duft des Bitterorangenbaums und kreierte so einen neuen, modischen Duft. Von da an wurde das \u00e4therische \u00d6l nach ihr Neroli genannt. Die Herstellung des \u00d6ls ist teuer und erfordert gro\u00dfe Sorgfalt, da die Bl\u00fcten direkt nach der Bl\u00fcte gepfl\u00fcckt werden m\u00fcssen.<\/p>\n","protected":false},"excerpt":{"rendered":"<p>Lateinischer Name: Citrus AurantiumVerwendeter Pflanzenteil: Bl\u00fcteHerkunft: TunesienExtraktionsmethode: Wasserdampfdestillation 5%ige Verd\u00fcnnung in Traubenkern\u00f6l Neroli\u00f6l wird aus den Bl\u00fcten des Bitterorangenbaums (Citrus aurantium var. amara), auch bekannt als Neroli bigarade, gewonnen und riecht \u00e4hnlich wie Bergamotte. Die Bl\u00fcten werden von Hand gepfl\u00fcckt und das \u00d6l durch Wasserdestillation hergestellt, da die Bl\u00fcten f\u00fcr die Wasserdampfdestillation zu empfindlich sind. [&hellip;]<\/p>\n","protected":false},"featured_media":268324,"comment_status":"closed","ping_status":"open","template":"","meta":{"_angie_page":false},"product_brand":[27090],"product_cat":[16455,23649,26833,25841,26294],"product_tag":[],"class_list":{"0":"post-242421","1":"product","2":"type-product","3":"status-publish","4":"has-post-thumbnail","6":"product_brand-ancient-wisdom","7":"product_cat-aromatherapie-und-raumdufte","8":"product_cat-atherische-ole","9":"product_cat-blumig","10":"product_cat-dufte-aromen","11":"product_cat-neroli","12":"pa_collection-50ml-essential-oil-de","13":"pa_made-in-tunesien","14":"pa_size-50ml","16":"first","17":"instock","18":"purchasable","19":"product-type-simple"},"supplier_id":null,"supplier_sku":"PrEO-32","barcode":null,"atum_controlled":true,"out_stock_date":null,"out_stock_threshold":null,"inheritable":false,"inbound_stock":null,"stock_on_hold":0,"sold_today":0,"sales_last_days":0,"reserved_stock":null,"customer_returns":null,"warehouse_damage":null,"lost_in_post":null,"other_logs":null,"out_stock_days":0,"lost_sales":0,"has_location":null,"update_date":"2026-04-27T07:18:25","atum_locations":[],"atum_stock_status":"instock","restock_status":false,"low_stock_amount":"","sales_update_date":"2026-02-06T00:02:21","calc_backorders":null,"_links":{"self":[{"href":"https:\/\/aromasentia.com\/de\/wp-json\/wp\/v2\/product\/242421","targetHints":{"allow":["GET"]}}],"collection":[{"href":"https:\/\/aromasentia.com\/de\/wp-json\/wp\/v2\/product"}],"about":[{"href":"https:\/\/aromasentia.com\/de\/wp-json\/wp\/v2\/types\/product"}],"replies":[{"embeddable":true,"href":"https:\/\/aromasentia.com\/de\/wp-json\/wp\/v2\/comments?post=242421"}],"version-history":[{"count":0,"href":"https:\/\/aromasentia.com\/de\/wp-json\/wp\/v2\/product\/242421\/revisions"}],"wp:featuredmedia":[{"embeddable":true,"href":"https:\/\/aromasentia.com\/de\/wp-json\/wp\/v2\/media\/268324"}],"wp:attachment":[{"href":"https:\/\/aromasentia.com\/de\/wp-json\/wp\/v2\/media?parent=242421"}],"wp:term":[{"taxonomy":"product_brand","embeddable":true,"href":"https:\/\/aromasentia.com\/de\/wp-json\/wp\/v2\/product_brand?post=242421"},{"taxonomy":"product_cat","embeddable":true,"href":"https:\/\/aromasentia.com\/de\/wp-json\/wp\/v2\/product_cat?post=242421"},{"taxonomy":"product_tag","embeddable":true,"href":"https:\/\/aromasentia.com\/de\/wp-json\/wp\/v2\/product_tag?post=242421"}],"curies":[{"name":"wp","href":"https:\/\/api.w.org\/{rel}","templated":true}]}}